{"id":105584,"date":"2020-02-20T20:20:23","date_gmt":"2020-02-20T19:20:23","guid":{"rendered":"https:\/\/cdiffprom.ch\/produit\/bedruckte-plexiglasschilder\/"},"modified":"2020-02-20T20:20:23","modified_gmt":"2020-02-20T19:20:23","slug":"bedruckte-plexiglasschilder","status":"publish","type":"product","link":"https:\/\/cdiffprom.ch\/de\/produit\/bedruckte-plexiglasschilder\/","title":{"rendered":"BEDRUCKTE PLEXIGLASSCHILDER"},"content":{"rendered":"<h3><span style=\"color: #800000;\"><strong>Bedruckte Plexiglasschilder<\/strong><\/span><\/h3>\n<p>Mit diesen bedruckten Plexiglasschildern haben Sie die M\u00f6glichkeit, Ihre Besucher und\/oder Kunden auf einfache Weise auf verschiedene Orte oder Anweisungen hinzuweisen.<\/p>\n<h4><span style=\"color: #800000;\"><strong>Merkmale :<\/strong><\/span><\/h4>\n<ul>\n<li>Format H 50 x B 170 mm<\/li>\n<li>2 mm dick<\/li>\n<li>doppelseitiges Klebeband auf der R\u00fcckseite<\/li>\n<\/ul>\n<p>Mit dem doppelseitigen Klebeband k\u00f6nnen Sie sie auf allen glatten Oberfl\u00e4chen anbringen. Achten Sie jedoch darauf, dass Sie die Fl\u00e4che, auf der Sie sie anbringen wollen, gr\u00fcndlich reinigen. <\/p>\n<h4><span style=\"color: #800000;\"><strong>Lieferbedingungen<\/strong><\/span><\/h4>\n<p>Alle unsere Produkte sind in der Regel innerhalb von 10 Tagen nach Eingang Ihrer Bestellung lieferbar. Bitte z\u00f6gern Sie nicht, uns zu kontaktieren. <a href=\"https:\/\/cdiffprom.ch\/elements\/contactez-nous\/\"><strong><span style=\"color: #800000;\">uns zu kontaktieren.<\/span><\/strong><\/a> Wenn Sie einen dringenderen Bedarf haben, k\u00f6nnen wir Ihnen immer eine schnellere L\u00f6sung anbieten. <\/p>\n<p>Wir w\u00e4hlen diese Frist, um unsere Transporte zu optimieren und so die nachhaltige Entwicklung zu respektieren. Dies ist f\u00fcr uns auch ein Mittel, um unsere Kosten zu senken, so dass Sie stets von niedrigen und fairen Preisen profitieren k\u00f6nnen. <\/p>\n<p>Einige Artikel k\u00f6nnen eine l\u00e4ngere Lieferzeit in Anspruch nehmen, da sie nicht auf Lager unseres Lieferanten sind. In diesem Fall werden Sie nach Eingang Ihrer Bestellung benachrichtigt. <\/p>\n<p>Wir liefern versandkostenfrei ab einem Bestellwert von CHF. 500.-. Unterhalb dieses Betrags wird eine Pauschale von CHF. 15,90 zu entrichten. <\/p>\n<p>Bei allen Online-Bestellungen f\u00fchren wir immer einen Telefonanruf durch, um sicherzustellen, dass Sie das richtige Produkt f\u00fcr Ihre Bed\u00fcrfnisse ausgew\u00e4hlt haben. So k\u00f6nnen Sie sicher sein, dass Sie die richtige Wahl treffen. <\/p>\n<p>&nbsp;<\/p>\n","protected":false},"excerpt":{"rendered":"<p>Ein Schild, das auf Orte oder Anweisungen hinweist. Bitte beachten Sie auch unsere <span style=\"color: #800000;\"><strong><a style=\"color: #800000;\" href=\"https:\/\/cdiffprom.ch\/produit\/pictogrammes-informatifs-alu-rond\/\">runde Piktogramme<\/a><\/strong><\/span> als Erg\u00e4nzung. <\/p>\n","protected":false},"featured_media":103898,"template":"","meta":{"slim_seo":{"title":"BEDRUCKTE PLEXIGLASSCHILDER - Suisse - C.Diff-Prom","description":"Ein Schild, das auf Orte oder Anweisungen hinweist. Bitte beachten Sie auch unsere runde Piktogramme als Erg\u00e4nzung."}},"product_brand":[],"product_cat":[6342,6355,6420,6421],"product_tag":[],"class_list":{"0":"post-105584","1":"product","2":"type-product","3":"status-publish","4":"has-post-thumbnail","6":"product_cat-anzeige","7":"product_cat-konferenz","8":"product_cat-turschilder-an-der-wand","9":"product_cat-turschilder-an-der-wand-de","11":"first","12":"instock","13":"taxable","14":"shipping-taxable","15":"purchasable","16":"product-type-variable"},"_links":{"self":[{"href":"https:\/\/cdiffprom.ch\/de\/wp-json\/wp\/v2\/product\/105584","targetHints":{"allow":["GET"]}}],"collection":[{"href":"https:\/\/cdiffprom.ch\/de\/wp-json\/wp\/v2\/product"}],"about":[{"href":"https:\/\/cdiffprom.ch\/de\/wp-json\/wp\/v2\/types\/product"}],"wp:featuredmedia":[{"embeddable":true,"href":"https:\/\/cdiffprom.ch\/de\/wp-json\/wp\/v2\/media\/103898"}],"wp:attachment":[{"href":"https:\/\/cdiffprom.ch\/de\/wp-json\/wp\/v2\/media?parent=105584"}],"wp:term":[{"taxonomy":"product_brand","embeddable":true,"href":"https:\/\/cdiffprom.ch\/de\/wp-json\/wp\/v2\/product_brand?post=105584"},{"taxonomy":"product_cat","embeddable":true,"href":"https:\/\/cdiffprom.ch\/de\/wp-json\/wp\/v2\/product_cat?post=105584"},{"taxonomy":"product_tag","embeddable":true,"href":"https:\/\/cdiffprom.ch\/de\/wp-json\/wp\/v2\/product_tag?post=105584"}],"curies":[{"name":"wp","href":"https:\/\/api.w.org\/{rel}","templated":true}]}}