{"id":105590,"date":"2020-02-17T16:32:52","date_gmt":"2020-02-17T15:32:52","guid":{"rendered":"https:\/\/cdiffprom.ch\/produit\/vertikale-schieferstaffelei\/"},"modified":"2020-02-17T16:32:52","modified_gmt":"2020-02-17T15:32:52","slug":"vertikale-schieferstaffelei","status":"publish","type":"product","link":"https:\/\/cdiffprom.ch\/de\/produit\/vertikale-schieferstaffelei\/","title":{"rendered":"VERTIKALE SCHIEFERSTAFFELEI"},"content":{"rendered":"<h3><strong><span style=\"color: #800000;\">Vertikale Schieferstaffelei<\/span><\/strong><\/h3>\n<p>Mit dieser vertikalen Schiefertafel f\u00fcr Tisch\/Theke k\u00f6nnen Sie Ihre verschiedenen Informationen leicht und gut lesbar markieren und\/oder beschriften.<\/p>\n<p>Dieser Visitenkartenhalter ist in 4 verschiedenen Gr\u00f6\u00dfen erh\u00e4ltlich und eignet sich zum Beispiel f\u00fcr :<\/p>\n<ul>\n<li>in Restaurants: zur Anzeige von Speisekarten, Tagesangeboten und Spezialit\u00e4ten<\/li>\n<li>in Friseur-\/Sch\u00f6nheitssalons: Angebote des Monats, Sonderaktionen und\/oder Pflegeideen<\/li>\n<li>Reiseb\u00fcros: verschiedene Werbeaktionen, Sonderangebote<\/li>\n<\/ul>\n<p>Da das Radieren mit Wasser erfolgt, k\u00f6nnen Sie Ihren Text leicht mit Hilfe von <span style=\"color: #800000;\"><strong><a style=\"color: #800000;\" href=\"https:\/\/cdiffprom.ch\/produit\/feutre-craie-blanc-et-couleurs\/\">mit den Kreidemarkern<\/a><\/strong><\/span>Diese sind nicht im Lieferumfang enthalten,<\/p>\n<p><strong><span style=\"color: #800000;\">Merkmale :<br \/>\n<\/span><\/strong><\/p>\n<ul>\n<li>Dicke des Schiefers: 3 mm<\/li>\n<li>Holzsockel, helle Buche<\/li>\n<li>Duplex<\/li>\n<\/ul>\n<p><strong><span style=\"color: #800000;\">Lieferbedingungen<\/span><\/strong><\/p>\n<p>Zu Ihrer Information: Nach Eingang Ihres Auftrags sind unsere Produkte innerhalb von etwa zehn Tagen lieferbar.<\/p>\n<p>Z\u00f6gern Sie nicht <u><a href=\"https:\/\/cdiffprom.ch\/elements\/contactez-nous\/\"><strong><span style=\"color: #800000;\">uns zu kontaktieren.<\/span><\/strong><\/a><\/u> Wenn Sie einen dringenderen Bedarf haben, k\u00f6nnen wir Ihnen immer eine schnellere L\u00f6sung anbieten.<\/p>\n<p>Wir sind auch gerne bereit, Ihnen Informationen \u00fcber Mengenrabatte zu geben.<\/p>\n<p>Einige Artikel k\u00f6nnen eine l\u00e4ngere Lieferzeit in Anspruch nehmen, da sie nicht auf Lager unseres Lieferanten sind. In diesem Fall werden Sie nach Eingang Ihrer Bestellung benachrichtigt. <\/p>\n<p>Wir liefern versandkostenfrei ab einem Bestellwert von CHF. 500.-. Unterhalb dieses Betrags wird eine Pauschale von CHF. 15,90 zu entrichten. <\/p>\n<p>Bei allen Online-Bestellungen f\u00fchren wir immer einen Telefonanruf durch, um sicherzustellen, dass Sie das richtige Produkt f\u00fcr Ihre Bed\u00fcrfnisse ausgew\u00e4hlt haben. So k\u00f6nnen Sie sicher sein, dass Sie die richtige Wahl treffen. <\/p>\n<p>&nbsp;<\/p>\n","protected":false},"excerpt":{"rendered":"<p>Ideal f\u00fcr die Gastronomie. Z\u00f6gern Sie nicht zu fragen. <span style=\"color: #800000;\"><strong><a style=\"color: #800000;\" href=\"https:\/\/cdiffprom.ch\/elements\/contactez-nous\/\">anzufragen.<\/a><\/strong><\/span> Wenn Sie gr\u00f6\u00dfere Mengen bestellen, fragen Sie nach unseren Rabatten. <\/p>\n<p>Werfen Sie auch einen Blick auf unsere <span style=\"color: #800000;\"><strong><a style=\"color: #800000;\" href=\"https:\/\/cdiffprom.ch\/produit\/chevalet-plexiglas-transparent\/\">Plexiglashalter<\/a><\/strong><\/span>Diese sind sehr einfach mit einem Blatt Papier im Inneren zu verwenden.<\/p>\n","protected":false},"featured_media":103890,"template":"","meta":{"slim_seo":{"title":"VERTIKALE SCHIEFERSTAFFELEI - Suisse - C.Diff-Prom","description":"Ideal f\u00fcr die Gastronomie. Z\u00f6gern Sie nicht zu fragen. anzufragen. Wenn Sie gr\u00f6\u00dfere Mengen bestellen, fragen Sie nach unseren Rabatten. Werfen Sie auch einen Bl"}},"product_brand":[],"product_cat":[6342,6344,15],"product_tag":[],"class_list":{"0":"post-105590","1":"product","2":"type-product","3":"status-publish","4":"has-post-thumbnail","6":"product_cat-anzeige","7":"product_cat-visitenkartenhalter-theken","8":"product_cat-nouveaute","10":"first","11":"instock","12":"taxable","13":"shipping-taxable","14":"purchasable","15":"product-type-variable"},"_links":{"self":[{"href":"https:\/\/cdiffprom.ch\/de\/wp-json\/wp\/v2\/product\/105590","targetHints":{"allow":["GET"]}}],"collection":[{"href":"https:\/\/cdiffprom.ch\/de\/wp-json\/wp\/v2\/product"}],"about":[{"href":"https:\/\/cdiffprom.ch\/de\/wp-json\/wp\/v2\/types\/product"}],"wp:featuredmedia":[{"embeddable":true,"href":"https:\/\/cdiffprom.ch\/de\/wp-json\/wp\/v2\/media\/103890"}],"wp:attachment":[{"href":"https:\/\/cdiffprom.ch\/de\/wp-json\/wp\/v2\/media?parent=105590"}],"wp:term":[{"taxonomy":"product_brand","embeddable":true,"href":"https:\/\/cdiffprom.ch\/de\/wp-json\/wp\/v2\/product_brand?post=105590"},{"taxonomy":"product_cat","embeddable":true,"href":"https:\/\/cdiffprom.ch\/de\/wp-json\/wp\/v2\/product_cat?post=105590"},{"taxonomy":"product_tag","embeddable":true,"href":"https:\/\/cdiffprom.ch\/de\/wp-json\/wp\/v2\/product_tag?post=105590"}],"curies":[{"name":"wp","href":"https:\/\/api.w.org\/{rel}","templated":true}]}}