{"id":105605,"date":"2020-02-17T17:00:44","date_gmt":"2020-02-17T16:00:44","guid":{"rendered":"https:\/\/cdiffprom.ch\/produit\/transparente-plexiglasstaffelei\/"},"modified":"2020-02-17T17:00:44","modified_gmt":"2020-02-17T16:00:44","slug":"transparente-plexiglasstaffelei","status":"publish","type":"product","link":"https:\/\/cdiffprom.ch\/de\/produit\/transparente-plexiglasstaffelei\/","title":{"rendered":"TRANSPARENTE PLEXIGLASSTAFFELEI"},"content":{"rendered":"<h3><span style=\"color: #800000;\"><strong>Transparente Plexiglasstaffelei<\/strong><\/span><\/h3>\n<p>Mit dieser vertikalen, transparenten Tisch-\/Thekenstaffelei aus Plexiglas k\u00f6nnen Sie Ihre Informationen leicht pr\u00e4sentieren.<\/p>\n<p>Dieser Visitenkartenhalter ist in 4 verschiedenen Gr\u00f6\u00dfen erh\u00e4ltlich und eignet sich zum Beispiel f\u00fcr :<\/p>\n<ul>\n<li>in Restaurants: zur Anzeige von Speisekarten, Tagesangeboten und Spezialit\u00e4ten<\/li>\n<li>in Friseur-\/Sch\u00f6nheitssalons: Angebote des Monats, Sonderaktionen und\/oder Pflegeideen<\/li>\n<li>Reiseb\u00fcros: verschiedene Werbeaktionen, Sonderangebote<\/li>\n<\/ul>\n<h4><span style=\"color: #800000;\"><strong>Merkmale :<\/strong><\/span><\/h4>\n<ul>\n<li>Transparentes Plexiglas, 2 mm dick<\/li>\n<li>Duplex<\/li>\n<li>Holzsockel, helle Buche<\/li>\n<\/ul>\n<p><span style=\"color: #800000;\"><strong>Lieferbedingungen<\/strong><\/span><\/p>\n<p>Zu Ihrer Information: Nach Eingang Ihres Auftrags sind unsere Produkte innerhalb von etwa zehn Tagen lieferbar.<\/p>\n<p>Z\u00f6gern Sie nicht <u><a href=\"https:\/\/cdiffprom.ch\/elements\/contactez-nous\/\"><span style=\"color: #800000;\"><strong>kontaktieren Sie uns bitte.<\/strong><\/span><\/a><\/u> Wenn Sie einen dringenderen Bedarf haben, haben wir immer eine schnellere L\u00f6sung f\u00fcr Sie und k\u00f6nnen Sie auch \u00fcber Rabatte bei Mengenbestellungen informieren.<\/p>\n<p>Einige Artikel k\u00f6nnen eine l\u00e4ngere Lieferzeit in Anspruch nehmen, da sie nicht auf Lager unseres Lieferanten sind. In diesem Fall werden Sie nach Eingang Ihrer Bestellung benachrichtigt. <\/p>\n<p>Wir liefern versandkostenfrei ab einem Bestellwert von CHF. 500.-. Unterhalb dieses Betrags wird eine Pauschale von CHF. 15,90 zu entrichten. <\/p>\n<p>Bei allen Online-Bestellungen f\u00fchren wir immer einen Telefonanruf durch, um sicherzustellen, dass Sie das richtige Produkt f\u00fcr Ihre Bed\u00fcrfnisse ausgew\u00e4hlt haben. So k\u00f6nnen Sie sicher sein, dass Sie die richtige Wahl treffen. <\/p>\n<p>&nbsp;<\/p>\n","protected":false},"excerpt":{"rendered":"<p>Ideal zum Aufstellen auf Tischen oder Theken. Bitte z\u00f6gern Sie nicht, uns zu kontaktieren. <span style=\"color: #800000;\"><strong><a style=\"color: #800000;\" href=\"https:\/\/cdiffprom.ch\/elements\/contactez-nous\/\">kontaktieren Sie uns bitte.<\/a><\/strong><\/span> f\u00fcr Mengenbestellungen. <\/p>\n<p>Sehen Sie sich auch unsere <span style=\"color: #800000;\"><strong><a style=\"color: #800000;\" href=\"https:\/\/cdiffprom.ch\/produit\/chevalet-ardoise-vertical\/\">Tischstaffelei aus Schiefer<\/a><\/strong><\/span>f\u00fcr Ihre t\u00e4glichen Angebote<\/p>\n","protected":false},"featured_media":103892,"template":"","meta":{"slim_seo":{"title":"TRANSPARENTE PLEXIGLASSTAFFELEI - Suisse - C.Diff-Prom","description":"Ideal zum Aufstellen auf Tischen oder Theken. Bitte z\u00f6gern Sie nicht, uns zu kontaktieren. kontaktieren Sie uns bitte. f\u00fcr Mengenbestellungen. Sehen Sie sich au"}},"product_brand":[],"product_cat":[6342,6344,15],"product_tag":[],"class_list":{"0":"post-105605","1":"product","2":"type-product","3":"status-publish","4":"has-post-thumbnail","6":"product_cat-anzeige","7":"product_cat-visitenkartenhalter-theken","8":"product_cat-nouveaute","10":"first","11":"instock","12":"taxable","13":"shipping-taxable","14":"purchasable","15":"product-type-variable"},"_links":{"self":[{"href":"https:\/\/cdiffprom.ch\/de\/wp-json\/wp\/v2\/product\/105605","targetHints":{"allow":["GET"]}}],"collection":[{"href":"https:\/\/cdiffprom.ch\/de\/wp-json\/wp\/v2\/product"}],"about":[{"href":"https:\/\/cdiffprom.ch\/de\/wp-json\/wp\/v2\/types\/product"}],"wp:featuredmedia":[{"embeddable":true,"href":"https:\/\/cdiffprom.ch\/de\/wp-json\/wp\/v2\/media\/103892"}],"wp:attachment":[{"href":"https:\/\/cdiffprom.ch\/de\/wp-json\/wp\/v2\/media?parent=105605"}],"wp:term":[{"taxonomy":"product_brand","embeddable":true,"href":"https:\/\/cdiffprom.ch\/de\/wp-json\/wp\/v2\/product_brand?post=105605"},{"taxonomy":"product_cat","embeddable":true,"href":"https:\/\/cdiffprom.ch\/de\/wp-json\/wp\/v2\/product_cat?post=105605"},{"taxonomy":"product_tag","embeddable":true,"href":"https:\/\/cdiffprom.ch\/de\/wp-json\/wp\/v2\/product_tag?post=105605"}],"curies":[{"name":"wp","href":"https:\/\/api.w.org\/{rel}","templated":true}]}}