{"id":105606,"date":"2020-02-20T20:22:11","date_gmt":"2020-02-20T19:22:11","guid":{"rendered":"https:\/\/cdiffprom.ch\/produit\/informative-piktogramme-aus-rundem-alu\/"},"modified":"2020-02-20T20:22:11","modified_gmt":"2020-02-20T19:22:11","slug":"informative-piktogramme-aus-rundem-alu","status":"publish","type":"product","link":"https:\/\/cdiffprom.ch\/de\/produit\/informative-piktogramme-aus-rundem-alu\/","title":{"rendered":"INFORMATIVE PIKTOGRAMME AUS RUNDEM ALU"},"content":{"rendered":"<h3><span style=\"color: #800000;\"><strong>Informative Piktogramme aus rundem Alu<\/strong><\/span><\/h3>\n<p>W\u00e4hlen Sie aus unseren 14 Vorschl\u00e4gen die passenden runden Alu-Informationspiktogramme aus! Alle unsere Piktogramme sind rund mit einem Durchmesser von 80 mm. Au\u00dferdem sind sie mit einem doppelseitigen Aufkleber versehen, so dass sie leicht an der gew\u00fcnschten Stelle angebracht werden k\u00f6nnen.  <\/p>\n<p>Ihre Besucher in vielen Situationen zu informieren und zu betreuen ist elementar und gibt Ihnen mehr Zeit, um Ihre Kunden zu bedienen und zu informieren.<\/p>\n<h4><span style=\"color: #800000;\"><strong>Merkmale :<\/strong><\/span><\/h4>\n<ul>\n<li>Alu geb\u00fcrstet<\/li>\n<li>80 mm Durchmesser<\/li>\n<li>Dicke 1 mm<\/li>\n<li>doppelseitiges Klebeband auf der R\u00fcckseite<\/li>\n<\/ul>\n<p>Mit dem doppelseitigen Klebeband k\u00f6nnen Sie sie auf allen glatten Oberfl\u00e4chen anbringen. Achten Sie jedoch darauf, dass Sie die Fl\u00e4che, auf die Sie sie kleben wollen, gr\u00fcndlich reinigen. <\/p>\n<h4><span style=\"color: #800000;\"><strong>Lieferbedingungen<\/strong><\/span><\/h4>\n<p>Alle unsere Produkte sind in der Regel innerhalb von 10 Tagen nach Eingang Ihrer Bestellung lieferbar. Bitte z\u00f6gern Sie nicht, uns zu kontaktieren. <a href=\"https:\/\/cdiffprom.ch\/elements\/contactez-nous\/\"><span style=\"color: #800000;\"><strong>uns zu kontaktieren.<\/strong><\/span><\/a> Wenn Sie einen dringenderen Bedarf haben, k\u00f6nnen wir Ihnen immer eine schnellere L\u00f6sung anbieten. <\/p>\n<p>Wir w\u00e4hlen diese Frist, um unsere Transporte zu optimieren und so die nachhaltige Entwicklung zu respektieren. Dies ist f\u00fcr uns auch ein Mittel, um unsere Kosten zu senken, so dass Sie stets von niedrigen und fairen Preisen profitieren k\u00f6nnen. <\/p>\n<p>Einige Artikel k\u00f6nnen eine l\u00e4ngere Lieferzeit in Anspruch nehmen, da sie nicht auf Lager unseres Lieferanten sind. In diesem Fall werden Sie nach Eingang Ihrer Bestellung benachrichtigt. <\/p>\n<p>Wir liefern versandkostenfrei ab einem Bestellwert von CHF. 500.-. Unterhalb dieses Betrags wird eine Pauschale von CHF. 15,90 zu entrichten. <\/p>\n<p>Bei allen Online-Bestellungen f\u00fchren wir immer einen Telefonanruf durch, um sicherzustellen, dass Sie das richtige Produkt f\u00fcr Ihre Bed\u00fcrfnisse ausgew\u00e4hlt haben. So k\u00f6nnen Sie sicher sein, dass Sie die richtige Wahl treffen. <\/p>\n<p>&nbsp;<\/p>\n","protected":false},"excerpt":{"rendered":"<p>Kreisf\u00f6rmiges Piktogramm aus geb\u00fcrstetem Aluminium mit einem Durchmesser von 80 mm, das auf allen glatten Oberfl\u00e4chen angebracht werden kann. Bitte beachten Sie auch unsere <span style=\"color: #800000;\"><strong><a style=\"color: #800000;\" href=\"https:\/\/cdiffprom.ch\/produit\/plaques-signaletiques-plexiglas-imprimees\/\">bedruckte Plexiglasschilder.<\/a><\/strong><\/span> als Erg\u00e4nzung. <\/p>\n","protected":false},"featured_media":103896,"template":"","meta":{"slim_seo":{"title":"INFORMATIVE PIKTOGRAMME AUS RUNDEM ALU - Suisse - C.Diff-Prom","description":"Kreisf\u00f6rmiges Piktogramm aus geb\u00fcrstetem Aluminium mit einem Durchmesser von 80 mm, das auf allen glatten Oberfl\u00e4chen angebracht werden kann. Bitte beachten Sie"}},"product_brand":[],"product_cat":[6342,6355,6420,6421],"product_tag":[],"class_list":{"0":"post-105606","1":"product","2":"type-product","3":"status-publish","4":"has-post-thumbnail","6":"product_cat-anzeige","7":"product_cat-konferenz","8":"product_cat-turschilder-an-der-wand","9":"product_cat-turschilder-an-der-wand-de","11":"first","12":"instock","13":"taxable","14":"shipping-taxable","15":"purchasable","16":"product-type-variable"},"_links":{"self":[{"href":"https:\/\/cdiffprom.ch\/de\/wp-json\/wp\/v2\/product\/105606","targetHints":{"allow":["GET"]}}],"collection":[{"href":"https:\/\/cdiffprom.ch\/de\/wp-json\/wp\/v2\/product"}],"about":[{"href":"https:\/\/cdiffprom.ch\/de\/wp-json\/wp\/v2\/types\/product"}],"wp:featuredmedia":[{"embeddable":true,"href":"https:\/\/cdiffprom.ch\/de\/wp-json\/wp\/v2\/media\/103896"}],"wp:attachment":[{"href":"https:\/\/cdiffprom.ch\/de\/wp-json\/wp\/v2\/media?parent=105606"}],"wp:term":[{"taxonomy":"product_brand","embeddable":true,"href":"https:\/\/cdiffprom.ch\/de\/wp-json\/wp\/v2\/product_brand?post=105606"},{"taxonomy":"product_cat","embeddable":true,"href":"https:\/\/cdiffprom.ch\/de\/wp-json\/wp\/v2\/product_cat?post=105606"},{"taxonomy":"product_tag","embeddable":true,"href":"https:\/\/cdiffprom.ch\/de\/wp-json\/wp\/v2\/product_tag?post=105606"}],"curies":[{"name":"wp","href":"https:\/\/api.w.org\/{rel}","templated":true}]}}