{"id":105616,"date":"2020-02-19T10:50:10","date_gmt":"2020-02-19T09:50:10","guid":{"rendered":"https:\/\/cdiffprom.ch\/produit\/magnetische-weisswandtafel\/"},"modified":"2020-02-19T10:50:10","modified_gmt":"2020-02-19T09:50:10","slug":"magnetische-weisswandtafel","status":"publish","type":"product","link":"https:\/\/cdiffprom.ch\/de\/produit\/magnetische-weisswandtafel\/","title":{"rendered":"MAGNETISCHE WEISSWANDTAFEL"},"content":{"rendered":"<h3><span style=\"color: #800000;\"><strong>Magnetische Wei\u00dfwandtafel<\/strong><\/span><\/h3>\n<p>Diese magnetische Wei\u00dfwandtafel, die in drei Gr\u00f6\u00dfen erh\u00e4ltlich ist, ist ein Klassiker zum Schreiben und Ausstellen von Informationen.<\/p>\n<p>Sie k\u00f6nnen mit den trocken oder nass abwischbaren Filzstiften\/Kreiden leicht Text schreiben und Papierinformationen mit Hilfe von <span style=\"color: #800000;\"><strong><a style=\"color: #800000;\" href=\"https:\/\/cdiffprom.ch\/produit\/sachet-de-10-aimants\/\">Magneten<\/a><\/strong><\/span>.<\/p>\n<h4><span style=\"color: #800000;\"><strong>Merkmale :<\/strong><\/span><\/h4>\n<ul>\n<li>Metalloberfl\u00e4che wei\u00df lackiert<\/li>\n<li>trocken oder nass abwischbar<\/li>\n<li>Anzeige mit Magneten (nicht im Lieferumfang enthalten)<\/li>\n<li>Wandbefestigung mit unsichtbaren Schrauben und D\u00fcbeln an den 4 Ecken (im Lieferumfang enthalten)<\/li>\n<li>Aluminium-Zubeh\u00f6rhalter (z. B. Filz), 30 cm lang<\/li>\n<\/ul>\n<p>Sie k\u00f6nnen diese magnetische Wei\u00dfwandtafel bei vielen Gelegenheiten einsetzen, z.B. :<\/p>\n<ul>\n<li>Konferenzen, Versammlungen<\/li>\n<li>Versammlungen, Sitzungen<\/li>\n<\/ul>\n<p>und Sie haben die M\u00f6glichkeit, ihn entweder im Hoch- oder Querformat zu installieren.<\/p>\n<h4><span style=\"color: #800000;\"><strong>Lieferbedingungen<\/strong><\/span><\/h4>\n<p>Zu Ihrer Information: Nach Eingang Ihres Auftrags sind unsere Produkte innerhalb von etwa zehn Tagen lieferbar.<\/p>\n<p>Z\u00f6gern Sie nicht <u><a href=\"https:\/\/cdiffprom.ch\/elements\/contactez-nous\/\"><span style=\"color: #800000;\"><strong>uns zu kontaktieren.<\/strong><\/span><\/a><\/u> Wenn Sie einen dringenderen Bedarf haben, k\u00f6nnen wir Ihnen immer eine schnellere L\u00f6sung anbieten.<\/p>\n<p>Wir sind auch gerne bereit, Ihnen Informationen \u00fcber Mengenrabatte zu geben.<\/p>\n<p>Einige Artikel k\u00f6nnen eine l\u00e4ngere Lieferzeit in Anspruch nehmen, da sie nicht auf Lager unseres Lieferanten sind. In diesem Fall werden Sie nach Eingang Ihrer Bestellung benachrichtigt. <\/p>\n<p>Wir liefern versandkostenfrei ab einem Bestellwert von CHF. 500.-. Unterhalb dieses Betrags wird eine Pauschale von CHF. 15,90 zu entrichten. <\/p>\n<p>Bei allen Online-Bestellungen f\u00fchren wir immer einen Telefonanruf durch, um sicherzustellen, dass Sie das richtige Produkt f\u00fcr Ihre Bed\u00fcrfnisse ausgew\u00e4hlt haben. So k\u00f6nnen Sie sicher sein, dass Sie die richtige Wahl treffen. <\/p>\n<p>&nbsp;<\/p>\n<p>&nbsp;<\/p>\n<p>&nbsp;<\/p>\n","protected":false},"excerpt":{"rendered":"<p>Geeignet f\u00fcr die Verwendung im Hoch- oder Querformat. Erh\u00e4ltlich in 3 Gr\u00f6\u00dfen. Bitte z\u00f6gern Sie nicht, uns zu kontaktieren. <span style=\"color: #800000;\"><strong><a style=\"color: #800000;\" href=\"https:\/\/cdiffprom.ch\/elements\/contactez-nous\/\">kontaktieren Sie uns bitte.<\/a><\/strong><\/span> bei Mengenbestellungen.  <\/p>\n","protected":false},"featured_media":103900,"template":"","meta":{"slim_seo":{"title":"MAGNETISCHE WEISSWANDTAFEL - Suisse - C.Diff-Prom","description":"Geeignet f\u00fcr die Verwendung im Hoch- oder Querformat. Erh\u00e4ltlich in 3 Gr\u00f6\u00dfen. Bitte z\u00f6gern Sie nicht, uns zu kontaktieren. kontaktieren Sie uns bitte. bei Menge"}},"product_brand":[],"product_cat":[6342,6339],"product_tag":[],"class_list":{"0":"post-105616","1":"product","2":"type-product","3":"status-publish","4":"has-post-thumbnail","6":"product_cat-anzeige","7":"product_cat-plakatrahmen","9":"first","10":"instock","11":"taxable","12":"shipping-taxable","13":"purchasable","14":"product-type-variable"},"_links":{"self":[{"href":"https:\/\/cdiffprom.ch\/de\/wp-json\/wp\/v2\/product\/105616","targetHints":{"allow":["GET"]}}],"collection":[{"href":"https:\/\/cdiffprom.ch\/de\/wp-json\/wp\/v2\/product"}],"about":[{"href":"https:\/\/cdiffprom.ch\/de\/wp-json\/wp\/v2\/types\/product"}],"wp:featuredmedia":[{"embeddable":true,"href":"https:\/\/cdiffprom.ch\/de\/wp-json\/wp\/v2\/media\/103900"}],"wp:attachment":[{"href":"https:\/\/cdiffprom.ch\/de\/wp-json\/wp\/v2\/media?parent=105616"}],"wp:term":[{"taxonomy":"product_brand","embeddable":true,"href":"https:\/\/cdiffprom.ch\/de\/wp-json\/wp\/v2\/product_brand?post=105616"},{"taxonomy":"product_cat","embeddable":true,"href":"https:\/\/cdiffprom.ch\/de\/wp-json\/wp\/v2\/product_cat?post=105616"},{"taxonomy":"product_tag","embeddable":true,"href":"https:\/\/cdiffprom.ch\/de\/wp-json\/wp\/v2\/product_tag?post=105616"}],"curies":[{"name":"wp","href":"https:\/\/api.w.org\/{rel}","templated":true}]}}