{"id":105629,"date":"2020-02-19T10:58:16","date_gmt":"2020-02-19T09:58:16","guid":{"rendered":"https:\/\/cdiffprom.ch\/produit\/transparente-plexiglasstaffelei-gemischt\/"},"modified":"2020-02-19T10:58:16","modified_gmt":"2020-02-19T09:58:16","slug":"transparente-plexiglasstaffelei-gemischt","status":"publish","type":"product","link":"https:\/\/cdiffprom.ch\/de\/produit\/transparente-plexiglasstaffelei-gemischt\/","title":{"rendered":"TRANSPARENTE PLEXIGLASSTAFFELEI GEMISCHT"},"content":{"rendered":"<h3><strong><span style=\"color: #800000;\">Gemischte transparente Plexiglasstaffelei<\/span><br \/>\n<\/strong><\/h3>\n<p>Diese gemischte, transparente Plexiglasstaffelei f\u00fcr Tisch und Theke macht es Ihnen leicht, Ihre Informationen in der N\u00e4he anzubringen.<\/p>\n<p>Au\u00dferdem k\u00f6nnen Sie dank der beiden Schlitze die Neigung Ihrer verschiedenen Grafiken w\u00e4hlen, entweder gerade oder geneigt.<\/p>\n<p>Dieser Visitenkartenhalter ist in 4 verschiedenen Gr\u00f6\u00dfen erh\u00e4ltlich und eignet sich zum Beispiel f\u00fcr :<\/p>\n<ul>\n<li>in Restaurants: zur Anzeige von Speisekarten, Tagesangeboten und Spezialit\u00e4ten<\/li>\n<li>in Friseur-\/Sch\u00f6nheitssalons: Angebote des Monats, Sonderaktionen und\/oder Pflegeideen<\/li>\n<li>Reiseb\u00fcros: verschiedene Werbeaktionen, Sonderangebote<\/li>\n<\/ul>\n<h4><span style=\"color: #800000;\"><strong>Merkmale :<\/strong><\/span><\/h4>\n<ul>\n<li>zwei frei w\u00e4hlbare Schlitze auf dem Sockel: einer f\u00fcr eine gerade Anzeige, einer f\u00fcr eine geneigte Anzeige<\/li>\n<li>Transparentes Plexiglas, 2 mm dick<\/li>\n<li>Duplex<\/li>\n<li>Holzsockel, helle Buche<\/li>\n<\/ul>\n<h4><span style=\"color: #800000;\"><strong>Lieferbedingungen<\/strong><\/span><\/h4>\n<p>Zu Ihrer Information: Nach Eingang Ihres Auftrags sind unsere Produkte innerhalb von etwa zehn Tagen lieferbar.<\/p>\n<p>Z\u00f6gern Sie nicht <u><a href=\"https:\/\/cdiffprom.ch\/elements\/contactez-nous\/\"><span style=\"color: #800000;\"><strong>uns zu kontaktieren.<\/strong><\/span><\/a><\/u> Wenn Sie einen dringenderen Bedarf haben, k\u00f6nnen wir Ihnen immer eine schnellere L\u00f6sung anbieten.<\/p>\n<p>Wir sind auch gerne bereit, Ihnen Informationen \u00fcber Mengenrabatte zu geben.<\/p>\n<p>Einige Artikel k\u00f6nnen eine l\u00e4ngere Lieferzeit in Anspruch nehmen, da sie nicht auf Lager unseres Lieferanten sind. In diesem Fall werden Sie nach Eingang Ihrer Bestellung benachrichtigt. <\/p>\n<p>Wir liefern versandkostenfrei ab einem Bestellwert von CHF. 500.-. Unterhalb dieses Betrags wird eine Pauschale von CHF. 15,90 zu entrichten. <\/p>\n<p>Bei allen Online-Bestellungen f\u00fchren wir immer einen Telefonanruf durch, um sicherzustellen, dass Sie das richtige Produkt f\u00fcr Ihre Bed\u00fcrfnisse ausgew\u00e4hlt haben. So k\u00f6nnen Sie sicher sein, dass Sie die richtige Wahl treffen. <\/p>\n<p>&nbsp;<\/p>\n","protected":false},"excerpt":{"rendered":"<p>Ideal f\u00fcr Informationen aus der N\u00e4he auf Tischen oder Theken. Z\u00f6gern Sie nicht, uns zu kontaktieren. <span style=\"color: #800000;\"><strong><a style=\"color: #800000;\" href=\"https:\/\/cdiffprom.ch\/elements\/contactez-nous\/\">kontaktieren Sie uns bitte.<\/a><\/strong><\/span> f\u00fcr Mengenbestellungen. <\/p>\n<p>Werfen Sie auch einen Blick auf unsere Flipcharts. <span style=\"color: #800000;\"><strong><a style=\"color: #800000;\" href=\"https:\/\/cdiffprom.ch\/produit\/chevalet-ardoise-vertical\/\">Schieferstaffeleien<\/a><\/strong><\/span> die in denselben Abmessungen erh\u00e4ltlich sind.<\/p>\n","protected":false},"featured_media":103894,"template":"","meta":{"slim_seo":{"title":"TRANSPARENTE PLEXIGLASSTAFFELEI GEMISCHT - Suisse - C.Diff-Prom","description":"Ideal f\u00fcr Informationen aus der N\u00e4he auf Tischen oder Theken. Z\u00f6gern Sie nicht, uns zu kontaktieren. kontaktieren Sie uns bitte. f\u00fcr Mengenbestellungen. Werfen"}},"product_brand":[],"product_cat":[6342,6344,15],"product_tag":[],"class_list":{"0":"post-105629","1":"product","2":"type-product","3":"status-publish","4":"has-post-thumbnail","6":"product_cat-anzeige","7":"product_cat-visitenkartenhalter-theken","8":"product_cat-nouveaute","10":"first","11":"instock","12":"taxable","13":"shipping-taxable","14":"purchasable","15":"product-type-variable"},"_links":{"self":[{"href":"https:\/\/cdiffprom.ch\/de\/wp-json\/wp\/v2\/product\/105629","targetHints":{"allow":["GET"]}}],"collection":[{"href":"https:\/\/cdiffprom.ch\/de\/wp-json\/wp\/v2\/product"}],"about":[{"href":"https:\/\/cdiffprom.ch\/de\/wp-json\/wp\/v2\/types\/product"}],"wp:featuredmedia":[{"embeddable":true,"href":"https:\/\/cdiffprom.ch\/de\/wp-json\/wp\/v2\/media\/103894"}],"wp:attachment":[{"href":"https:\/\/cdiffprom.ch\/de\/wp-json\/wp\/v2\/media?parent=105629"}],"wp:term":[{"taxonomy":"product_brand","embeddable":true,"href":"https:\/\/cdiffprom.ch\/de\/wp-json\/wp\/v2\/product_brand?post=105629"},{"taxonomy":"product_cat","embeddable":true,"href":"https:\/\/cdiffprom.ch\/de\/wp-json\/wp\/v2\/product_cat?post=105629"},{"taxonomy":"product_tag","embeddable":true,"href":"https:\/\/cdiffprom.ch\/de\/wp-json\/wp\/v2\/product_tag?post=105629"}],"curies":[{"name":"wp","href":"https:\/\/api.w.org\/{rel}","templated":true}]}}