{"id":105630,"date":"2020-02-25T09:51:56","date_gmt":"2020-02-25T08:51:56","guid":{"rendered":"https:\/\/cdiffprom.ch\/produit\/wasserdichte-aussenanzeigetafel-fuss\/"},"modified":"2020-02-25T09:51:56","modified_gmt":"2020-02-25T08:51:56","slug":"wasserdichte-aussenanzeigetafel-fuss","status":"publish","type":"product","link":"https:\/\/cdiffprom.ch\/de\/produit\/wasserdichte-aussenanzeigetafel-fuss\/","title":{"rendered":"WASSERDICHTE AUSSENANZEIGETAFEL\/FUSS"},"content":{"rendered":"<h3><span style=\"color: #800000;\"><strong>Wasserdichte Au\u00dfenanzeige\/Fu\u00df<\/strong><\/span><\/h3>\n<p>Mit diesem wasserdichten Outdoor-Board mit Fu\u00df k\u00f6nnen Sie Ihre Informationen in verschiedenen Verkaufsstellen oder Empfangsbereichen verbreiten.<\/p>\n<p>Der Wechsel der Poster erfolgt einfach \u00fcber die Vorderseite des Rahmens, Typ Clic-Clac, und er ist auch mit einem entspiegelten Plexiglasschutz ausgestattet.<\/p>\n<p>Auch die Verwendung im Freien ist kein Problem, da das Material wasserdicht und korrosionsbest\u00e4ndig ist.<\/p>\n<h4><span style=\"color: #800000;\"><strong>Merkmale :<\/strong><\/span><\/h4>\n<ul>\n<li>geeignet f\u00fcr Poster im Format A4, A3 oder A2<\/li>\n<li>ein- oder doppelseitiges Modell, Hoch- oder Querformat, benutzerorientiert<\/li>\n<li>36 cm Durchmesser des Sockels<\/li>\n<li>Gewicht: 7 kg<\/li>\n<li>100 % Metall, naturfarben eloxiert und korrosionsgesch\u00fctzter Stahl<\/li>\n<\/ul>\n<p><span style=\"color: #800000;\"><strong>Lieferbedingungen<\/strong><\/span><\/p>\n<p>Alle unsere Produkte sind in der Regel innerhalb von 10 Tagen nach Eingang Ihrer Bestellung lieferbar. Bitte z\u00f6gern Sie nicht, uns zu kontaktieren. <strong><u><a href=\"https:\/\/cdiffprom.ch\/elements\/contactez-nous\/\"><span style=\"color: #800000;\">uns zu kontaktieren.<\/span><\/a><\/u><\/strong> Wenn Sie einen dringenderen Bedarf haben, k\u00f6nnen wir Ihnen immer eine schnellere L\u00f6sung anbieten. <\/p>\n<p>Wir w\u00e4hlen diese Frist, um unsere Transporte zu optimieren und so die nachhaltige Entwicklung zu respektieren. Dies ist f\u00fcr uns auch ein Mittel, um unsere Kosten zu senken, so dass Sie stets von niedrigen und fairen Preisen profitieren k\u00f6nnen. <\/p>\n<p>Einige Artikel k\u00f6nnen eine l\u00e4ngere Lieferzeit in Anspruch nehmen, da sie nicht auf Lager unseres Lieferanten sind. In diesem Fall werden Sie nach Eingang Ihrer Bestellung benachrichtigt. <\/p>\n<p>Wir liefern versandkostenfrei ab einem Bestellwert von CHF. 500.-. Unterhalb dieses Betrags wird eine Pauschale von CHF. 15,90 zu entrichten. <\/p>\n<p>Bei allen Online-Bestellungen f\u00fchren wir immer einen Telefonanruf durch, um sicherzustellen, dass Sie das richtige Produkt f\u00fcr Ihre Bed\u00fcrfnisse ausgew\u00e4hlt haben. So k\u00f6nnen Sie sicher sein, dass Sie die richtige Wahl treffen. <\/p>\n<p>&nbsp;<\/p>\n<p>&nbsp;<\/p>\n<p>&nbsp;<\/p>\n","protected":false},"excerpt":{"rendered":"<p>Geeignet f\u00fcr Poster im Format A4, A3 oder A2. Ein wetterfester Visitenkartenhalter. Ein- oder doppelseitig.  <\/p>\n<p>Sehen Sie sich auch unsere <span style=\"color: #800000;\"><strong><a style=\"color: #800000;\" href=\"https:\/\/cdiffprom.ch\/produit\/kits-affichage-hauteur-133cm\/\">Plakatst\u00e4nder<\/a><\/strong><\/span> auf einem St\u00e4nder ausschlie\u00dflich f\u00fcr den Innenbereich.<\/p>\n","protected":false},"featured_media":103960,"template":"","meta":{"slim_seo":{"title":"WASSERDICHTE AUSSENANZEIGETAFEL\/FUSS - Suisse - C.Diff-Prom","description":"Geeignet f\u00fcr Poster im Format A4, A3 oder A2. Ein wetterfester Visitenkartenhalter. Ein- oder doppelseitig. Sehen Sie sich auch unsere Plakatst\u00e4nder auf einem S"}},"product_brand":[],"product_cat":[6342,6356],"product_tag":[],"class_list":{"0":"post-105630","1":"product","2":"type-product","3":"status-publish","4":"has-post-thumbnail","6":"product_cat-anzeige","7":"product_cat-plakatstander-auf-fuss","9":"first","10":"instock","11":"taxable","12":"shipping-taxable","13":"purchasable","14":"product-type-variable"},"_links":{"self":[{"href":"https:\/\/cdiffprom.ch\/de\/wp-json\/wp\/v2\/product\/105630","targetHints":{"allow":["GET"]}}],"collection":[{"href":"https:\/\/cdiffprom.ch\/de\/wp-json\/wp\/v2\/product"}],"about":[{"href":"https:\/\/cdiffprom.ch\/de\/wp-json\/wp\/v2\/types\/product"}],"wp:featuredmedia":[{"embeddable":true,"href":"https:\/\/cdiffprom.ch\/de\/wp-json\/wp\/v2\/media\/103960"}],"wp:attachment":[{"href":"https:\/\/cdiffprom.ch\/de\/wp-json\/wp\/v2\/media?parent=105630"}],"wp:term":[{"taxonomy":"product_brand","embeddable":true,"href":"https:\/\/cdiffprom.ch\/de\/wp-json\/wp\/v2\/product_brand?post=105630"},{"taxonomy":"product_cat","embeddable":true,"href":"https:\/\/cdiffprom.ch\/de\/wp-json\/wp\/v2\/product_cat?post=105630"},{"taxonomy":"product_tag","embeddable":true,"href":"https:\/\/cdiffprom.ch\/de\/wp-json\/wp\/v2\/product_tag?post=105630"}],"curies":[{"name":"wp","href":"https:\/\/api.w.org\/{rel}","templated":true}]}}