{"id":105647,"date":"2020-02-25T17:40:05","date_gmt":"2020-02-25T16:40:05","guid":{"rendered":"https:\/\/cdiffprom.ch\/produit\/grossformatige-kataloghalter-a4\/"},"modified":"2020-02-25T17:40:05","modified_gmt":"2020-02-25T16:40:05","slug":"grossformatige-kataloghalter-a4","status":"publish","type":"product","link":"https:\/\/cdiffprom.ch\/de\/produit\/grossformatige-kataloghalter-a4\/","title":{"rendered":"GROSSFORMATIGE KATALOGHALTER A4"},"content":{"rendered":"<h3><span style=\"color: #800000;\"><strong>Gro\u00dfraumkataloghalter A4<\/strong><\/span><\/h3>\n<p>Mit diesem gro\u00dfen A4 Katalogst\u00e4nder k\u00f6nnen Sie Ihre Kataloge\/Prospekte und Ihre Mitteilungen gleichzeitig an Ihr Publikum weitergeben.<\/p>\n<p>Dieser sch\u00f6ne, aus Metall gefertigte Visitenkartenhalter bietet Platz f\u00fcr :<\/p>\n<ul>\n<li>Kataloge und Dokumente: 28 cm dick<\/li>\n<li>und verf\u00fcgt \u00fcber einen integrierten A4 Visitenkartenhalter: mit Plexiglasschutz und magnetischer R\u00fcckseite f\u00fcr ein einfaches Einf\u00fcgen von Mitteilungen.<\/li>\n<\/ul>\n<h4><span style=\"color: #800000;\"><strong>Merkmale :<\/strong><\/span><\/h4>\n<ul>\n<li>schwarz lackiert<\/li>\n<li>H\u00f6he 115 cm x Breite 27 x Tiefe 31<\/li>\n<li>8 kg 500<\/li>\n<li>beschwerter Sockel 27 x 31 cm und sehr stabil<\/li>\n<\/ul>\n<h4><span style=\"color: #800000;\"><strong>Lieferbedingungen<br \/>\n<\/strong><\/span><\/h4>\n<p>Alle unsere Produkte sind in der Regel innerhalb von 10 Tagen nach Eingang Ihrer Bestellung lieferbar. Bitte z\u00f6gern Sie nicht, uns zu kontaktieren. <strong><u><a href=\"https:\/\/cdiffprom.ch\/elements\/contactez-nous\/\"><span style=\"color: #800000;\">uns zu kontaktieren.<\/span><\/a><\/u><\/strong> Wenn Sie einen dringenderen Bedarf haben, k\u00f6nnen wir Ihnen immer eine schnellere L\u00f6sung anbieten. <\/p>\n<p>Wir w\u00e4hlen diese Frist, um unsere Transporte zu optimieren und so die nachhaltige Entwicklung zu respektieren. Dies ist f\u00fcr uns auch ein Mittel, um unsere Kosten zu senken, so dass Sie stets von niedrigen und fairen Preisen profitieren k\u00f6nnen. <\/p>\n<p>Einige Artikel k\u00f6nnen eine l\u00e4ngere Lieferzeit in Anspruch nehmen, da sie nicht auf Lager unseres Lieferanten sind. In diesem Fall werden Sie nach Eingang Ihrer Bestellung benachrichtigt. <\/p>\n<p>Wir liefern versandkostenfrei ab einem Bestellwert von CHF. 500.-. Unterhalb dieses Betrags wird eine Pauschale von CHF. 15,90 zu entrichten. <\/p>\n<p>Bei allen Online-Bestellungen f\u00fchren wir immer einen Telefonanruf durch, um sicherzustellen, dass Sie das richtige Produkt f\u00fcr Ihre Bed\u00fcrfnisse ausgew\u00e4hlt haben. So k\u00f6nnen Sie sicher sein, dass Sie die richtige Wahl treffen. <\/p>\n<p>&nbsp;<\/p>\n","protected":false},"excerpt":{"rendered":"<p>Gleichzeitige Verf\u00fcgbarkeit von Prospekten und Mitteilungen auf einem Design-Katalogst\u00e4nder aus Metall.<\/p>\n<p>Bitte beachten Sie auch unsere <span style=\"color: #800000;\"><strong><a style=\"color: #800000;\" href=\"https:\/\/cdiffprom.ch\/produit\/presentoir-a-brochures-a4-avec-visuel\/\">A4 Prospektst\u00e4nder mit Bild<\/a><\/strong><\/span> !<\/p>\n","protected":false},"featured_media":103966,"template":"","meta":{"slim_seo":{"title":"GROSSFORMATIGE KATALOGHALTER A4 - Suisse - C.Diff-Prom","description":"Gleichzeitige Verf\u00fcgbarkeit von Prospekten und Mitteilungen auf einem Design-Katalogst\u00e4nder aus Metall. Bitte beachten Sie auch unsere A4 Prospektst\u00e4nder mit Bi"}},"product_brand":[],"product_cat":[6342,6356],"product_tag":[],"class_list":{"0":"post-105647","1":"product","2":"type-product","3":"status-publish","4":"has-post-thumbnail","6":"product_cat-anzeige","7":"product_cat-plakatstander-auf-fuss","9":"first","10":"instock","11":"taxable","12":"shipping-taxable","13":"purchasable","14":"product-type-simple"},"_links":{"self":[{"href":"https:\/\/cdiffprom.ch\/de\/wp-json\/wp\/v2\/product\/105647","targetHints":{"allow":["GET"]}}],"collection":[{"href":"https:\/\/cdiffprom.ch\/de\/wp-json\/wp\/v2\/product"}],"about":[{"href":"https:\/\/cdiffprom.ch\/de\/wp-json\/wp\/v2\/types\/product"}],"wp:featuredmedia":[{"embeddable":true,"href":"https:\/\/cdiffprom.ch\/de\/wp-json\/wp\/v2\/media\/103966"}],"wp:attachment":[{"href":"https:\/\/cdiffprom.ch\/de\/wp-json\/wp\/v2\/media?parent=105647"}],"wp:term":[{"taxonomy":"product_brand","embeddable":true,"href":"https:\/\/cdiffprom.ch\/de\/wp-json\/wp\/v2\/product_brand?post=105647"},{"taxonomy":"product_cat","embeddable":true,"href":"https:\/\/cdiffprom.ch\/de\/wp-json\/wp\/v2\/product_cat?post=105647"},{"taxonomy":"product_tag","embeddable":true,"href":"https:\/\/cdiffprom.ch\/de\/wp-json\/wp\/v2\/product_tag?post=105647"}],"curies":[{"name":"wp","href":"https:\/\/api.w.org\/{rel}","templated":true}]}}