{"id":105648,"date":"2020-02-25T17:41:40","date_gmt":"2020-02-25T16:41:40","guid":{"rendered":"https:\/\/cdiffprom.ch\/produit\/nachrichtenhalter-visuelles-design\/"},"modified":"2020-02-25T17:41:40","modified_gmt":"2020-02-25T16:41:40","slug":"nachrichtenhalter-visuelles-design","status":"publish","type":"product","link":"https:\/\/cdiffprom.ch\/de\/produit\/nachrichtenhalter-visuelles-design\/","title":{"rendered":"NACHRICHTENHALTER VISUELLES DESIGN"},"content":{"rendered":"<h3><span style=\"color: #800000;\"><strong>Visueller Design-Messagehalter<\/strong><\/span><\/h3>\n<p>Mit diesem visuellen Design-Nachrichtenhalter k\u00f6nnen Sie Ihre Kommunikation auf ideale und sehr praktische Weise aufwerten.<\/p>\n<p>Das Einf\u00fcgen des Bildes erfolgt ganz einfach auf der R\u00fcckseite dieses Briefhalters durch eine magnetische Befestigung mit dem Plexiglas.<\/p>\n<h4><span style=\"color: #800000;\"><strong>Merkmale :<\/strong><\/span><\/h4>\n<ul>\n<li>ideal f\u00fcr A4-Format (Sichtbarkeit von 26 x 18 cm)<\/li>\n<li>schwarz lackiert<\/li>\n<li>sehr stabil<\/li>\n<li>beschwerter Sockel 21,5 x 21,5 cm<\/li>\n<\/ul>\n<h4><span style=\"color: #800000;\"><strong>Lieferbedingungen<\/strong><\/span><\/h4>\n<p>Alle unsere Produkte sind in der Regel innerhalb von 10 Tagen nach Eingang Ihrer Bestellung lieferbar. Bitte z\u00f6gern Sie nicht, uns zu kontaktieren. <strong><u><a href=\"https:\/\/cdiffprom.ch\/elements\/contactez-nous\/\"><span style=\"color: #800000;\">uns zu kontaktieren.<\/span><\/a><\/u><\/strong> Wenn Sie einen dringenderen Bedarf haben, k\u00f6nnen wir Ihnen immer eine schnellere L\u00f6sung anbieten. <\/p>\n<p>Wir w\u00e4hlen diese Frist, um unsere Transporte zu optimieren und so die nachhaltige Entwicklung zu respektieren. Dies ist f\u00fcr uns auch ein Mittel, um unsere Kosten zu senken, so dass Sie stets von niedrigen und fairen Preisen profitieren k\u00f6nnen. <\/p>\n<p>Einige Artikel k\u00f6nnen eine l\u00e4ngere Lieferzeit in Anspruch nehmen, da sie nicht auf Lager unseres Lieferanten sind. In diesem Fall werden Sie nach Eingang Ihrer Bestellung benachrichtigt. <\/p>\n<p>Wir liefern versandkostenfrei ab einem Bestellwert von CHF. 500.-. Unterhalb dieses Betrags wird eine Pauschale von CHF. 15,90 zu entrichten. <\/p>\n<p>Bei allen Online-Bestellungen f\u00fchren wir immer einen Telefonanruf durch, um sicherzustellen, dass Sie das richtige Produkt f\u00fcr Ihre Bed\u00fcrfnisse ausgew\u00e4hlt haben. So k\u00f6nnen Sie sicher sein, dass Sie die richtige Wahl treffen. <\/p>\n<p>&nbsp;<\/p>\n<p>&nbsp;<\/p>\n","protected":false},"excerpt":{"rendered":"<p>Ideal, um Ihre Kunden \u00fcber Ihre Auswahl oder Ihr Angebot zu informieren.<\/p>\n<p>Aus Neugierde k\u00f6nnen Sie sich auch unser Modell ansehen. <span style=\"color: #800000;\"><strong><a style=\"color: #800000;\" href=\"https:\/\/cdiffprom.ch\/produit\/porte-visuel-a4-arc-alu\/\">Alu-Posterhalter A4<\/a><\/strong><\/span>.<\/p>\n","protected":false},"featured_media":103968,"template":"","meta":{"slim_seo":{"title":"NACHRICHTENHALTER VISUELLES DESIGN - Suisse - C.Diff-Prom","description":"Ideal, um Ihre Kunden \u00fcber Ihre Auswahl oder Ihr Angebot zu informieren. Aus Neugierde k\u00f6nnen Sie sich auch unser Modell ansehen. Alu-Posterhalter A4 ."}},"product_brand":[],"product_cat":[6356],"product_tag":[],"class_list":{"0":"post-105648","1":"product","2":"type-product","3":"status-publish","4":"has-post-thumbnail","6":"product_cat-plakatstander-auf-fuss","8":"first","9":"instock","10":"taxable","11":"shipping-taxable","12":"purchasable","13":"product-type-simple"},"_links":{"self":[{"href":"https:\/\/cdiffprom.ch\/de\/wp-json\/wp\/v2\/product\/105648","targetHints":{"allow":["GET"]}}],"collection":[{"href":"https:\/\/cdiffprom.ch\/de\/wp-json\/wp\/v2\/product"}],"about":[{"href":"https:\/\/cdiffprom.ch\/de\/wp-json\/wp\/v2\/types\/product"}],"wp:featuredmedia":[{"embeddable":true,"href":"https:\/\/cdiffprom.ch\/de\/wp-json\/wp\/v2\/media\/103968"}],"wp:attachment":[{"href":"https:\/\/cdiffprom.ch\/de\/wp-json\/wp\/v2\/media?parent=105648"}],"wp:term":[{"taxonomy":"product_brand","embeddable":true,"href":"https:\/\/cdiffprom.ch\/de\/wp-json\/wp\/v2\/product_brand?post=105648"},{"taxonomy":"product_cat","embeddable":true,"href":"https:\/\/cdiffprom.ch\/de\/wp-json\/wp\/v2\/product_cat?post=105648"},{"taxonomy":"product_tag","embeddable":true,"href":"https:\/\/cdiffprom.ch\/de\/wp-json\/wp\/v2\/product_tag?post=105648"}],"curies":[{"name":"wp","href":"https:\/\/api.w.org\/{rel}","templated":true}]}}