{"id":105649,"date":"2020-06-15T16:17:31","date_gmt":"2020-06-15T14:17:31","guid":{"rendered":"https:\/\/cdiffprom.ch\/produit\/gelverteiler-mit-pumpe\/"},"modified":"2020-06-15T16:17:31","modified_gmt":"2020-06-15T14:17:31","slug":"gelverteiler-mit-pumpe","status":"publish","type":"product","link":"https:\/\/cdiffprom.ch\/de\/produit\/gelverteiler-mit-pumpe\/","title":{"rendered":"GELVERTEILER MIT PUMPE"},"content":{"rendered":"<h3><span style=\"color: #993300;\"><strong>Hydroalkoholischer Gel-Spender mit Pumpe<\/strong><\/span><\/h3>\n<p>Dieser Spender f\u00fcr hydroalkoholisches Gel wird Ihnen und Ihren Kunden gute Dienste leisten, da sie sich beim Betreten Ihrer Verkaufsr\u00e4ume sicherer f\u00fchlen werden.<\/p>\n<p>Die nachf\u00fcllbare Pumpe ist einfach zu bedienen und erm\u00f6glicht Ihnen ein einfaches Nachf\u00fcllen. Maximale Kapazit\u00e4t: 1 Liter Desinfektionsgel. <\/p>\n<p>Mit dem A3-Plakatst\u00e4nder, der im Hoch- oder Querformat ausgerichtet werden kann, k\u00f6nnen Sie die sich \u00e4ndernden Anweisungen des BAG ganz einfach verbreiten.<\/p>\n<h4><span style=\"color: #993300;\"><strong>Technische Spezifikationen<\/strong><\/span><\/h4>\n<ul>\n<li>Pfosten komplett mit manueller Pumpe und Gel-Dispenser<\/li>\n<li>158 cm hohe Pfosten mit A3-Plakatrahmen f\u00fcr Plakate (Quer- oder Hochformat)<\/li>\n<li>Handpumpe f\u00fcr hydroalkoholisches Gel, die an einem Pfosten befestigt ist, h\u00f6henverstellbar, daher f\u00fcr Personen mit eingeschr\u00e4nkter Mobilit\u00e4t zug\u00e4nglich.<\/li>\n<li>Integrierte Handpumpe mit nachf\u00fcllbarem Tank f\u00fcr 1 Liter Gel. Das Produkt wird komplett mit allem Installationszubeh\u00f6r geliefert. <\/li>\n<li>Keine elektrischen Teile. Manuelle Bet\u00e4tigung des Pumpenhebels <\/li>\n<li>Metallkonstruktion aus eloxiertem Aluminium. Der Sockel ist mit 6 kg beschwert, um eine perfekte Nutzung zu gew\u00e4hrleisten. <\/li>\n<li><span style=\"color: #000000;\"><strong>Fl\u00fcssigkeit Gel nicht inbegriffen<\/strong><\/span><\/li>\n<\/ul>\n<h4><span style=\"color: #993300;\"><strong>Lieferbedingungen<\/strong><\/span><\/h4>\n<p>Alle unsere Produkte sind innerhalb von 10 Tagen nach Eingang Ihrer Bestellung lieferbar. Bitte z\u00f6gern Sie nicht, uns zu kontaktieren. <strong><span style=\"color: #993300;\"><a style=\"color: #993300;\" href=\"https:\/\/cdiffprom.ch\/elements\/contactez-nous\/\">uns zu kontaktieren.<\/a><\/span><\/strong> Wenn Sie einen dringenderen Bedarf haben, k\u00f6nnen wir Ihnen immer eine schnellere L\u00f6sung anbieten. <\/p>\n<p>Einige Artikel k\u00f6nnen eine l\u00e4ngere Lieferzeit in Anspruch nehmen, da sie nicht auf Lager unseres Lieferanten sind. In diesem Fall werden Sie nach Eingang Ihrer Bestellung benachrichtigt. <\/p>\n<p>Ab einem Bestellwert von CHF 500.00 liefern wir versandkostenfrei. 500.-<br \/>\nUnter diesem Betrag wird eine Pauschale von CHF. 15,90 berechnet.  <\/p>\n<p>Unsere Rechnungen sind generell bei Lieferung zahlbar, wobei alle Zahlungsmethoden akzeptiert werden.<\/p>\n<p>Bei allen Online-Bestellungen f\u00fchren wir immer einen Telefonanruf durch, um sicherzustellen, dass Sie das richtige Produkt f\u00fcr Ihre Bed\u00fcrfnisse ausgew\u00e4hlt haben. So k\u00f6nnen Sie sicher sein, dass Sie die richtige Wahl treffen. <\/p>\n","protected":false},"excerpt":{"rendered":"<p>Standdispenser mit manueller Pumpe, der f\u00fcr alle Sektoren geeignet ist.<\/p>\n","protected":false},"featured_media":103998,"template":"","meta":{"slim_seo":{"title":"GELVERTEILER MIT PUMPE - Suisse - C.Diff-Prom","description":"Standdispenser mit manueller Pumpe, der f\u00fcr alle Sektoren geeignet ist."}},"product_brand":[],"product_cat":[6423],"product_tag":[],"class_list":{"0":"post-105649","1":"product","2":"type-product","3":"status-publish","4":"has-post-thumbnail","6":"product_cat-schutzmaterial","7":"pa_couleurs-eloxiertes-alu","8":"pa_couleurs-schwarz","10":"first","11":"instock","12":"taxable","13":"shipping-taxable","14":"purchasable","15":"product-type-variable"},"_links":{"self":[{"href":"https:\/\/cdiffprom.ch\/de\/wp-json\/wp\/v2\/product\/105649","targetHints":{"allow":["GET"]}}],"collection":[{"href":"https:\/\/cdiffprom.ch\/de\/wp-json\/wp\/v2\/product"}],"about":[{"href":"https:\/\/cdiffprom.ch\/de\/wp-json\/wp\/v2\/types\/product"}],"wp:featuredmedia":[{"embeddable":true,"href":"https:\/\/cdiffprom.ch\/de\/wp-json\/wp\/v2\/media\/103998"}],"wp:attachment":[{"href":"https:\/\/cdiffprom.ch\/de\/wp-json\/wp\/v2\/media?parent=105649"}],"wp:term":[{"taxonomy":"product_brand","embeddable":true,"href":"https:\/\/cdiffprom.ch\/de\/wp-json\/wp\/v2\/product_brand?post=105649"},{"taxonomy":"product_cat","embeddable":true,"href":"https:\/\/cdiffprom.ch\/de\/wp-json\/wp\/v2\/product_cat?post=105649"},{"taxonomy":"product_tag","embeddable":true,"href":"https:\/\/cdiffprom.ch\/de\/wp-json\/wp\/v2\/product_tag?post=105649"}],"curies":[{"name":"wp","href":"https:\/\/api.w.org\/{rel}","templated":true}]}}