{"id":105650,"date":"2020-02-25T17:43:30","date_gmt":"2020-02-25T16:43:30","guid":{"rendered":"https:\/\/cdiffprom.ch\/produit\/wirtschaftlicher-plakatstaender\/"},"modified":"2020-02-25T17:43:30","modified_gmt":"2020-02-25T16:43:30","slug":"wirtschaftlicher-plakatstaender","status":"publish","type":"product","link":"https:\/\/cdiffprom.ch\/de\/produit\/wirtschaftlicher-plakatstaender\/","title":{"rendered":"WIRTSCHAFTLICHER PLAKATST\u00c4NDER"},"content":{"rendered":"<h3><span style=\"color: #800000;\"><strong>Wirtschaftlicher Posterst\u00e4nder<\/strong><\/span><\/h3>\n<p>Ben\u00f6tigen Sie einen h\u00f6henverstellbaren Plakatst\u00e4nder? Dann ist dieser preiswerte Posterst\u00e4nder genau das Richtige f\u00fcr Sie. <\/p>\n<p>Mit den verschiedenen Optionen k\u00f6nnen Sie diesen Posterst\u00e4nder in vielen Verkaufsstellen oder Empfangsbereichen aufstellen, in denen Sie Ihre Kunden informieren m\u00f6chten.<\/p>\n<p><span style=\"color: #800000;\"><strong>Modelle zur Auswahl :<\/strong><\/span><\/p>\n<ul>\n<li>vertikales Panel, doppelseitig A4 oder A3, schwarz oder grau: Einf\u00fchrung des Posters von der Kante aus<\/li>\n<li>Schr\u00e4gwand, einseitig, A4 oder A3, schwarz oder grau: Einf\u00fchrung des Posters, wie Clic-Clac-Typ<\/li>\n<\/ul>\n<p><strong><span style=\"color: #800000;\">Merkmale :<\/span><\/strong><\/p>\n<ul>\n<li>Hoch- oder Querformat<\/li>\n<li>h\u00f6henverstellbar<\/li>\n<li>transparenter Plexiglasschutz<\/li>\n<li>Sockel 30 cm Durchmesser, beschwert<\/li>\n<\/ul>\n<p><span style=\"color: #800000;\"><strong>Lieferbedingungen<\/strong><\/span><\/p>\n<p>Alle unsere Produkte sind in der Regel innerhalb von 10 Tagen nach Eingang Ihrer Bestellung lieferbar. Bitte z\u00f6gern Sie nicht, uns zu kontaktieren. <strong><u><a href=\"https:\/\/cdiffprom.ch\/elements\/contactez-nous\/\"><span style=\"color: #800000;\">uns zu kontaktieren.<\/span><\/a><\/u><\/strong> Wenn Sie einen dringenderen Bedarf haben, k\u00f6nnen wir Ihnen immer eine schnellere L\u00f6sung anbieten. <\/p>\n<p>Wir w\u00e4hlen diese Frist, um unsere Transporte zu optimieren und so die nachhaltige Entwicklung zu respektieren. Dies ist f\u00fcr uns auch ein Mittel, um unsere Kosten zu senken, so dass Sie stets von niedrigen und fairen Preisen profitieren k\u00f6nnen. <\/p>\n<p>Einige Artikel k\u00f6nnen eine l\u00e4ngere Lieferzeit in Anspruch nehmen, da sie nicht auf Lager unseres Lieferanten sind. In diesem Fall werden Sie nach Eingang Ihrer Bestellung benachrichtigt. <\/p>\n<p>Wir liefern versandkostenfrei ab einem Bestellwert von CHF. 500.-. Unterhalb dieses Betrags wird eine Pauschale von CHF. 15,90 zu entrichten. <\/p>\n<p>Bei allen Online-Bestellungen f\u00fchren wir immer einen Telefonanruf durch, um sicherzustellen, dass Sie das richtige Produkt f\u00fcr Ihre Bed\u00fcrfnisse ausgew\u00e4hlt haben. So k\u00f6nnen Sie sicher sein, dass Sie die richtige Wahl treffen. <\/p>\n<p>&nbsp;<\/p>\n","protected":false},"excerpt":{"rendered":"<p>2 Modelle zur Auswahl, schwarz oder grau: doppelseitiges vertikales A4- oder A3-Paneel oder einseitiges geneigtes A4- oder A3-Paneel.<\/p>\n<p>Wenn Sie ein Wanddisplay ben\u00f6tigen, schauen Sie sich unsere Eckenschilder an. <span style=\"color: #800000;\"><strong><a style=\"color: #800000;\" href=\"https:\/\/cdiffprom.ch\/produit\/cadres-affichage-coins-chromes\/\">verchromte Eck-Posterrahmen<\/a><\/strong><\/span>.<\/p>\n","protected":false},"featured_media":103962,"template":"","meta":{"slim_seo":{"title":"WIRTSCHAFTLICHER PLAKATST\u00c4NDER - Suisse - C.Diff-Prom","description":"2 Modelle zur Auswahl, schwarz oder grau: doppelseitiges vertikales A4- oder A3-Paneel oder einseitiges geneigtes A4- oder A3-Paneel. Wenn Sie ein Wanddisplay b"}},"product_brand":[],"product_cat":[6342,6356],"product_tag":[],"class_list":{"0":"post-105650","1":"product","2":"type-product","3":"status-publish","4":"has-post-thumbnail","6":"product_cat-anzeige","7":"product_cat-plakatstander-auf-fuss","9":"first","10":"instock","11":"taxable","12":"shipping-taxable","13":"purchasable","14":"product-type-variable"},"_links":{"self":[{"href":"https:\/\/cdiffprom.ch\/de\/wp-json\/wp\/v2\/product\/105650","targetHints":{"allow":["GET"]}}],"collection":[{"href":"https:\/\/cdiffprom.ch\/de\/wp-json\/wp\/v2\/product"}],"about":[{"href":"https:\/\/cdiffprom.ch\/de\/wp-json\/wp\/v2\/types\/product"}],"wp:featuredmedia":[{"embeddable":true,"href":"https:\/\/cdiffprom.ch\/de\/wp-json\/wp\/v2\/media\/103962"}],"wp:attachment":[{"href":"https:\/\/cdiffprom.ch\/de\/wp-json\/wp\/v2\/media?parent=105650"}],"wp:term":[{"taxonomy":"product_brand","embeddable":true,"href":"https:\/\/cdiffprom.ch\/de\/wp-json\/wp\/v2\/product_brand?post=105650"},{"taxonomy":"product_cat","embeddable":true,"href":"https:\/\/cdiffprom.ch\/de\/wp-json\/wp\/v2\/product_cat?post=105650"},{"taxonomy":"product_tag","embeddable":true,"href":"https:\/\/cdiffprom.ch\/de\/wp-json\/wp\/v2\/product_tag?post=105650"}],"curies":[{"name":"wp","href":"https:\/\/api.w.org\/{rel}","templated":true}]}}