{"id":105661,"date":"2020-06-15T17:23:00","date_gmt":"2020-06-15T15:23:00","guid":{"rendered":"https:\/\/cdiffprom.ch\/produit\/gelspender-fuer-flaschen\/"},"modified":"2020-06-15T17:23:00","modified_gmt":"2020-06-15T15:23:00","slug":"gelspender-fuer-flaschen","status":"publish","type":"product","link":"https:\/\/cdiffprom.ch\/de\/produit\/gelspender-fuer-flaschen\/","title":{"rendered":"GELSPENDER F\u00dcR FLASCHEN"},"content":{"rendered":"<h3><span style=\"color: #993300;\"><strong>Gel-Spender f\u00fcr Flaschen<\/strong><\/span><\/h3>\n<p>Dieser Gel-Flaschenspender ist ideal f\u00fcr Hydroalkohol-Gel-Flaschen mit einer kleinen Druckpumpe. So erhalten Ihre Besucher einen maximalen Schutz am Eingang Ihrer Verkaufsfl\u00e4che. <\/p>\n<p><strong><span style=\"color: #800000;\">Merkmale<\/span><\/strong><\/p>\n<ul>\n<li>Geeignet f\u00fcr Flaschen mit einer kleinen Druckpumpe, alle Formate, alle Fassungsverm\u00f6gen von 300 ml bis 1000 ml<\/li>\n<li>\u00d8 der Flasche max. 9 cm, die H\u00f6he der Flasche ist unbegrenzt einstellbar.<\/li>\n<li>Die Halterung der Flasche kann auf jede beliebige H\u00f6he des Pfostens eingestellt werden und ist daher f\u00fcr Personen mit eingeschr\u00e4nkter Mobilit\u00e4t geeignet.<\/li>\n<li>Der Hals der Flasche wird in die \u00d6ffnung mit 28 mm Durchmesser des Halters eingef\u00fchrt, der mit allen H\u00e4lsen kompatibel ist, und der Verschluss mit Pumpe wird dann wieder darauf geschraubt.<\/li>\n<li>Wenn die Gelflasche in ihrer Halterung verriegelt ist, ist sie sicher und kann sich nicht l\u00f6sen, herunterfallen oder b\u00f6swillig mitgenommen werden.<\/li>\n<li>Im oberen Teil dieses Dispensers befindet sich ein A3 (29,7 x 42 cm) Cadro-Clic\u00b0 Posterrahmen, der mit einem entspiegelten Plexiglasschutz versehen ist. So k\u00f6nnen Sie Ihre Plakate nach Belieben aufh\u00e4ngen und wieder entfernen! <\/li>\n<li>Dieser Gel-Spender mit Flasche ist aus eloxiertem Aluminium gefertigt &#8211; 6 kg beschwerter Sockel f\u00fcr perfekte Stabilit\u00e4t<\/li>\n<\/ul>\n<p>Das Produkt wird komplett mit Installationszubeh\u00f6r geliefert, ohne Gelflasche.<\/p>\n<h4><span style=\"color: #993300;\"><strong>Lieferbedingungen<\/strong><\/span><\/h4>\n<p>Alle unsere Produkte sind innerhalb von 10 Tagen nach Eingang Ihrer Bestellung lieferbar. Bitte z\u00f6gern Sie nicht, uns zu kontaktieren. <strong><a href=\"https:\/\/cdiffprom.ch\/elements\/contactez-nous\/\"><span style=\"color: #993300;\">uns zu kontaktieren.<\/span><\/a><\/strong> Wenn Sie einen dringenderen Bedarf haben, k\u00f6nnen wir Ihnen immer eine schnellere L\u00f6sung anbieten. <\/p>\n<p>Einige Artikel k\u00f6nnen eine l\u00e4ngere Lieferzeit in Anspruch nehmen, da sie nicht auf Lager unseres Lieferanten sind. In diesem Fall werden Sie nach Eingang Ihrer Bestellung benachrichtigt. <\/p>\n<p>Ab einem Bestellwert von CHF 500.00 liefern wir versandkostenfrei. 500.-<br \/>\nUnter diesem Betrag wird eine Pauschale von CHF. 15,90 berechnet.  <\/p>\n<p>Unsere Rechnungen sind generell bei Lieferung zahlbar, wobei alle Zahlungsmethoden akzeptiert werden.<\/p>\n<p>Bei allen Online-Bestellungen f\u00fchren wir immer einen Telefonanruf durch, um sicherzustellen, dass Sie das richtige Produkt f\u00fcr Ihre Bed\u00fcrfnisse ausgew\u00e4hlt haben. So k\u00f6nnen Sie sicher sein, dass Sie die richtige Wahl treffen. <\/p>\n<p>&nbsp;<\/p>\n","protected":false},"excerpt":{"rendered":"<p>Dieser Gel-Flaschenspender ist f\u00fcr alle Verkaufsstellen geeignet.<\/p>\n","protected":false},"featured_media":104002,"template":"","meta":{"slim_seo":{"title":"GELSPENDER F\u00dcR FLASCHEN - Suisse - C.Diff-Prom","description":"Dieser Gel-Flaschenspender ist f\u00fcr alle Verkaufsstellen geeignet."}},"product_brand":[],"product_cat":[6423],"product_tag":[],"class_list":{"0":"post-105661","1":"product","2":"type-product","3":"status-publish","4":"has-post-thumbnail","6":"product_cat-schutzmaterial","8":"first","9":"instock","10":"taxable","11":"shipping-taxable","12":"purchasable","13":"product-type-variable"},"_links":{"self":[{"href":"https:\/\/cdiffprom.ch\/de\/wp-json\/wp\/v2\/product\/105661","targetHints":{"allow":["GET"]}}],"collection":[{"href":"https:\/\/cdiffprom.ch\/de\/wp-json\/wp\/v2\/product"}],"about":[{"href":"https:\/\/cdiffprom.ch\/de\/wp-json\/wp\/v2\/types\/product"}],"wp:featuredmedia":[{"embeddable":true,"href":"https:\/\/cdiffprom.ch\/de\/wp-json\/wp\/v2\/media\/104002"}],"wp:attachment":[{"href":"https:\/\/cdiffprom.ch\/de\/wp-json\/wp\/v2\/media?parent=105661"}],"wp:term":[{"taxonomy":"product_brand","embeddable":true,"href":"https:\/\/cdiffprom.ch\/de\/wp-json\/wp\/v2\/product_brand?post=105661"},{"taxonomy":"product_cat","embeddable":true,"href":"https:\/\/cdiffprom.ch\/de\/wp-json\/wp\/v2\/product_cat?post=105661"},{"taxonomy":"product_tag","embeddable":true,"href":"https:\/\/cdiffprom.ch\/de\/wp-json\/wp\/v2\/product_tag?post=105661"}],"curies":[{"name":"wp","href":"https:\/\/api.w.org\/{rel}","templated":true}]}}