{"id":105662,"date":"2020-04-16T17:35:04","date_gmt":"2020-04-16T15:35:04","guid":{"rendered":"https:\/\/cdiffprom.ch\/produit\/plexiglas-schutzschirm\/"},"modified":"2020-04-16T17:35:04","modified_gmt":"2020-04-16T15:35:04","slug":"plexiglas-schutzschirm","status":"publish","type":"product","link":"https:\/\/cdiffprom.ch\/de\/produit\/plexiglas-schutzschirm\/","title":{"rendered":"PLEXIGLAS-SCHUTZSCHIRM"},"content":{"rendered":"<h3><span style=\"color: #800000;\"><strong>Plexiglas-Schutzschirm<\/strong><\/span><\/h3>\n<p>Mit diesem Plexiglas-Schutzschild k\u00f6nnen Sie in Ihrem Arbeitsbereich effektiv arbeiten und gleichzeitig Ihre Gesundheit und die Ihrer Kunden sch\u00fctzen.<\/p>\n<p>Sehr n\u00fctzlich in vielen Gesch\u00e4ften, wie z.B. Apotheken, Kiosken oder Reiseb\u00fcros. Dieser Bildschirm sch\u00fctzt Sie vor Epidemien, Spucke und anderen Gefahren<br \/>\nund hilft Ihnen, einen Sicherheitsabstand zu markieren.<\/p>\n<p>Dieses Modell mit Standfu\u00df ist sehr einfach auf Ihrem Tresen oder Schreibtisch aufzustellen. Die F\u00fc\u00dfe werden einfach in die daf\u00fcr vorgesehenen Schlitze geschoben. <\/p>\n<p>Es stehen 6 Formate mit folgenden Abmessungen zur Verf\u00fcgung:<\/p>\n<ul>\n<li>60 cm L\u00e4nge und 60 cm H\u00f6he<\/li>\n<li>80 cm L\u00e4nge und 60 cm H\u00f6he<\/li>\n<li>90 cm L\u00e4nge und 60 cm H\u00f6he<\/li>\n<li>90 cm L\u00e4nge und 70 cm H\u00f6he<\/li>\n<li>80 cm L\u00e4nge, 95 cm H\u00f6he und 15 cm \u00d6ffnung<\/li>\n<li>80 cm L\u00e4nge, 95 cm H\u00f6he und 1 cm \u00d6ffnung<\/li>\n<li>Die Breite betr\u00e4gt 30 cm.<\/li>\n<li>Die Dicke des starren Plexiglases betr\u00e4gt 4 mm.<\/li>\n<li>Das Gesamtgewicht reicht von 5 kg bis 9 kg.<\/li>\n<\/ul>\n<p>An der Unterseite des Bildschirms befindet sich eine 15 cm hohe \u00d6ffnung, so dass Sie Ihrem Gespr\u00e4chspartner leicht Dokumente zukommen lassen k\u00f6nnen. Es ist nur ein Bildschirm mit einer \u00d6ffnung von 1 cm erh\u00e4ltlich. <\/p>\n<p>Fragen Sie nach unseren Rabatten ab 10 bestellten St\u00fcck, indem Sie uns eine Nachricht hinterlassen. <a href=\"https:\/\/cdiffprom.ch\/elements\/contactez-nous\/\"><span style=\"color: #800000;\"><strong>Nachricht \u00fcber diesen Link<\/strong><\/span><\/a><\/p>\n<h4><span style=\"color: #800000;\"><strong>Lieferbedingungen<\/strong><\/span><\/h4>\n<p>Alle unsere Produkte sind innerhalb von 10 Tagen nach Eingang Ihrer Bestellung lieferbar. Bitte z\u00f6gern Sie nicht, uns zu kontaktieren. <a href=\"https:\/\/cdiffprom.ch\/elements\/contactez-nous\/\"><span style=\"color: #800000;\"><strong>uns zu kontaktieren.<\/strong><\/span><\/a> Wenn Sie einen dringenderen Bedarf haben, k\u00f6nnen wir Ihnen immer eine schnellere L\u00f6sung anbieten. <\/p>\n<p>Einige Artikel k\u00f6nnen eine l\u00e4ngere Lieferzeit in Anspruch nehmen, da sie nicht auf Lager unseres Lieferanten sind. In diesem Fall werden Sie nach Eingang Ihrer Bestellung benachrichtigt. <\/p>\n<p>Wir liefern versandkostenfrei ab einem Bestellwert von CHF. 500.-. Unterhalb dieses Betrags wird eine Pauschale von CHF. 15,90 zu entrichten. <\/p>\n<p>&nbsp;<\/p>\n","protected":false},"excerpt":{"rendered":"<p><span style=\"color: #ff0000;\"><strong>Wir haben einige Gr\u00f6\u00dfen auf Lager, falls diese vor\u00fcbergehend nicht verf\u00fcgbar sind, sind diese Artikel innerhalb von 10 Tagen lieferbar.<br \/>\n<\/strong><\/span><\/p>\n<p>Einfach zu installierender Schutzschirm mit Durchreiche\u00f6ffnung, 6 Gr\u00f6\u00dfen von 60 x 60 cm bis 80 x 95 cm, alle haben eine Durchreiche\u00f6ffnung von 15 cm H\u00f6he und 30 cm Breite.<\/p>\n<p>Ben\u00f6tigen Sie ein gr\u00f6\u00dferes Modell f\u00fcr Ihre Theke? <span style=\"color: #800000;\"><strong><a style=\"color: #800000;\" href=\"https:\/\/cdiffprom.ch\/produit\/protection-transparente-3-modeles\/\">Klicken Sie hier<\/a><\/strong><\/span><\/p>\n<p>&nbsp;<\/p>\n","protected":false},"featured_media":103972,"template":"","meta":{"slim_seo":{"title":"PLEXIGLAS-SCHUTZSCHIRM - Suisse - C.Diff-Prom","description":"Wir haben einige Gr\u00f6\u00dfen auf Lager, falls diese vor\u00fcbergehend nicht verf\u00fcgbar sind, sind diese Artikel innerhalb von 10 Tagen lieferbar. Einfach zu installierend"}},"product_brand":[],"product_cat":[6391,6411,6352,6423],"product_tag":[],"class_list":{"0":"post-105662","1":"product","2":"type-product","3":"status-publish","4":"has-post-thumbnail","6":"product_cat-burozubehor","7":"product_cat-promos-de","8":"product_cat-pult-und-theken","9":"product_cat-schutzmaterial","11":"first","12":"instock","13":"sale","14":"taxable","15":"shipping-taxable","16":"purchasable","17":"product-type-variable"},"_links":{"self":[{"href":"https:\/\/cdiffprom.ch\/de\/wp-json\/wp\/v2\/product\/105662","targetHints":{"allow":["GET"]}}],"collection":[{"href":"https:\/\/cdiffprom.ch\/de\/wp-json\/wp\/v2\/product"}],"about":[{"href":"https:\/\/cdiffprom.ch\/de\/wp-json\/wp\/v2\/types\/product"}],"wp:featuredmedia":[{"embeddable":true,"href":"https:\/\/cdiffprom.ch\/de\/wp-json\/wp\/v2\/media\/103972"}],"wp:attachment":[{"href":"https:\/\/cdiffprom.ch\/de\/wp-json\/wp\/v2\/media?parent=105662"}],"wp:term":[{"taxonomy":"product_brand","embeddable":true,"href":"https:\/\/cdiffprom.ch\/de\/wp-json\/wp\/v2\/product_brand?post=105662"},{"taxonomy":"product_cat","embeddable":true,"href":"https:\/\/cdiffprom.ch\/de\/wp-json\/wp\/v2\/product_cat?post=105662"},{"taxonomy":"product_tag","embeddable":true,"href":"https:\/\/cdiffprom.ch\/de\/wp-json\/wp\/v2\/product_tag?post=105662"}],"curies":[{"name":"wp","href":"https:\/\/api.w.org\/{rel}","templated":true}]}}