{"id":105670,"date":"2020-09-14T20:39:55","date_gmt":"2020-09-14T18:39:55","guid":{"rendered":"https:\/\/cdiffprom.ch\/produit\/mobile-schutzwand\/"},"modified":"2020-09-14T20:39:55","modified_gmt":"2020-09-14T18:39:55","slug":"mobile-schutzwand","status":"publish","type":"product","link":"https:\/\/cdiffprom.ch\/de\/produit\/mobile-schutzwand\/","title":{"rendered":"MOBILE SCHUTZWAND"},"content":{"rendered":"<h3><span style=\"color: #993300;\"><strong>Mobile Schutzwand<\/strong><\/span><\/h3>\n<p>W\u00e4hlen Sie Ihre mobile Schutzwand aus 4 verschiedenen Modellen, entweder aus 1 mm dickem, flexiblem Plexiglas oder aus 4 mm dickem, starrem Plexiglas, mit oder ohne Rollen, je nach Ihren Bed\u00fcrfnissen.<\/p>\n<p>Ideal f\u00fcr die Abtrennung von Arbeitspl\u00e4tzen in einem Friseursalon oder von Tischen in einem Restaurant.<\/p>\n<p>Wenn Sie die Konfiguration Ihres Raumes h\u00e4ufig \u00e4ndern m\u00fcssen, sind Modelle auf Rollen leichter zu bewegen.<\/p>\n<h4><span style=\"color: #800000;\"><strong>Technische Spezifikationen<br \/>\n<\/strong><\/span><\/h4>\n<p>Feste Trennwand mit Rollen: 185 cm hoch und 106 cm breit<br \/>\nStarre Trennwand ohne Rollen: 179 cm hoch und 106 cm breit<br \/>\nDie starren Trennw\u00e4nde sind zweiteilig, das Plexiglas ist 4 mm dick, der Rahmenquerschnitt betr\u00e4gt 50 x 25 mm.<\/p>\n<p>Flexible Trennwand mit Rollen: 206 cm hoch und 100 cm breit<br \/>\nFlexible Trennwand ohne Rollen: 201 cm hoch und 100 cm breit<br \/>\nDie flexiblen Trennw\u00e4nde sind 1-teilig, das flexible Plexiglas ist 1 mm dick, der Durchmesser des Rundrohrs betr\u00e4gt 40 mm.<\/p>\n<p>Brauchen oder wollen Sie ein h\u00e4ngendes Modell? Dann schauen Sie sich unsere <span style=\"color: #800000;\"><strong><a style=\"color: #800000;\" href=\"https:\/\/cdiffprom.ch\/produit\/ecran-de-protection-suspendu\/\">H\u00e4ngende Schutzschirme<\/a><\/strong><\/span>. <\/p>\n<h4><span style=\"color: #800000;\"><strong>Lieferbedingungen<\/strong><\/span><\/h4>\n<p>Alle unsere Produkte sind innerhalb von 10 Tagen nach Eingang Ihrer Bestellung lieferbar. Bitte z\u00f6gern Sie nicht, uns zu kontaktieren. <strong><a href=\"https:\/\/cdiffprom.ch\/elements\/contactez-nous\/\"><span style=\"color: #800000;\">uns zu kontaktieren.<\/span><\/a><\/strong> Wenn Sie einen dringenderen Bedarf haben, k\u00f6nnen wir Ihnen immer eine schnellere L\u00f6sung anbieten. <\/p>\n<p>Einige Artikel k\u00f6nnen eine l\u00e4ngere Lieferzeit in Anspruch nehmen, da sie nicht auf Lager unseres Lieferanten sind. In diesem Fall werden Sie nach Eingang Ihrer Bestellung benachrichtigt. <\/p>\n<p>Ab einem Bestellwert von CHF 500.00 liefern wir versandkostenfrei. 500.-<br \/>\nUnter diesem Betrag wird eine Pauschale von CHF. 15,90 berechnet.  <\/p>\n<p>Unsere Rechnungen sind generell bei Lieferung zahlbar, wobei alle Zahlungsmethoden akzeptiert werden.<\/p>\n<p>Bei allen Online-Bestellungen f\u00fchren wir immer einen Telefonanruf durch, um sicherzustellen, dass Sie das richtige Produkt f\u00fcr Ihre Bed\u00fcrfnisse ausgew\u00e4hlt haben. So k\u00f6nnen Sie sicher sein, dass Sie die richtige Wahl treffen. <\/p>\n<p>&nbsp;<\/p>\n<p>&nbsp;<\/p>\n","protected":false},"excerpt":{"rendered":"<p>Das Material wird zerlegt geliefert, die Montage erfolgt durch uns bei der Lieferung,<\/p>\n<p>Besuchen Sie auch unsere Seite <span style=\"color: #800000;\"><strong><a style=\"color: #800000;\" href=\"https:\/\/cdiffprom.ch\/produit\/ecran-de-protection-suspendu\/\">H\u00e4ngende Bildschirme<\/a><\/strong><\/span>.<\/p>\n","protected":false},"featured_media":104039,"template":"","meta":{"slim_seo":{"title":"MOBILE SCHUTZWAND - Suisse - C.Diff-Prom","description":"Das Material wird zerlegt geliefert, die Montage erfolgt durch uns bei der Lieferung, Besuchen Sie auch unsere Seite H\u00e4ngende Bildschirme ."}},"product_brand":[],"product_cat":[6423],"product_tag":[],"class_list":{"0":"post-105670","1":"product","2":"type-product","3":"status-publish","4":"has-post-thumbnail","6":"product_cat-schutzmaterial","8":"first","9":"instock","10":"taxable","11":"shipping-taxable","12":"purchasable","13":"product-type-variable"},"_links":{"self":[{"href":"https:\/\/cdiffprom.ch\/de\/wp-json\/wp\/v2\/product\/105670","targetHints":{"allow":["GET"]}}],"collection":[{"href":"https:\/\/cdiffprom.ch\/de\/wp-json\/wp\/v2\/product"}],"about":[{"href":"https:\/\/cdiffprom.ch\/de\/wp-json\/wp\/v2\/types\/product"}],"wp:featuredmedia":[{"embeddable":true,"href":"https:\/\/cdiffprom.ch\/de\/wp-json\/wp\/v2\/media\/104039"}],"wp:attachment":[{"href":"https:\/\/cdiffprom.ch\/de\/wp-json\/wp\/v2\/media?parent=105670"}],"wp:term":[{"taxonomy":"product_brand","embeddable":true,"href":"https:\/\/cdiffprom.ch\/de\/wp-json\/wp\/v2\/product_brand?post=105670"},{"taxonomy":"product_cat","embeddable":true,"href":"https:\/\/cdiffprom.ch\/de\/wp-json\/wp\/v2\/product_cat?post=105670"},{"taxonomy":"product_tag","embeddable":true,"href":"https:\/\/cdiffprom.ch\/de\/wp-json\/wp\/v2\/product_tag?post=105670"}],"curies":[{"name":"wp","href":"https:\/\/api.w.org\/{rel}","templated":true}]}}