{"id":105676,"date":"2020-04-16T22:30:02","date_gmt":"2020-04-16T20:30:02","guid":{"rendered":"https:\/\/cdiffprom.ch\/produit\/transparenter-schutz-3-modelle\/"},"modified":"2020-04-16T22:30:02","modified_gmt":"2020-04-16T20:30:02","slug":"transparenter-schutz-3-modelle","status":"publish","type":"product","link":"https:\/\/cdiffprom.ch\/de\/produit\/transparenter-schutz-3-modelle\/","title":{"rendered":"TRANSPARENTER SCHUTZ 3 MODELLE"},"content":{"rendered":"<h3><span style=\"color: #800000;\"><strong>Transparenter Schutz 3 Modelle<\/strong><\/span><\/h3>\n<p>Dieser transparente Schutz ist in 3 Modellen erh\u00e4ltlich und wird Sie bei der Kommunikation mit Ihren Kunden sch\u00fctzen. Er ist ideal f\u00fcr die Weitergabe von Dokumenten und Zahlungsterminals. <\/p>\n<p>Alle drei Modelle sind in einer Breite von 76 cm erh\u00e4ltlich und Sie k\u00f6nnen sie in zwei H\u00f6hen w\u00e4hlen: 60 cm oder 95 cm.<\/p>\n<ul>\n<li>95 cm hoch: erh\u00e4ltlich mit 2 \u00d6ffnungsgr\u00f6\u00dfen, 1 oder 15 cm hoch und 30 cm lang<\/li>\n<li>60 cm hoch: erh\u00e4ltlich mit 1 \u00d6ffnungsgr\u00f6\u00dfe, 10 cm hoch und 30 cm lang<\/li>\n<\/ul>\n<p>Sie sind sehr einfach zu installieren und k\u00f6nnen mit Hilfe des mitgelieferten doppelseitigen Aufklebers die Haftung auf Ihrer Theke verst\u00e4rken.<\/p>\n<p>Sehen Sie sich auch unseren Schutzschirm an. <a href=\"https:\/\/cdiffprom.ch\/produit\/ecran-de-protection-plexiglass\/\"><span style=\"color: #800000;\"><strong><span style=\"color: #800000;\">Standard-Schutzschirm mit eingef\u00fcgtem Fu\u00df<\/span>.<\/strong><\/span><\/a><\/p>\n<p>Bitte fragen Sie uns nach unseren<a href=\"https:\/\/cdiffprom.ch\/elements\/contactez-nous\/\"><span style=\"color: #800000;\"><strong> Mengenrabatte zu gew\u00e4hren.<\/strong><\/span><\/a> ab 5 St\u00fcck der gleichen Gr\u00f6\u00dfe.<\/p>\n<h4><span style=\"color: #800000;\"><strong>Lieferbedingungen<\/strong><\/span><\/h4>\n<p>Alle unsere Produkte sind innerhalb von 10 Tagen nach Eingang Ihrer Bestellung lieferbar. Bitte z\u00f6gern Sie nicht, uns zu kontaktieren. <a href=\"https:\/\/cdiffprom.ch\/elements\/contactez-nous\/\"><span style=\"color: #800000;\"><strong>uns zu kontaktieren.<\/strong><\/span><\/a> Wenn Sie einen dringenderen Bedarf haben, k\u00f6nnen wir Ihnen immer eine schnellere L\u00f6sung anbieten. <\/p>\n<p>Einige Artikel k\u00f6nnen eine l\u00e4ngere Lieferzeit in Anspruch nehmen, da sie nicht auf Lager unseres Lieferanten sind. In diesem Fall werden Sie nach Eingang Ihrer Bestellung benachrichtigt. <\/p>\n<p>Wir liefern versandkostenfrei ab einem Bestellwert von CHF. 500.-. Unterhalb dieses Betrags wird eine Pauschale von CHF. 15,90 zu entrichten. <\/p>\n","protected":false},"excerpt":{"rendered":"<p><span style=\"color: #ff0000;\"><strong>Dieser Artikel ist ab Lager verf\u00fcgbar, d.h. er ist sofort nach Eingang Ihrer Bestellung lieferbar.<br \/>\n<\/strong><\/span><\/p>\n<p>Schutz in einer L\u00e4nge von 76 cm, aber mit 2 H\u00f6hen, 60 oder 95 cm, und 2 \u00d6ffnungsgr\u00f6\u00dfen, um Ihre Dokumente durchzuschieben.<\/p>\n<p>Abh\u00e4ngig von Ihrem verf\u00fcgbaren Platz k\u00f6nnen Sie sich auch das <span style=\"color: #800000;\"><strong><a style=\"color: #800000;\" href=\"https:\/\/cdiffprom.ch\/produit\/ecran-de-protection-plexiglass\/\">unser kleineres Modell.<\/a><\/strong><\/span><\/p>\n","protected":false},"featured_media":103974,"template":"","meta":{"slim_seo":{"title":"TRANSPARENTER SCHUTZ 3 MODELLE - Suisse - C.Diff-Prom","description":"Dieser Artikel ist ab Lager verf\u00fcgbar, d.h. er ist sofort nach Eingang Ihrer Bestellung lieferbar. Schutz in einer L\u00e4nge von 76 cm, aber mit 2 H\u00f6hen, 60 oder 95"}},"product_brand":[],"product_cat":[6391,6352,6423],"product_tag":[],"class_list":{"0":"post-105676","1":"product","2":"type-product","3":"status-publish","4":"has-post-thumbnail","6":"product_cat-burozubehor","7":"product_cat-pult-und-theken","8":"product_cat-schutzmaterial","9":"pa_dimensions-hohe-60-x-lange-76-cm-offnung-10-cm","10":"pa_dimensions-hohe-95-x-lange-76-cm-offnung-1-cm","11":"pa_dimensions-hohe-95-x-lange-76-cm-offnung-15-cm","13":"first","14":"instock","15":"taxable","16":"shipping-taxable","17":"purchasable","18":"product-type-variable"},"_links":{"self":[{"href":"https:\/\/cdiffprom.ch\/de\/wp-json\/wp\/v2\/product\/105676","targetHints":{"allow":["GET"]}}],"collection":[{"href":"https:\/\/cdiffprom.ch\/de\/wp-json\/wp\/v2\/product"}],"about":[{"href":"https:\/\/cdiffprom.ch\/de\/wp-json\/wp\/v2\/types\/product"}],"wp:featuredmedia":[{"embeddable":true,"href":"https:\/\/cdiffprom.ch\/de\/wp-json\/wp\/v2\/media\/103974"}],"wp:attachment":[{"href":"https:\/\/cdiffprom.ch\/de\/wp-json\/wp\/v2\/media?parent=105676"}],"wp:term":[{"taxonomy":"product_brand","embeddable":true,"href":"https:\/\/cdiffprom.ch\/de\/wp-json\/wp\/v2\/product_brand?post=105676"},{"taxonomy":"product_cat","embeddable":true,"href":"https:\/\/cdiffprom.ch\/de\/wp-json\/wp\/v2\/product_cat?post=105676"},{"taxonomy":"product_tag","embeddable":true,"href":"https:\/\/cdiffprom.ch\/de\/wp-json\/wp\/v2\/product_tag?post=105676"}],"curies":[{"name":"wp","href":"https:\/\/api.w.org\/{rel}","templated":true}]}}