{"id":105677,"date":"2020-09-14T20:53:13","date_gmt":"2020-09-14T18:53:13","guid":{"rendered":"https:\/\/cdiffprom.ch\/produit\/schutzschirm-theke-zusammenstellbar\/"},"modified":"2020-09-14T20:53:13","modified_gmt":"2020-09-14T18:53:13","slug":"schutzschirm-theke-zusammenstellbar","status":"publish","type":"product","link":"https:\/\/cdiffprom.ch\/de\/produit\/schutzschirm-theke-zusammenstellbar\/","title":{"rendered":"SCHUTZSCHIRM THEKE\/ZUSAMMENSTELLBAR"},"content":{"rendered":"<h3><span style=\"color: #800000;\"><strong>Schutzschirm Theke\/zusammenstellbar<\/strong><\/span><\/h3>\n<p>Mit diesem Schutzschirm k\u00f6nnen Sie Ihren Schalter oder Ihre Theke optimal und unter Einhaltung der Gesundheitsnormen ausstatten.<\/p>\n<p>Diese sehr starken und stabilen Bildschirme, die durch einfaches Einsetzen miteinander verbunden werden k\u00f6nnen, sind in folgenden Gr\u00f6\u00dfen erh\u00e4ltlich<\/p>\n<ul>\n<li>H\u00f6he 100 cm: Breite 80, 100 oder 120 cm<\/li>\n<\/ul>\n<p>und so geliefert werden, dass sie freistehend sind, wobei die H\u00f6he des Dokumentendurchgangs zwischen 5 und 20 cm frei ist.<\/p>\n<h4><span style=\"color: #800000;\"><strong>Technische Spezifit\u00e4t<\/strong><\/span><\/h4>\n<ul>\n<li>M\u00f6glichkeit, mehrere Bildschirme nebeneinander zu montieren<\/li>\n<li>100% transparentes, unzerbrechliches Plexiglas<\/li>\n<li>Robuste und stabile Struktur aus naturfarbenem eloxiertem Aluminium 5 x 2,5 cm<\/li>\n<li>Verstellbare Dokumententasche mit einer maximalen \u00d6ffnung von 21 cm H\u00f6he.<\/li>\n<li>Metallf\u00fc\u00dfe 30 x 2,5 cm, Dicke 0,6 cm<\/li>\n<li>Verschiedene Befestigungen auf der Arbeitsplatte m\u00f6glich (Schrauben im Lieferumfang enthalten oder doppelseitig auf Anfrage)<\/li>\n<\/ul>\n<p>Wir haben auch <span style=\"color: #800000;\"><strong><a style=\"color: #800000;\" href=\"https:\/\/cdiffprom.ch\/produit\/ecran-de-protection-suspendu\/\">H\u00e4ngende Schutzschirme<\/a><\/strong><\/span>Bitte fragen Sie bei Bedarf danach.<\/p>\n<h4><strong><span style=\"color: #800000;\">Lieferbedingungen<\/span><\/strong><\/h4>\n<p>Alle unsere Produkte sind innerhalb von 10 Tagen nach Eingang Ihrer Bestellung lieferbar. Z\u00f6gern Sie nicht, uns zu kontaktieren. <strong><a href=\"https:\/\/cdiffprom.ch\/elements\/contactez-nous\/\"><span style=\"color: #800000;\">uns<\/span> <span style=\"color: #800000;\">zu kontaktieren.<\/span><\/a><\/strong> Wenn Sie einen dringenderen Bedarf haben, k\u00f6nnen wir Ihnen immer eine schnellere L\u00f6sung anbieten. <\/p>\n<p>Einige Artikel k\u00f6nnen eine l\u00e4ngere Lieferzeit in Anspruch nehmen, da sie nicht auf Lager unseres Lieferanten sind. In diesem Fall werden Sie nach Eingang Ihrer Bestellung benachrichtigt. <\/p>\n<p>Ab einem Bestellwert von CHF 500.00 liefern wir versandkostenfrei. 500.-<br \/>\nUnter diesem Betrag wird eine Pauschale von CHF. 15,90 berechnet.  <\/p>\n<p>Unsere Rechnungen sind generell bei Lieferung zahlbar, wobei alle Zahlungsmethoden akzeptiert werden.<\/p>\n<p>Bei allen Online-Bestellungen f\u00fchren wir immer einen Telefonanruf durch, um sicherzustellen, dass Sie das richtige Produkt f\u00fcr Ihre Bed\u00fcrfnisse ausgew\u00e4hlt haben. So k\u00f6nnen Sie sicher sein, dass Sie die richtige Wahl treffen. <\/p>\n<p>&nbsp;<\/p>\n","protected":false},"excerpt":{"rendered":"<p>Ideal f\u00fcr Schalter oder Theken. Kann nebeneinander aufgestellt werden. <\/p>\n<p>Besuchen Sie auch unsere Seite <span style=\"color: #800000;\"><strong><a style=\"color: #800000;\" href=\"https:\/\/cdiffprom.ch\/produit\/ecran-de-protection-suspendu\/\">H\u00e4ngende Bildschirme<\/a><\/strong><\/span><\/p>\n","protected":false},"featured_media":104055,"template":"","meta":{"slim_seo":{"title":"SCHUTZSCHIRM THEKE\/ZUSAMMENSTELLBAR - Suisse - C.Diff-Prom","description":"Ideal f\u00fcr Schalter oder Theken. Kann nebeneinander aufgestellt werden. Besuchen Sie auch unsere Seite H\u00e4ngende Bildschirme"}},"product_brand":[],"product_cat":[6423],"product_tag":[],"class_list":{"0":"post-105677","1":"product","2":"type-product","3":"status-publish","4":"has-post-thumbnail","6":"product_cat-schutzmaterial","8":"first","9":"instock","10":"taxable","11":"shipping-taxable","12":"purchasable","13":"product-type-variable"},"_links":{"self":[{"href":"https:\/\/cdiffprom.ch\/de\/wp-json\/wp\/v2\/product\/105677","targetHints":{"allow":["GET"]}}],"collection":[{"href":"https:\/\/cdiffprom.ch\/de\/wp-json\/wp\/v2\/product"}],"about":[{"href":"https:\/\/cdiffprom.ch\/de\/wp-json\/wp\/v2\/types\/product"}],"wp:featuredmedia":[{"embeddable":true,"href":"https:\/\/cdiffprom.ch\/de\/wp-json\/wp\/v2\/media\/104055"}],"wp:attachment":[{"href":"https:\/\/cdiffprom.ch\/de\/wp-json\/wp\/v2\/media?parent=105677"}],"wp:term":[{"taxonomy":"product_brand","embeddable":true,"href":"https:\/\/cdiffprom.ch\/de\/wp-json\/wp\/v2\/product_brand?post=105677"},{"taxonomy":"product_cat","embeddable":true,"href":"https:\/\/cdiffprom.ch\/de\/wp-json\/wp\/v2\/product_cat?post=105677"},{"taxonomy":"product_tag","embeddable":true,"href":"https:\/\/cdiffprom.ch\/de\/wp-json\/wp\/v2\/product_tag?post=105677"}],"curies":[{"name":"wp","href":"https:\/\/api.w.org\/{rel}","templated":true}]}}