{"id":105684,"date":"2020-04-18T16:49:01","date_gmt":"2020-04-18T14:49:01","guid":{"rendered":"https:\/\/cdiffprom.ch\/produit\/persoenliches-schutzvisier\/"},"modified":"2020-04-18T16:49:01","modified_gmt":"2020-04-18T14:49:01","slug":"persoenliches-schutzvisier","status":"publish","type":"product","link":"https:\/\/cdiffprom.ch\/de\/produit\/persoenliches-schutzvisier\/","title":{"rendered":"PERS\u00d6NLICHES SCHUTZVISIER"},"content":{"rendered":"<h3><span style=\"color: #800000;\"><strong>Pers\u00f6nliches Schutzvisier<\/strong><\/span><\/h3>\n<p>Entscheiden Sie sich daf\u00fcr, dieses pers\u00f6nliche Schutzvisier zu tragen, wenn Sie w\u00e4hrend Ihrer Arbeit mit anderen Personen konfrontiert werden.<\/p>\n<p>Sie besteht aus halbsteifem PVC mit einer Dicke von 0,3 mm und bietet Ihnen perfekten Schutz in vielen Situationen.<\/p>\n<ul>\n<li>Schwarzer flexibler Gurt 25x200x 3 mm<\/li>\n<li>Einstellbarer Abstand zum Gesicht, um ein Beschlagen zu verhindern<\/li>\n<li>Schnallen zum Einstellen des Kopfumfangs<\/li>\n<li>Passt sich an alle Kopfgr\u00f6\u00dfen an<\/li>\n<li>Sehr einfach zu positionieren und zu entfernen<\/li>\n<li>Abmessungen des Visiers 285 x 380 mm<\/li>\n<\/ul>\n<p>Fragen Sie nach unseren Sonderkonditionen ab einer Bestellmenge von 5 St\u00fcck.<\/p>\n<p>Besuchen Sie auch unsere Seiten <span style=\"color: #800000;\"><strong><a style=\"color: #800000;\" href=\"https:\/\/cdiffprom.ch\/produit\/ecran-de-protection-plexiglass\/\">Schutzschirme<\/a><\/strong><\/span>Sch\u00fctzen Sie sich an Ihrem Schreibtisch oder Tresen.<\/p>\n<h4><span style=\"color: #800000;\"><strong>Lieferbedingungen<\/strong><\/span><\/h4>\n<p>Alle unsere Produkte sind innerhalb von 10 Tagen nach Eingang Ihrer Bestellung lieferbar. Bitte z\u00f6gern Sie nicht, uns zu kontaktieren. <a href=\"https:\/\/cdiffprom.ch\/elements\/contactez-nous\/\"><strong><span style=\"color: #800000;\">uns zu kontaktieren.<\/span><\/strong><\/a> Wenn Sie einen dringenderen Bedarf haben, k\u00f6nnen wir Ihnen immer eine schnellere L\u00f6sung anbieten. <\/p>\n<p>Einige Artikel k\u00f6nnen eine l\u00e4ngere Lieferzeit in Anspruch nehmen, da sie nicht auf Lager unseres Lieferanten sind. In diesem Fall werden Sie nach Eingang Ihrer Bestellung benachrichtigt. <\/p>\n<p>Wir liefern versandkostenfrei ab einem Bestellwert von CHF. 500.-. Unterhalb dieses Betrags wird eine Pauschale von CHF. 15,90 zu entrichten. <\/p>\n","protected":false},"excerpt":{"rendered":"<p>Plexiglas-Visier passt sich an alle Kopfgr\u00f6\u00dfen an.<\/p>\n","protected":false},"featured_media":103982,"template":"","meta":{"slim_seo":{"title":"PERS\u00d6NLICHES SCHUTZVISIER - Suisse - C.Diff-Prom","description":"Plexiglas-Visier passt sich an alle Kopfgr\u00f6\u00dfen an."}},"product_brand":[],"product_cat":[6423],"product_tag":[],"class_list":{"0":"post-105684","1":"product","2":"type-product","3":"status-publish","4":"has-post-thumbnail","6":"product_cat-schutzmaterial","8":"first","9":"instock","10":"taxable","11":"shipping-taxable","12":"purchasable","13":"product-type-simple"},"_links":{"self":[{"href":"https:\/\/cdiffprom.ch\/de\/wp-json\/wp\/v2\/product\/105684","targetHints":{"allow":["GET"]}}],"collection":[{"href":"https:\/\/cdiffprom.ch\/de\/wp-json\/wp\/v2\/product"}],"about":[{"href":"https:\/\/cdiffprom.ch\/de\/wp-json\/wp\/v2\/types\/product"}],"wp:featuredmedia":[{"embeddable":true,"href":"https:\/\/cdiffprom.ch\/de\/wp-json\/wp\/v2\/media\/103982"}],"wp:attachment":[{"href":"https:\/\/cdiffprom.ch\/de\/wp-json\/wp\/v2\/media?parent=105684"}],"wp:term":[{"taxonomy":"product_brand","embeddable":true,"href":"https:\/\/cdiffprom.ch\/de\/wp-json\/wp\/v2\/product_brand?post=105684"},{"taxonomy":"product_cat","embeddable":true,"href":"https:\/\/cdiffprom.ch\/de\/wp-json\/wp\/v2\/product_cat?post=105684"},{"taxonomy":"product_tag","embeddable":true,"href":"https:\/\/cdiffprom.ch\/de\/wp-json\/wp\/v2\/product_tag?post=105684"}],"curies":[{"name":"wp","href":"https:\/\/api.w.org\/{rel}","templated":true}]}}