{"id":105686,"date":"2020-04-19T18:25:03","date_gmt":"2020-04-19T16:25:03","guid":{"rendered":"https:\/\/cdiffprom.ch\/produit\/haengender-schutzschirm\/"},"modified":"2020-04-19T18:25:03","modified_gmt":"2020-04-19T16:25:03","slug":"haengender-schutzschirm","status":"publish","type":"product","link":"https:\/\/cdiffprom.ch\/de\/produit\/haengender-schutzschirm\/","title":{"rendered":"H\u00c4NGENDER SCHUTZSCHIRM"},"content":{"rendered":"<h3><span style=\"color: #800000;\"><strong>H\u00e4ngender Schutzschirm<\/strong><\/span><\/h3>\n<p>Wenn Sie die M\u00f6glichkeit haben, den Bildschirm an der Decke zu installieren, ist dieser H\u00e4ngeschirm perfekt f\u00fcr Sie.<\/p>\n<p>Dieser Bildschirm bietet Ihnen einen perfekten Schutz und erf\u00fcllt gleichzeitig die medizinischen Empfehlungen. M\u00f6gliche Anwendungen in der Gastronomie zum Mitnehmen, im Einzelhandel. <\/p>\n<p>Dieser Bildschirm ist in 3 Gr\u00f6\u00dfen erh\u00e4ltlich:<\/p>\n<ul>\n<li>H. von 70 cm auf 120 cm L\u00e4nge, Gewicht von 1 kg 350<\/li>\n<li>H. 70 cm auf 150 cm L\u00e4nge, Gewicht 1 kg 500<\/li>\n<li>H. 100 cm auf 150 cm L\u00e4nge Gewicht 2 kg 100<\/li>\n<\/ul>\n<p>Zu Ihrer Information: Die Kabel und Schrauben sind im Lieferumfang enthalten.<\/p>\n<p>Dar\u00fcber hinaus sorgt die untere Beschwerungsstange f\u00fcr eine perfekte Planlage des Bildschirms.<\/p>\n<h4><span style=\"color: #800000;\"><strong>Technische Spezifikationen<\/strong><\/span><\/h4>\n<ul>\n<li>Nat\u00fcrliches eloxiertes Aluprofil in der L\u00e4nge des Bildschirms<\/li>\n<li>Dicke der Blenden: 0,7 mm<\/li>\n<\/ul>\n<p><span style=\"color: #800000;\"><strong>Lieferbedingungen<\/strong><\/span><\/p>\n<p>Alle unsere Produkte sind innerhalb von 10 Tagen nach Eingang Ihrer Bestellung lieferbar. Bitte z\u00f6gern Sie nicht, uns zu kontaktieren. <a href=\"https:\/\/cdiffprom.ch\/elements\/contactez-nous\/\"><strong><span style=\"color: #800000;\">uns zu kontaktieren.<\/span><\/strong><\/a> Wenn Sie einen dringenderen Bedarf haben, k\u00f6nnen wir Ihnen immer eine schnellere L\u00f6sung anbieten. <\/p>\n<p>Einige Artikel k\u00f6nnen eine l\u00e4ngere Lieferzeit in Anspruch nehmen, da sie nicht auf Lager unseres Lieferanten sind.<br \/>\nIn diesem Fall werden Sie sofort nach Eingang Ihrer Bestellung benachrichtigt.<\/p>\n<p>Wir liefern versandkostenfrei ab einem Bestellwert von CHF. 500.-. Unterhalb dieses Betrags wird eine Pauschale von CHF. 15,90 zu entrichten. <\/p>\n","protected":false},"excerpt":{"rendered":"<p>H\u00e4ngende Leinwand f\u00fcr einen guten Schutz. Ideal, wenn Sie nur eine gerade Decke haben. <\/p>\n<p>F\u00fcr die Installation auf einem Tisch oder einer Theke sehen Sie sich bitte unsere Auswahl an. <strong><span style=\"color: #800000;\"><a style=\"color: #800000;\" href=\"https:\/\/cdiffprom.ch\/product-category\/materiel-de-protection\/\">verschiedenen Modellen.<\/a><\/span><\/strong><\/p>\n","protected":false},"featured_media":103985,"template":"","meta":{"slim_seo":{"title":"H\u00c4NGENDER SCHUTZSCHIRM - Suisse - C.Diff-Prom","description":"H\u00e4ngende Leinwand f\u00fcr einen guten Schutz. Ideal, wenn Sie nur eine gerade Decke haben. F\u00fcr die Installation auf einem Tisch oder einer Theke sehen Sie sich bitt"}},"product_brand":[],"product_cat":[6423],"product_tag":[],"class_list":{"0":"post-105686","1":"product","2":"type-product","3":"status-publish","4":"has-post-thumbnail","6":"product_cat-schutzmaterial","7":"pa_dimensions-h-70-x-b-150-cm","8":"pa_dimensions-h-70-x-l-120-cm-de","9":"pa_dimensions-h-100-x-b-150-cm","11":"first","12":"instock","13":"taxable","14":"shipping-taxable","15":"purchasable","16":"product-type-variable"},"_links":{"self":[{"href":"https:\/\/cdiffprom.ch\/de\/wp-json\/wp\/v2\/product\/105686","targetHints":{"allow":["GET"]}}],"collection":[{"href":"https:\/\/cdiffprom.ch\/de\/wp-json\/wp\/v2\/product"}],"about":[{"href":"https:\/\/cdiffprom.ch\/de\/wp-json\/wp\/v2\/types\/product"}],"wp:featuredmedia":[{"embeddable":true,"href":"https:\/\/cdiffprom.ch\/de\/wp-json\/wp\/v2\/media\/103985"}],"wp:attachment":[{"href":"https:\/\/cdiffprom.ch\/de\/wp-json\/wp\/v2\/media?parent=105686"}],"wp:term":[{"taxonomy":"product_brand","embeddable":true,"href":"https:\/\/cdiffprom.ch\/de\/wp-json\/wp\/v2\/product_brand?post=105686"},{"taxonomy":"product_cat","embeddable":true,"href":"https:\/\/cdiffprom.ch\/de\/wp-json\/wp\/v2\/product_cat?post=105686"},{"taxonomy":"product_tag","embeddable":true,"href":"https:\/\/cdiffprom.ch\/de\/wp-json\/wp\/v2\/product_tag?post=105686"}],"curies":[{"name":"wp","href":"https:\/\/api.w.org\/{rel}","templated":true}]}}