{"id":105694,"date":"2020-11-20T14:42:10","date_gmt":"2020-11-20T13:42:10","guid":{"rendered":"https:\/\/cdiffprom.ch\/produit\/beruehrungsloser-gelspender\/"},"modified":"2020-11-20T14:42:10","modified_gmt":"2020-11-20T13:42:10","slug":"beruehrungsloser-gelspender","status":"publish","type":"product","link":"https:\/\/cdiffprom.ch\/de\/produit\/beruehrungsloser-gelspender\/","title":{"rendered":"BER\u00dcHRUNGSLOSER GELSPENDER"},"content":{"rendered":"<h3><span style=\"color: #993300;\"><strong>Ber\u00fchrungsloser Gel-Spender<\/strong><\/span><\/h3>\n<p>Mit diesem ber\u00fchrungslosen Spender f\u00fcr hydroalkoholisches Gel m\u00fcssen Sie nur Ihre H\u00e4nde darunter halten, um eine Dosis des Gels zu erhalten.<\/p>\n<p>Das ideale System, um den letzten Tropfen auf Ihrem Boden zu beseitigen. Der Tank fasst 1 Liter hydroalkoholisches Gel.<\/p>\n<p>2 m\u00f6gliche Einstellungen der Gel-Dosierung f\u00fcr eine perfekte Einsparung, batteriebetrieben f\u00fcr die Wandmontage und diebstahlsicher.<br \/>\nWird mit 2 Schl\u00fcsseln geliefert, um ihn einfach wieder aufzuladen.<\/p>\n<p>LR6-Batterien sind nicht im Lieferumfang des Automaten enthalten.<\/p>\n<p>Wandbefestigung mit den mitgelieferten Schrauben.<\/p>\n<p>Robuste Konstruktion aus hochfestem ABS-Kunststoff.<\/p>\n<p>Gesamtabmessungen: H.265 x B.125 x T.115 mm. Leergewicht: 1 kg 100 <\/p>\n<p>Bitte rufen Sie uns an, wenn Sie eine freistehende Installation w\u00fcnschen, die ebenfalls m\u00f6glich ist.<\/p>\n<h4><span style=\"color: #993300;\"><strong>Lieferbedingungen<\/strong><\/span><\/h4>\n<p>Alle unsere Produkte sind innerhalb von 10 Tagen nach Eingang Ihrer Bestellung lieferbar. Bitte z\u00f6gern Sie nicht, uns zu kontaktieren. <span style=\"color: #993300;\"><strong><a style=\"color: #993300;\" href=\"https:\/\/cdiffprom.ch\/elements\/contactez-nous\/\">uns zu kontaktieren.<\/a><\/strong><\/span> Wenn Sie einen dringenderen Bedarf haben, k\u00f6nnen wir Ihnen immer eine schnellere L\u00f6sung anbieten. <\/p>\n<p>Einige Artikel k\u00f6nnen eine l\u00e4ngere Lieferzeit in Anspruch nehmen, da sie nicht auf Lager unseres Lieferanten sind. In diesem Fall werden Sie nach Eingang Ihrer Bestellung benachrichtigt. <\/p>\n<p>Ab einem Bestellwert von CHF 500.00 liefern wir versandkostenfrei. 500.-<br \/>\nUnter diesem Betrag wird eine Pauschale von CHF. 15,90 berechnet.  <\/p>\n<p>Unsere Rechnungen sind generell bei Lieferung zahlbar, wobei alle Zahlungsmethoden akzeptiert werden.<\/p>\n<p>Bei allen Online-Bestellungen f\u00fchren wir immer einen Telefonanruf durch, um sicherzustellen, dass Sie das richtige Produkt f\u00fcr Ihre Bed\u00fcrfnisse ausgew\u00e4hlt haben. So k\u00f6nnen Sie sicher sein, dass Sie die richtige Wahl treffen. <\/p>\n<div id=\"col-416715733\" class=\"col medium-6 small-12 large-6\">\n<div class=\"col-inner\">\n<div class=\"related related-products-wrapper product-section\">\n<div class=\"row equalize-box large-columns-2 medium-columns-3 small-columns-2 row-small\">\n<div class=\"product-small col has-hover product type-product post-82331 status-publish instock product_cat-nouveaute has-post-thumbnail taxable shipping-taxable purchasable product-type-simple\">\n<div class=\"col-inner\">\n<div class=\"badge-container absolute left top z-1\"><\/div>\n<div class=\"product-small box \">\n<div class=\"box-image\">\n<div class=\"image-fade_in_back\"><\/div>\n<div class=\"image-tools is-small top right show-on-hover\"><\/div>\n<div class=\"image-tools grid-tools text-center hide-for-small bottom hover-slide-in show-on-hover\"><\/div>\n<\/div>\n<\/div>\n<\/div>\n<\/div>\n<\/div>\n<\/div>\n<\/div>\n<\/div>\n","protected":false},"excerpt":{"rendered":"<p>Bieten Sie Ihren Kunden eine optimale Desinfektion ohne jeglichen Kontakt<\/p>\n<p>Sehen Sie sich auch unsere <span style=\"color: #993300;\"><a style=\"color: #993300;\" href=\"https:\/\/cdiffprom.ch\/produit\/distributeur-gel-avec-pompe\/\"><strong>St\u00e4nder<\/strong> <strong>auf F\u00fc\u00dfen<\/strong> <\/a><\/span> <\/p>\n","protected":false},"featured_media":104124,"template":"","meta":{"slim_seo":{"title":"BER\u00dcHRUNGSLOSER GELSPENDER - Suisse - C.Diff-Prom","description":"Bieten Sie Ihren Kunden eine optimale Desinfektion ohne jeglichen Kontakt Sehen Sie sich auch unsere St\u00e4nder auf F\u00fc\u00dfen"}},"product_brand":[],"product_cat":[6423],"product_tag":[],"class_list":{"0":"post-105694","1":"product","2":"type-product","3":"status-publish","4":"has-post-thumbnail","6":"product_cat-schutzmaterial","8":"first","9":"instock","10":"taxable","11":"shipping-taxable","12":"purchasable","13":"product-type-simple"},"_links":{"self":[{"href":"https:\/\/cdiffprom.ch\/de\/wp-json\/wp\/v2\/product\/105694","targetHints":{"allow":["GET"]}}],"collection":[{"href":"https:\/\/cdiffprom.ch\/de\/wp-json\/wp\/v2\/product"}],"about":[{"href":"https:\/\/cdiffprom.ch\/de\/wp-json\/wp\/v2\/types\/product"}],"wp:featuredmedia":[{"embeddable":true,"href":"https:\/\/cdiffprom.ch\/de\/wp-json\/wp\/v2\/media\/104124"}],"wp:attachment":[{"href":"https:\/\/cdiffprom.ch\/de\/wp-json\/wp\/v2\/media?parent=105694"}],"wp:term":[{"taxonomy":"product_brand","embeddable":true,"href":"https:\/\/cdiffprom.ch\/de\/wp-json\/wp\/v2\/product_brand?post=105694"},{"taxonomy":"product_cat","embeddable":true,"href":"https:\/\/cdiffprom.ch\/de\/wp-json\/wp\/v2\/product_cat?post=105694"},{"taxonomy":"product_tag","embeddable":true,"href":"https:\/\/cdiffprom.ch\/de\/wp-json\/wp\/v2\/product_tag?post=105694"}],"curies":[{"name":"wp","href":"https:\/\/api.w.org\/{rel}","templated":true}]}}