{"id":105695,"date":"2021-01-30T17:09:06","date_gmt":"2021-01-30T16:09:06","guid":{"rendered":"https:\/\/cdiffprom.ch\/produit\/vm-box-premium\/"},"modified":"2021-01-30T17:09:06","modified_gmt":"2021-01-30T16:09:06","slug":"vm-box-premium","status":"publish","type":"product","link":"https:\/\/cdiffprom.ch\/de\/produit\/vm-box-premium\/","title":{"rendered":"VM BOX PREMIUM"},"content":{"rendered":"<h3><span style=\"color: #993300;\"><strong>VN Box Premium<\/strong><\/span><\/h3>\n<p>Mit unserer VM Box Premium Halterung k\u00f6nnen Sie bis zu 8 beleuchtete Plakatrahmen in zwei verschiedenen Gr\u00f6\u00dfen, A4 und A3, anbringen.<br \/>\nDieses System ist eine hervorragende Erg\u00e4nzung zu Ihrem Schaufenster, um eine gro\u00dfe Anzahl von Angeboten auf kleinem Raum auszustellen.<\/p>\n<p>Dank des drehbaren Standfu\u00dfes auf Rollen k\u00f6nnen Sie den St\u00e4nder nach Belieben ausrichten und verschieben, je nachdem, wie viel Platz Sie zur Verf\u00fcgung haben.<\/p>\n<p>Dieses innovative Konzept f\u00fcr Leuchtdisplays wurde von unserem Partner entwickelt. Sie erhalten damit ein optimales Displaysystem, das sich sowohl f\u00fcr den Innenbereich von Verkaufsstellen, Empfangsbereichen oder anderen Orten eignet. Sie profitieren von der Anzeige von Botschaften und\/oder Angeboten auf einem gut sichtbaren Medium.  <\/p>\n<p>Au\u00dferdem k\u00f6nnen Sie die Leuchtrahmen nach Ihren Bed\u00fcrfnissen ausrichten, entweder im Hoch- oder Querformat, und das alles auf derselben S\u00e4ule. Dank der drei verf\u00fcgbaren Farben, schwarz, wei\u00df und silbergrau, sind wir sicher, dass Sie das richtige Modell f\u00fcr sich finden werden. <\/p>\n<p>Dieser VN Box Premium St\u00e4nder ist ein sehr einfach zu montierendes System. Wir liefern es jedoch gebrauchsfertig in Ihren Verkaufsraum. <\/p>\n<h4><span style=\"color: #993300;\"><strong>Technische Spezifikationen<\/strong><\/span><\/h4>\n<ul>\n<li>Maximale H\u00f6he: 1,93 m<\/li>\n<li>Gr\u00f6\u00dfe des Rollensockels: 35 cm Seitenl\u00e4nge<\/li>\n<li>Funktioniert auf 220 V mit 24-V-Transformator<\/li>\n<li>Helligkeit: 3600 Lux<\/li>\n<\/ul>\n<h4><span style=\"color: #993300;\"><strong>Lieferbedingungen<\/strong><\/span><\/h4>\n<p>Alle unsere Produkte sind innerhalb von 10 Tagen nach Eingang Ihrer Bestellung lieferbar. Bitte z\u00f6gern Sie nicht, uns zu kontaktieren.<strong> <span style=\"color: #993300;\"><a style=\"color: #993300;\" href=\"https:\/\/cdiffprom.ch\/elements\/contactez-nous\/\">uns zu kontaktieren.<\/a><\/span><\/strong> Wenn Sie einen dringenderen Bedarf haben, k\u00f6nnen wir Ihnen immer eine schnellere L\u00f6sung anbieten. <\/p>\n<p>Einige Artikel k\u00f6nnen eine l\u00e4ngere Lieferzeit in Anspruch nehmen, da sie nicht auf Lager unseres Lieferanten sind. In diesem Fall werden Sie nach Eingang Ihrer Bestellung benachrichtigt. <\/p>\n<p>Wir liefern versandkostenfrei ab einem Bestellwert von CHF. 500.-. Unterhalb dieses Betrags wird eine Pauschale von CHF. 15,90 zu entrichten. <\/p>\n<p>Bei allen Online-Bestellungen f\u00fchren wir immer einen Telefonanruf durch, um sicherzustellen, dass Sie das richtige Produkt f\u00fcr Ihre Bed\u00fcrfnisse ausgew\u00e4hlt haben. So k\u00f6nnen Sie sicher sein, dass Sie die richtige Wahl treffen. <\/p>\n","protected":false},"excerpt":{"rendered":"<p>Idealer Werbetr\u00e4ger, wenn Sie nur \u00fcber begrenzten Platz verf\u00fcgen, perfekte Erg\u00e4nzung zu einer Schaufensterinstallation.<\/p>\n<p>Besuchen Sie auch unsere Seite<span style=\"color: #993300;\"><strong> <a style=\"color: #993300;\" href=\"https:\/\/cdiffprom.ch\/produit\/affichage-lumineux-premium\/\">Beleuchtete Premium-Displays<\/a><\/strong><\/span><\/p>\n","protected":false},"featured_media":104212,"template":"","meta":{"slim_seo":{"title":"VM BOX PREMIUM - Suisse - C.Diff-Prom","description":"Idealer Werbetr\u00e4ger, wenn Sie nur \u00fcber begrenzten Platz verf\u00fcgen, perfekte Erg\u00e4nzung zu einer Schaufensterinstallation. Besuchen Sie auch unsere Seite Beleuchte"}},"product_brand":[],"product_cat":[6373,6430],"product_tag":[],"class_list":{"0":"post-105695","1":"product","2":"type-product","3":"status-publish","4":"has-post-thumbnail","6":"product_cat-leuchtanzeige","7":"product_cat-vitrinemedia-de","9":"first","10":"instock","11":"taxable","12":"shipping-taxable","13":"purchasable","14":"product-type-variable"},"_links":{"self":[{"href":"https:\/\/cdiffprom.ch\/de\/wp-json\/wp\/v2\/product\/105695","targetHints":{"allow":["GET"]}}],"collection":[{"href":"https:\/\/cdiffprom.ch\/de\/wp-json\/wp\/v2\/product"}],"about":[{"href":"https:\/\/cdiffprom.ch\/de\/wp-json\/wp\/v2\/types\/product"}],"wp:featuredmedia":[{"embeddable":true,"href":"https:\/\/cdiffprom.ch\/de\/wp-json\/wp\/v2\/media\/104212"}],"wp:attachment":[{"href":"https:\/\/cdiffprom.ch\/de\/wp-json\/wp\/v2\/media?parent=105695"}],"wp:term":[{"taxonomy":"product_brand","embeddable":true,"href":"https:\/\/cdiffprom.ch\/de\/wp-json\/wp\/v2\/product_brand?post=105695"},{"taxonomy":"product_cat","embeddable":true,"href":"https:\/\/cdiffprom.ch\/de\/wp-json\/wp\/v2\/product_cat?post=105695"},{"taxonomy":"product_tag","embeddable":true,"href":"https:\/\/cdiffprom.ch\/de\/wp-json\/wp\/v2\/product_tag?post=105695"}],"curies":[{"name":"wp","href":"https:\/\/api.w.org\/{rel}","templated":true}]}}