{"id":105700,"date":"2020-12-12T17:17:13","date_gmt":"2020-12-12T16:17:13","guid":{"rendered":"https:\/\/cdiffprom.ch\/produit\/klemmen-zur-befestigung-von-bildschirmen\/"},"modified":"2020-12-12T17:17:13","modified_gmt":"2020-12-12T16:17:13","slug":"klemmen-zur-befestigung-von-bildschirmen","status":"publish","type":"product","link":"https:\/\/cdiffprom.ch\/de\/produit\/klemmen-zur-befestigung-von-bildschirmen\/","title":{"rendered":"KLEMMEN ZUR BEFESTIGUNG VON BILDSCHIRMEN"},"content":{"rendered":"<h3><span style=\"color: #993300;\"><strong>Klemmen zur Befestigung von Schutzschirmen<\/strong><\/span><\/h3>\n<p>Diese S\u00e4tze von Schutzschirmklemmen erm\u00f6glichen Ihnen eine einfache Montage jedes flachen Schutzschirms mit oder ohne Dokumentendurchf\u00fchrungs\u00f6ffnung.<\/p>\n<p>Es stehen Ihnen zwei Modelle zur Verf\u00fcgung:<\/p>\n<ul>\n<li>Die mittlere Bildschirmklemme f\u00fcr die Montage in der Mitte Ihres Tisches.<\/li>\n<li>Die Seitenklemme f\u00fcr die Montage vor oder hinter Ihrem Raum.<\/li>\n<\/ul>\n<p>Die Mittelklemmen erm\u00f6glichen die Installation eines Bildschirms in der Mitte eines Tisches mit einem \u00dcberstand auf jeder Seite.<\/p>\n<p>Beide Systeme sind sehr einfach und ohne Werkzeug zu installieren und erm\u00f6glichen die Aufnahme von 3 bis 8 mm dicken Schutzschildern auf einer maximal 4 cm dicken Ebene.<\/p>\n<p>W\u00e4hlen Sie die ideale Gr\u00f6\u00dfe f\u00fcr Ihren Bildschirm<span style=\"color: #993300;\"><strong><a style=\"color: #993300;\" href=\"https:\/\/cdiffprom.ch\/produit\/ecran-protection-fixation-etaux\/\"> hier<\/a><\/strong><\/span>.<\/p>\n<p>Sie k\u00f6nnen alle Arten von Bildschirmen verwenden und wenn Sie auf unserer Website keinen passenden finden, stellen wir auch ma\u00dfgeschneiderte Bildschirme her.<\/p>\n<p>Die Klemmen f\u00fcr die Befestigung von Bildschirmen werden in Packungen mit 2 St\u00fcck geliefert.<\/p>\n<h3><span style=\"color: #993300;\"><strong>Lieferbedingungen<\/strong><\/span><\/h3>\n<p>Alle unsere Produkte sind in der Regel innerhalb von 10 Tagen nach Eingang Ihrer Bestellung lieferbar. Bitte z\u00f6gern Sie nicht, uns zu kontaktieren. <span style=\"color: #993300;\"><strong><u><a style=\"color: #993300;\" href=\"https:\/\/cdiffprom.ch\/elements\/contactez-nous\/\">uns zu kontaktieren.<\/a><\/u><\/strong><\/span> Wenn Sie einen dringenderen Bedarf haben, k\u00f6nnen wir Ihnen immer eine schnellere L\u00f6sung anbieten. <\/p>\n<p>Wir w\u00e4hlen diese Frist, um unsere Transporte zu optimieren und so die nachhaltige Entwicklung zu respektieren. Dies ist f\u00fcr uns auch ein Mittel, um unsere Kosten zu senken, so dass Sie stets von niedrigen und fairen Preisen profitieren k\u00f6nnen. <\/p>\n<p>Einige Artikel k\u00f6nnen eine l\u00e4ngere Lieferzeit in Anspruch nehmen, da sie nicht auf Lager unseres Lieferanten sind. In diesem Fall werden Sie nach Eingang Ihrer Bestellung benachrichtigt. <\/p>\n<p>Wir liefern versandkostenfrei ab einem Bestellwert von CHF. 500.-. Unterhalb dieses Betrags wird eine Pauschale von CHF. 15,90 zu entrichten. <\/p>\n<p>&nbsp;<\/p>\n","protected":false},"excerpt":{"rendered":"<p>Die ideale L\u00f6sung, um Ihre Schutzschirme in der Mitte eines Tisches mit einem \u00dcberhang auf jeder Seite zu installieren.<\/p>\n<p>W\u00e4hlen Sie Ihren <span style=\"color: #993300;\"><strong><a style=\"color: #993300;\" href=\"https:\/\/cdiffprom.ch\/produit\/ecran-protection-fixation-etaux\/\">Bildschirm hier<\/a><\/strong><\/span><\/p>\n","protected":false},"featured_media":104126,"template":"","meta":{"slim_seo":{"title":"KLEMMEN ZUR BEFESTIGUNG VON BILDSCHIRMEN - Suisse - C.Diff-Prom","description":"Die ideale L\u00f6sung, um Ihre Schutzschirme in der Mitte eines Tisches mit einem \u00dcberhang auf jeder Seite zu installieren. W\u00e4hlen Sie Ihren Bildschirm hier"}},"product_brand":[],"product_cat":[6423],"product_tag":[],"class_list":{"0":"post-105700","1":"product","2":"type-product","3":"status-publish","4":"has-post-thumbnail","6":"product_cat-schutzmaterial","8":"first","9":"instock","10":"taxable","11":"shipping-taxable","12":"purchasable","13":"product-type-variable"},"_links":{"self":[{"href":"https:\/\/cdiffprom.ch\/de\/wp-json\/wp\/v2\/product\/105700","targetHints":{"allow":["GET"]}}],"collection":[{"href":"https:\/\/cdiffprom.ch\/de\/wp-json\/wp\/v2\/product"}],"about":[{"href":"https:\/\/cdiffprom.ch\/de\/wp-json\/wp\/v2\/types\/product"}],"wp:featuredmedia":[{"embeddable":true,"href":"https:\/\/cdiffprom.ch\/de\/wp-json\/wp\/v2\/media\/104126"}],"wp:attachment":[{"href":"https:\/\/cdiffprom.ch\/de\/wp-json\/wp\/v2\/media?parent=105700"}],"wp:term":[{"taxonomy":"product_brand","embeddable":true,"href":"https:\/\/cdiffprom.ch\/de\/wp-json\/wp\/v2\/product_brand?post=105700"},{"taxonomy":"product_cat","embeddable":true,"href":"https:\/\/cdiffprom.ch\/de\/wp-json\/wp\/v2\/product_cat?post=105700"},{"taxonomy":"product_tag","embeddable":true,"href":"https:\/\/cdiffprom.ch\/de\/wp-json\/wp\/v2\/product_tag?post=105700"}],"curies":[{"name":"wp","href":"https:\/\/api.w.org\/{rel}","templated":true}]}}