{"id":105704,"date":"2021-01-13T18:29:31","date_gmt":"2021-01-13T17:29:31","guid":{"rendered":"https:\/\/cdiffprom.ch\/produit\/premium-leuchtanzeige\/"},"modified":"2021-01-13T18:29:31","modified_gmt":"2021-01-13T17:29:31","slug":"premium-leuchtanzeige","status":"publish","type":"product","link":"https:\/\/cdiffprom.ch\/de\/produit\/premium-leuchtanzeige\/","title":{"rendered":"PREMIUM-LEUCHTANZEIGE"},"content":{"rendered":"<h3><span style=\"color: #993300;\"><strong>Beleuchtetes Premium-Display<\/strong><\/span><\/h3>\n<p>W\u00e4hlen Sie unsere Premium-Leuchtdisplayl\u00f6sungen, um Ihr Schaufenster hervorzuheben!<\/p>\n<p>Ob Sie nun ein Immobilienb\u00fcro, ein Reiseb\u00fcro oder eine andere Art von Gesch\u00e4ft betreiben, das eine starke visuelle Wirkung ben\u00f6tigt, um seine Angebote und\/oder Dienstleistungen anzubieten, ist dieses Display ein ideales System.<\/p>\n<p>Dieses Displaysystem ist in vielen Gr\u00f6\u00dfen erh\u00e4ltlich, die vom A4- bis zum A1-Leuchtrahmen reichen, aber auch rund, quadratisch oder rautenf\u00f6rmig sind. Au\u00dferdem ist der Rahmen in schwarz, wei\u00df oder silber erh\u00e4ltlich. <\/p>\n<p>Dar\u00fcber hinaus ist jeder Rahmen beidseitig beleuchtet, mit der M\u00f6glichkeit, eine Verdunkelungsfolie einzuf\u00fcgen, um nur eine Seite zu beleuchten.<\/p>\n<p>Alle unsere Premium-Leuchtrahmen k\u00f6nnen sowohl im Hoch- als auch im Querformat aufgestellt werden. Der quadratische Rahmen kann auch im Rautenmodus aufgestellt werden. <\/p>\n<p>Einer der gro\u00dfen Vorteile dieses Systems ist, dass es sehr einfach ist, die Ausrichtung auf Hoch- oder Querformat zu \u00e4ndern. Die Rahmen werden einfach aneinander geh\u00e4ngt und erm\u00f6glichen Ihnen so eine gro\u00dfe Phantasie bei der Gestaltung Ihres Schaufensters. <\/p>\n<p>F\u00fcr Poster kann jede Art von Papier verwendet werden. Die maximale Helligkeit erreichen Sie jedoch mit Back Lite-Papier, das speziell f\u00fcr hintergrundbeleuchtete Plakatmedien entwickelt wurde. <\/p>\n<p>Z\u00f6gern Sie nicht <span style=\"color: #993300;\"><strong><a style=\"color: #993300;\" href=\"https:\/\/cdiffprom.ch\/elements\/contactez-nous\/\">kontaktieren Sie uns bitte.<\/a><\/strong><\/span> um einen unverbindlichen Kostenvoranschlag zu erhalten.<\/p>\n<h4><span style=\"color: #993300;\"><strong>Technische Spezifikationen<\/strong><\/span><\/h4>\n<ul>\n<li>Helligkeit: 6400 LUX A4 und A3 Rahmen<\/li>\n<li>5500 LUX quadratische Rahmen<\/li>\n<li>3200 LUX runde Rahmen<\/li>\n<li>Innenma\u00dfe des quadratischen Rahmens 29,7 x 29,7 cm<\/li>\n<li>Durchmesser des runden Rahmens: 60 cm<\/li>\n<li>Elektrischer Anschluss: 220 Volt mit 24-Volt-Transformator<\/li>\n<li>Alle unsere Bilderrahmen sind im Hoch- oder Querformat erh\u00e4ltlich.<\/li>\n<li>Maximal 5 Rahmen pro Spalte in A4 und 4 in A3.<\/li>\n<li>Garantierte Helligkeit \u00fcber 80.000 Stunden<\/li>\n<li>2 Jahre Garantie<\/li>\n<\/ul>\n<h4><span style=\"color: #993300;\"><strong>Lieferbedingungen<\/strong><\/span><\/h4>\n<p>Alle unsere Produkte sind innerhalb von 10 Tagen nach Eingang Ihrer Bestellung lieferbar. Bitte z\u00f6gern Sie nicht, uns zu kontaktieren.<span style=\"color: #993300;\"><strong> <a style=\"color: #993300;\" href=\"https:\/\/cdiffprom.ch\/elements\/contactez-nous\/\">uns zu kontaktieren.<\/a><\/strong><\/span> Wenn Sie einen dringenderen Bedarf haben, k\u00f6nnen wir Ihnen immer eine schnellere L\u00f6sung anbieten. <\/p>\n<p>Einige Artikel k\u00f6nnen eine l\u00e4ngere Lieferzeit in Anspruch nehmen, da sie nicht auf Lager unseres Lieferanten sind. In diesem Fall werden Sie nach Eingang Ihrer Bestellung benachrichtigt. <\/p>\n<p>Wir liefern versandkostenfrei ab einem Bestellwert von CHF. 500.-. Unterhalb dieses Betrags wird eine Pauschale von CHF. 15,90 zu entrichten. <\/p>\n<p>Bei allen Online-Bestellungen f\u00fchren wir immer einen Telefonanruf durch, um sicherzustellen, dass Sie das richtige Produkt f\u00fcr Ihre Bed\u00fcrfnisse ausgew\u00e4hlt haben. So k\u00f6nnen Sie sicher sein, dass Sie die richtige Wahl treffen. <\/p>\n","protected":false},"excerpt":{"rendered":"<p>Seit Anfang 2021 ist C.Diff-Prom Partner der Agentur VitrineM\u00e9dia f\u00fcr die Schweiz, eine Gelegenheit f\u00fcr Sie, von au\u00dfergew\u00f6hnlichen Artikeln f\u00fcr die Aufwertung Ihres Schaufensters zu profitieren.<\/p>\n","protected":false},"featured_media":104132,"template":"","meta":{"slim_seo":{"title":"PREMIUM-LEUCHTANZEIGE - Suisse - C.Diff-Prom","description":"Seit Anfang 2021 ist C.Diff-Prom Partner der Agentur VitrineM\u00e9dia f\u00fcr die Schweiz, eine Gelegenheit f\u00fcr Sie, von au\u00dfergew\u00f6hnlichen Artikeln f\u00fcr die Aufwertung I"}},"product_brand":[],"product_cat":[6342,6373,6430],"product_tag":[],"class_list":{"0":"post-105704","1":"product","2":"type-product","3":"status-publish","4":"has-post-thumbnail","6":"product_cat-anzeige","7":"product_cat-leuchtanzeige","8":"product_cat-vitrinemedia-de","10":"first","11":"instock","12":"taxable","13":"shipping-taxable","14":"purchasable","15":"product-type-variable"},"_links":{"self":[{"href":"https:\/\/cdiffprom.ch\/de\/wp-json\/wp\/v2\/product\/105704","targetHints":{"allow":["GET"]}}],"collection":[{"href":"https:\/\/cdiffprom.ch\/de\/wp-json\/wp\/v2\/product"}],"about":[{"href":"https:\/\/cdiffprom.ch\/de\/wp-json\/wp\/v2\/types\/product"}],"wp:featuredmedia":[{"embeddable":true,"href":"https:\/\/cdiffprom.ch\/de\/wp-json\/wp\/v2\/media\/104132"}],"wp:attachment":[{"href":"https:\/\/cdiffprom.ch\/de\/wp-json\/wp\/v2\/media?parent=105704"}],"wp:term":[{"taxonomy":"product_brand","embeddable":true,"href":"https:\/\/cdiffprom.ch\/de\/wp-json\/wp\/v2\/product_brand?post=105704"},{"taxonomy":"product_cat","embeddable":true,"href":"https:\/\/cdiffprom.ch\/de\/wp-json\/wp\/v2\/product_cat?post=105704"},{"taxonomy":"product_tag","embeddable":true,"href":"https:\/\/cdiffprom.ch\/de\/wp-json\/wp\/v2\/product_tag?post=105704"}],"curies":[{"name":"wp","href":"https:\/\/api.w.org\/{rel}","templated":true}]}}