{"id":105714,"date":"2021-02-03T14:10:16","date_gmt":"2021-02-03T13:10:16","guid":{"rendered":"https:\/\/cdiffprom.ch\/produit\/vm-montagezubehoer\/"},"modified":"2021-02-03T14:10:16","modified_gmt":"2021-02-03T13:10:16","slug":"vm-montagezubehoer","status":"publish","type":"product","link":"https:\/\/cdiffprom.ch\/de\/produit\/vm-montagezubehoer\/","title":{"rendered":"VM MONTAGEZUBEH\u00d6R"},"content":{"rendered":"<h3><span style=\"color: #993300;\"><strong>VM Montagezubeh\u00f6r<\/strong><\/span><\/h3>\n<p>Diese Seite VM Montagezubeh\u00f6r informiert Sie \u00fcber die verschiedenen Zubeh\u00f6rteile, die Sie f\u00fcr die Installation und Inbetriebnahme Ihres Schaukastens ben\u00f6tigen.<\/p>\n<p>Die 110 cm langen Schienen werden mit den mitgelieferten Verbindern zusammengesteckt und k\u00f6nnen f\u00fcr eine perfekte Anpassung an die Gr\u00f6\u00dfe Ihres Schaufensters zugeschnitten werden.<\/p>\n<p>Die elektrischen Verbindungskabel werden einfach auf die Schiene geklickt und sind leicht verschiebbar, sie passen sich der H\u00f6he des ersten Leuchtschirms an, die folgenden werden mit den mit jedem Rahmen gelieferten Verbindungen aneinander geh\u00e4ngt.<br \/>\nAchten Sie jedoch darauf, dass Sie bei der Installation der h\u00e4ngenden Leuchtrahmen die Phasen beachten.<\/p>\n<p>W\u00e4hlen Sie den richtigen Transformator f\u00fcr die Anzahl der Rahmen, die Sie in Ihrem Schaufenster aufstellen.<\/p>\n<p>Wenn Sie Zweifel haben, k\u00f6nnen Sie uns mit der Montage Ihrer Anlage beauftragen.<\/p>\n<p>Wir k\u00f6nnen Ihnen hier nicht alle Montageoptionen zeigen, falls Sie spezielle Montagew\u00fcnsche haben, <span style=\"color: #993300;\"><strong><a style=\"color: #993300;\" href=\"https:\/\/cdiffprom.ch\/elements\/contactez-nous\/\">hinterlassen Sie uns einfach eine Nachricht,<\/a><\/strong><\/span> Wir werden uns innerhalb von 24 Stunden mit Ihnen in Verbindung setzen.<\/p>\n<h4><span style=\"color: #993300;\"><strong>Lieferbedingungen<\/strong><\/span><\/h4>\n<p>Alle unsere Produkte sind innerhalb von 10 Tagen nach Eingang Ihrer Bestellung lieferbar. Bitte z\u00f6gern Sie nicht, uns zu kontaktieren. <strong><span style=\"color: #993300;\"><a style=\"color: #993300;\" href=\"https:\/\/cdiffprom.ch\/elements\/contactez-nous\/\">uns zu kontaktieren.<\/a><\/span><\/strong> Wenn Sie einen dringenderen Bedarf haben, k\u00f6nnen wir Ihnen immer eine schnellere L\u00f6sung anbieten. <\/p>\n<p>Einige Artikel k\u00f6nnen eine l\u00e4ngere Lieferzeit in Anspruch nehmen, da sie nicht auf Lager unseres Lieferanten sind. In diesem Fall werden Sie nach Eingang Ihrer Bestellung benachrichtigt. <\/p>\n<p>Wir liefern versandkostenfrei ab einem Bestellwert von CHF. 500.-. Unterhalb dieses Betrags wird eine Pauschale von CHF. 15,90 zu entrichten. <\/p>\n<p>Bei allen Online-Bestellungen f\u00fchren wir immer einen Telefonanruf durch, um sicherzustellen, dass Sie das richtige Produkt f\u00fcr Ihre Bed\u00fcrfnisse ausgew\u00e4hlt haben. So k\u00f6nnen Sie sicher sein, dass Sie die richtige Wahl treffen. <\/p>\n<p>&nbsp;<\/p>\n","protected":false},"excerpt":{"rendered":"<p>Untenstehend finden Sie eine gro\u00dfe Auswahl an Zubeh\u00f6r f\u00fcr die Installation Ihres Schaufensters.<\/p>\n<p>Wir sind auch in der Lage, Ihre Installation zu unschlagbaren Preisen durchzuf\u00fchren.<\/p>\n","protected":false},"featured_media":104210,"template":"","meta":{"slim_seo":{"title":"VM MONTAGEZUBEH\u00d6R - Suisse - C.Diff-Prom","description":"Untenstehend finden Sie eine gro\u00dfe Auswahl an Zubeh\u00f6r f\u00fcr die Installation Ihres Schaufensters. Wir sind auch in der Lage, Ihre Installation zu unschlagbaren Pr"}},"product_brand":[],"product_cat":[6373,6430],"product_tag":[],"class_list":{"0":"post-105714","1":"product","2":"type-product","3":"status-publish","4":"has-post-thumbnail","6":"product_cat-leuchtanzeige","7":"product_cat-vitrinemedia-de","9":"first","10":"instock","11":"taxable","12":"shipping-taxable","13":"purchasable","14":"product-type-variable"},"_links":{"self":[{"href":"https:\/\/cdiffprom.ch\/de\/wp-json\/wp\/v2\/product\/105714","targetHints":{"allow":["GET"]}}],"collection":[{"href":"https:\/\/cdiffprom.ch\/de\/wp-json\/wp\/v2\/product"}],"about":[{"href":"https:\/\/cdiffprom.ch\/de\/wp-json\/wp\/v2\/types\/product"}],"wp:featuredmedia":[{"embeddable":true,"href":"https:\/\/cdiffprom.ch\/de\/wp-json\/wp\/v2\/media\/104210"}],"wp:attachment":[{"href":"https:\/\/cdiffprom.ch\/de\/wp-json\/wp\/v2\/media?parent=105714"}],"wp:term":[{"taxonomy":"product_brand","embeddable":true,"href":"https:\/\/cdiffprom.ch\/de\/wp-json\/wp\/v2\/product_brand?post=105714"},{"taxonomy":"product_cat","embeddable":true,"href":"https:\/\/cdiffprom.ch\/de\/wp-json\/wp\/v2\/product_cat?post=105714"},{"taxonomy":"product_tag","embeddable":true,"href":"https:\/\/cdiffprom.ch\/de\/wp-json\/wp\/v2\/product_tag?post=105714"}],"curies":[{"name":"wp","href":"https:\/\/api.w.org\/{rel}","templated":true}]}}