{"id":105724,"date":"2021-01-30T09:46:45","date_gmt":"2021-01-30T08:46:45","guid":{"rendered":"https:\/\/cdiffprom.ch\/produit\/vm-superlight-kiosk\/"},"modified":"2021-01-30T09:46:45","modified_gmt":"2021-01-30T08:46:45","slug":"vm-superlight-kiosk","status":"publish","type":"product","link":"https:\/\/cdiffprom.ch\/de\/produit\/vm-superlight-kiosk\/","title":{"rendered":"VM SUPERLIGHT KIOSK"},"content":{"rendered":"<h3><span style=\"color: #993300;\"><strong>VM Superlight Kiosk<\/strong><\/span><\/h3>\n<p>Mit diesem VM Superlight Kiosk k\u00f6nnen Sie Ihr Produkt in Ihrem Verkaufsraum aufwerten. Er wird das Auge eines jeden Besuchers auf sich ziehen, der darauf wartet, bedient zu werden.<br \/>\nDies ist ein ideales System, das sich sowohl f\u00fcr den Automobilbereich als auch f\u00fcr Reiseb\u00fcros eignet. <\/p>\n<p>Er ist in den Formaten A4 und A3 mit Brosch\u00fcrenspender erh\u00e4ltlich. Au\u00dferdem ist der helle Bildschirm dieses Mediums je nach Bedarf im Hoch- oder Querformat drehbar. <\/p>\n<p>Sein geringer Stromverbrauch \u00fcber einen 12-Volt-Transformator ist mit den aktuellen Energievorschriften vereinbar.<\/p>\n<p>Wir empfehlen die Verwendung von Backlight-Papier, um eine bessere Helligkeit Ihres Posters zu erreichen.<br \/>\nAchten Sie auch darauf, dass Sie das Papier f\u00fcr Ihren Laser- oder Tintenstrahldrucker ausw\u00e4hlen.<\/p>\n<p>Bitte fragen Sie nach unseren Sonderkonditionen ab 5 bestellten Medien in der gleichen Gr\u00f6\u00dfe.<\/p>\n<h4><span style=\"color: #993300;\"><strong>Technische Spezifikationen  <\/strong><\/span><\/h4>\n<p>Abmessungen des St\u00e4nders<\/p>\n<ul>\n<li>H\u00f6he: 105 cm<\/li>\n<li>Breite: 27 cm<\/li>\n<li>Tiefe 30,5 cm<\/li>\n<\/ul>\n<p>Stromversorgung: 220 V mit 12 V Transformator<\/p>\n<p>Farbe: Mattschwarz<\/p>\n<p><span style=\"color: #993300;\"><strong>Lieferbedingungen<\/strong><\/span><\/p>\n<p>Alle unsere Produkte sind innerhalb von 10 Tagen nach Eingang Ihrer Bestellung lieferbar. Bitte z\u00f6gern Sie nicht, uns zu kontaktieren. <span style=\"color: #993300;\"><strong><a style=\"color: #993300;\" href=\"https:\/\/cdiffprom.ch\/elements\/contactez-nous\/\">uns zu kontaktieren.<\/a><\/strong><\/span> Wenn Sie einen dringenderen Bedarf haben, k\u00f6nnen wir Ihnen immer eine schnellere L\u00f6sung anbieten. <\/p>\n<p>Einige Artikel k\u00f6nnen eine l\u00e4ngere Lieferzeit in Anspruch nehmen, da sie nicht auf Lager unseres Lieferanten sind. In diesem Fall werden Sie nach Eingang Ihrer Bestellung benachrichtigt. <\/p>\n<p>Wir liefern versandkostenfrei ab einem Bestellwert von CHF. 500.-. Unterhalb dieses Betrags wird eine Pauschale von CHF. 15,90 zu entrichten. <\/p>\n<p>Bei allen Online-Bestellungen f\u00fchren wir immer einen Telefonanruf durch, um sicherzustellen, dass Sie das richtige Produkt f\u00fcr Ihre Bed\u00fcrfnisse ausgew\u00e4hlt haben. So k\u00f6nnen Sie sicher sein, dass Sie die richtige Wahl treffen. <\/p>\n<p>Bitte beachten Sie, dass die Promo-Codes nicht kumulierbar sind und der Rabatt auf Ihrer Bestellung sichtbar ist.<\/p>\n<p>&nbsp;<\/p>\n<p>&nbsp;<\/p>\n","protected":false},"excerpt":{"rendered":"<p>Eine elegante L\u00f6sung, um Ihre Sonderangebote auf leuchtende Weise zu pr\u00e4sentieren.<\/p>\n","protected":false},"featured_media":104192,"template":"","meta":{"slim_seo":{"title":"VM SUPERLIGHT KIOSK - Suisse - C.Diff-Prom","description":"Eine elegante L\u00f6sung, um Ihre Sonderangebote auf leuchtende Weise zu pr\u00e4sentieren."}},"product_brand":[],"product_cat":[],"product_tag":[],"class_list":{"0":"post-105724","1":"product","2":"type-product","3":"status-publish","4":"has-post-thumbnail","7":"first","8":"instock","9":"taxable","10":"shipping-taxable","11":"purchasable","12":"product-type-variable"},"_links":{"self":[{"href":"https:\/\/cdiffprom.ch\/de\/wp-json\/wp\/v2\/product\/105724","targetHints":{"allow":["GET"]}}],"collection":[{"href":"https:\/\/cdiffprom.ch\/de\/wp-json\/wp\/v2\/product"}],"about":[{"href":"https:\/\/cdiffprom.ch\/de\/wp-json\/wp\/v2\/types\/product"}],"wp:featuredmedia":[{"embeddable":true,"href":"https:\/\/cdiffprom.ch\/de\/wp-json\/wp\/v2\/media\/104192"}],"wp:attachment":[{"href":"https:\/\/cdiffprom.ch\/de\/wp-json\/wp\/v2\/media?parent=105724"}],"wp:term":[{"taxonomy":"product_brand","embeddable":true,"href":"https:\/\/cdiffprom.ch\/de\/wp-json\/wp\/v2\/product_brand?post=105724"},{"taxonomy":"product_cat","embeddable":true,"href":"https:\/\/cdiffprom.ch\/de\/wp-json\/wp\/v2\/product_cat?post=105724"},{"taxonomy":"product_tag","embeddable":true,"href":"https:\/\/cdiffprom.ch\/de\/wp-json\/wp\/v2\/product_tag?post=105724"}],"curies":[{"name":"wp","href":"https:\/\/api.w.org\/{rel}","templated":true}]}}