{"id":105726,"date":"2021-06-11T17:04:07","date_gmt":"2021-06-11T15:04:07","guid":{"rendered":"https:\/\/cdiffprom.ch\/produit\/backlight-papier\/"},"modified":"2021-06-11T17:04:07","modified_gmt":"2021-06-11T15:04:07","slug":"backlight-papier","status":"publish","type":"product","link":"https:\/\/cdiffprom.ch\/de\/produit\/backlight-papier\/","title":{"rendered":"BACKLIGHT-PAPIER"},"content":{"rendered":"<h3><span style=\"color: #993300;\"><strong>Backlight-Papier<\/strong><\/span><\/h3>\n<p>Wir empfehlen Ihnen die Verwendung von Backlight-Papier f\u00fcr die optimale Darstellung Ihrer Botschaft in unseren hintergrundbeleuchteten Medien.<\/p>\n<p>Backlight-Papier bietet eine einzigartige Farb- und Kontrastwiedergabe, mit der Sie Ihre Bilder und Kampagnen zum Strahlen bringen k\u00f6nnen.<\/p>\n<p>Dieses Backlight-Papier wurde speziell entwickelt, um die Helligkeit der Anzeigen zu verbessern.<\/p>\n<p>Es ist in 3 verschiedenen Grammaturen erh\u00e4ltlich, die je nach Art des Druckers, den Sie verwenden, festgelegt werden.<\/p>\n<p><strong><span style=\"color: #993300;\">100 g Papiergewicht<\/span><\/strong><br \/>\nBei allen Laserdruckern sind beide Seiten identisch und leicht satiniert.<\/p>\n<p><span style=\"color: #993300;\"><strong>Gewicht 125 g<\/strong><\/span><br \/>\nMit einer gl\u00e4nzenden und einer satinierten Seite, wobei der Druck immer auf der satinierten Seite erfolgen sollte, und f\u00fcr Tintenstrahldrucker geeignet.<\/p>\n<p><strong><span style=\"color: #993300;\">Das Gewicht 180 g<\/span><\/strong><br \/>\nkann auf beiden Druckertypen verwendet werden.<\/p>\n<h4><strong><span style=\"color: #993300;\">Empfehlung<\/span><\/strong><\/h4>\n<p><em>Wir raten Ihnen dringend davon ab, auf herk\u00f6mmlichem Druckerpapier zu drucken, da dieses nicht lichtdurchl\u00e4ssig ist und Ihre Inhalte und Anzeigen stumpf und fleckig aussehen.<\/em><\/p>\n<p><em>Ein auf Normalpapier gedrucktes Bild ist 30% weniger hell als die Backlight-Bl\u00e4tter, die speziell f\u00fcr Ihre Displays entwickelt wurden!<\/em><\/p>\n<h4><span style=\"color: #993300;\"><strong>Lieferbedingungen<\/strong><\/span><\/h4>\n<p>Alle unsere Produkte sind innerhalb von 10 Tagen nach Eingang Ihrer Bestellung lieferbar. Bitte z\u00f6gern Sie nicht, uns zu kontaktieren. <strong><span style=\"color: #993300;\"><a style=\"color: #993300;\" href=\"https:\/\/cdiffprom.ch\/elements\/contactez-nous\/\">uns zu kontaktieren.<\/a><\/span><\/strong> Wenn Sie einen dringenderen Bedarf haben, k\u00f6nnen wir Ihnen immer eine schnellere L\u00f6sung anbieten. <\/p>\n<p>Einige Artikel k\u00f6nnen eine l\u00e4ngere Lieferzeit in Anspruch nehmen, da sie nicht auf Lager unseres Lieferanten sind. In diesem Fall werden Sie nach Eingang Ihrer Bestellung benachrichtigt. <\/p>\n<p>Wir liefern versandkostenfrei ab einem Bestellwert von CHF. 500.-. Unterhalb dieses Betrags wird eine Pauschale von CHF. 15,90 zu entrichten. <\/p>\n<p>Bei allen Online-Bestellungen f\u00fchren wir immer einen Telefonanruf durch, um sicherzustellen, dass Sie das richtige Produkt f\u00fcr Ihre Bed\u00fcrfnisse ausgew\u00e4hlt haben. So k\u00f6nnen Sie sicher sein, dass Sie die richtige Wahl treffen. <\/p>\n","protected":false},"excerpt":{"rendered":"<p>Alle unsere Backlight-Papiere sind in Kartons zu 100 Blatt erh\u00e4ltlich.<\/p>\n","protected":false},"featured_media":104233,"template":"","meta":{"slim_seo":{"title":"BACKLIGHT-PAPIER - Suisse - C.Diff-Prom","description":"Alle unsere Backlight-Papiere sind in Kartons zu 100 Blatt erh\u00e4ltlich."}},"product_brand":[],"product_cat":[6430,6374],"product_tag":[],"class_list":{"0":"post-105726","1":"product","2":"type-product","3":"status-publish","4":"has-post-thumbnail","6":"product_cat-vitrinemedia-de","7":"product_cat-zubehor-fur-leuchtanzeigen","9":"first","10":"instock","11":"taxable","12":"shipping-taxable","13":"purchasable","14":"product-type-variable"},"_links":{"self":[{"href":"https:\/\/cdiffprom.ch\/de\/wp-json\/wp\/v2\/product\/105726","targetHints":{"allow":["GET"]}}],"collection":[{"href":"https:\/\/cdiffprom.ch\/de\/wp-json\/wp\/v2\/product"}],"about":[{"href":"https:\/\/cdiffprom.ch\/de\/wp-json\/wp\/v2\/types\/product"}],"wp:featuredmedia":[{"embeddable":true,"href":"https:\/\/cdiffprom.ch\/de\/wp-json\/wp\/v2\/media\/104233"}],"wp:attachment":[{"href":"https:\/\/cdiffprom.ch\/de\/wp-json\/wp\/v2\/media?parent=105726"}],"wp:term":[{"taxonomy":"product_brand","embeddable":true,"href":"https:\/\/cdiffprom.ch\/de\/wp-json\/wp\/v2\/product_brand?post=105726"},{"taxonomy":"product_cat","embeddable":true,"href":"https:\/\/cdiffprom.ch\/de\/wp-json\/wp\/v2\/product_cat?post=105726"},{"taxonomy":"product_tag","embeddable":true,"href":"https:\/\/cdiffprom.ch\/de\/wp-json\/wp\/v2\/product_tag?post=105726"}],"curies":[{"name":"wp","href":"https:\/\/api.w.org\/{rel}","templated":true}]}}