{"id":105737,"date":"2021-06-22T18:54:20","date_gmt":"2021-06-22T16:54:20","guid":{"rendered":"https:\/\/cdiffprom.ch\/produit\/bordsteinstopper-s-doppelseitige-rollen\/"},"modified":"2021-06-22T18:54:20","modified_gmt":"2021-06-22T16:54:20","slug":"bordsteinstopper-s-doppelseitige-rollen","status":"publish","type":"product","link":"https:\/\/cdiffprom.ch\/de\/produit\/bordsteinstopper-s-doppelseitige-rollen\/","title":{"rendered":"BORDSTEINSTOPPER S\/DOPPELSEITIGE ROLLEN"},"content":{"rendered":"<h3><strong><span style=\"color: #800000;\">Bordsteinstopper mit doppelseitigen Rollen<\/span><\/strong><\/h3>\n<p>Mit diesem doppelseitigen Bordsteinstopper haben Sie ein praktisches System f\u00fcr jeden Transport und jede Reise.<\/p>\n<p>Das Format der einzuf\u00fcgenden Poster entspricht dem A1-Standard.<\/p>\n<p>Dieser Bordsteinstopper eignet sich hervorragend f\u00fcr Veranstaltungen und Animationen.<\/p>\n<p>Bei Transport und\/oder Lagerung k\u00f6nnen Sie diesen Stopper schnell und einfach bewegen und zusammenklappen.<\/p>\n<p>Der Alu-Rahmen ist klippbar, so dass Sie Ihre Poster schnell und einfach austauschen k\u00f6nnen.<\/p>\n<p><strong><span style=\"color: #800000;\">Merkmale<\/span>:<\/strong><\/p>\n<ul>\n<li>2 Seiten<\/li>\n<li>Geeignet f\u00fcr alle Poster mit einer maximalen H\u00f6he von 91 x Breite 61 cm<\/li>\n<li>Unzerbrechlicher Plexiglasschutz<\/li>\n<li>Entspiegelung<\/li>\n<li>Basis mit 2 Rollen, zum Kippen.<\/li>\n<li>Gr\u00f6\u00dfe gefaltet: 120x70x10 cm<\/li>\n<li>Installierter Platzbedarf: 113 x 73.5 x 68 cm<\/li>\n<li>Griff mit Verriegelung in der offenen Position<\/li>\n<li>Hochfestes schwarzes Kunststoffmaterial, beschwert<\/li>\n<li>Gesamtgewicht 13 kg<\/li>\n<\/ul>\n<div class=\"produit-image col-xs-12 col-sm-5\">\n<div class=\"elastislide-wrapper elastislide-horizontal\">\n<div>Der Austausch des Posters ist sehr einfach, da das Plexiglas nach vorne gekippt wird und auf dem St\u00e4nder verbleibt.<\/div>\n<div>Auf diese Weise haben Sie beide H\u00e4nde frei f\u00fcr die Positionierung Ihrer Botschaft.<\/div>\n<div><\/div>\n<div class=\"elastislide-carousel\">Sehen Sie sich auch unsere <strong><span style=\"color: #993300;\"><a style=\"color: #993300;\" href=\"https:\/\/cdiffprom.ch\/produit\/stop-trottoir-base-lestee\/\">Gehwegstopper auf gewichteter Basis<\/a> <\/span><\/strong>und in anderen Gr\u00f6\u00dfen erh\u00e4ltlich.<\/div>\n<\/div>\n<\/div>\n<div class=\"produit-description col-xs-12 col-sm-7\">\n<div class=\"accroche-fiche\">\n<h4><\/h4>\n<h4><span style=\"color: #993300;\"><strong>Lieferbedingungen<\/strong><\/span><\/h4>\n<p>Alle unsere Produkte sind innerhalb von 10 Tagen nach Eingang Ihrer Bestellung lieferbar. Bitte z\u00f6gern Sie nicht, uns zu kontaktieren.<strong> <span style=\"color: #993300;\"><a style=\"color: #993300;\" href=\"https:\/\/cdiffprom.ch\/elements\/contactez-nous\/\">kontaktieren Sie uns<\/a><\/span><\/strong> <span style=\"color: #993300;\"> <\/span>Wenn Sie einen dringenderen Bedarf haben, k\u00f6nnen wir Ihnen immer eine schnellere L\u00f6sung anbieten.<\/p>\n<p>Einige Artikel k\u00f6nnen eine l\u00e4ngere Lieferzeit in Anspruch nehmen, da sie nicht auf Lager unseres Lieferanten sind. In diesem Fall werden Sie nach Eingang Ihrer Bestellung benachrichtigt. <\/p>\n<p>Wir liefern versandkostenfrei ab einem Bestellwert von CHF. 500.-. Unterhalb dieses Betrags wird eine Pauschale von CHF. 15,90 zu entrichten. <\/p>\n<p>Bei allen Online-Bestellungen f\u00fchren wir immer einen Telefonanruf durch, um sicherzustellen, dass Sie das richtige Produkt f\u00fcr Ihre Bed\u00fcrfnisse ausgew\u00e4hlt haben. So k\u00f6nnen Sie sicher sein, dass Sie die richtige Wahl treffen. <\/p>\n<\/div>\n<\/div>\n<div class=\"produit-image col-xs-12 col-sm-5\">\n<div class=\"elastislide-wrapper elastislide-horizontal\">\n<div class=\"elastislide-carousel\"><\/div>\n<\/div>\n<\/div>\n<div class=\"produit-description col-xs-12 col-sm-7\">\n<div class=\"accroche-fiche\"><\/div>\n<\/div>\n","protected":false},"excerpt":{"rendered":"<p>Doppelseitiger Gehwegstopper, faltbar, mit 2 Rollen. Ideal f\u00fcr einmalige Veranstaltungen, f\u00fcr den Transport und die Fortbewegung. <\/p>\n","protected":false},"featured_media":104237,"template":"","meta":{"slim_seo":{"title":"BORDSTEINSTOPPER S\/DOPPELSEITIGE ROLLEN - Suisse - C.Diff-Prom","description":"Doppelseitiger Gehwegstopper, faltbar, mit 2 Rollen. Ideal f\u00fcr einmalige Veranstaltungen, f\u00fcr den Transport und die Fortbewegung."}},"product_brand":[],"product_cat":[6343,15],"product_tag":[],"class_list":{"0":"post-105737","1":"product","2":"type-product","3":"status-publish","4":"has-post-thumbnail","6":"product_cat-staffeleien-gehwegstopper","7":"product_cat-nouveaute","9":"first","10":"instock","11":"taxable","12":"shipping-taxable","13":"purchasable","14":"product-type-simple"},"_links":{"self":[{"href":"https:\/\/cdiffprom.ch\/de\/wp-json\/wp\/v2\/product\/105737","targetHints":{"allow":["GET"]}}],"collection":[{"href":"https:\/\/cdiffprom.ch\/de\/wp-json\/wp\/v2\/product"}],"about":[{"href":"https:\/\/cdiffprom.ch\/de\/wp-json\/wp\/v2\/types\/product"}],"wp:featuredmedia":[{"embeddable":true,"href":"https:\/\/cdiffprom.ch\/de\/wp-json\/wp\/v2\/media\/104237"}],"wp:attachment":[{"href":"https:\/\/cdiffprom.ch\/de\/wp-json\/wp\/v2\/media?parent=105737"}],"wp:term":[{"taxonomy":"product_brand","embeddable":true,"href":"https:\/\/cdiffprom.ch\/de\/wp-json\/wp\/v2\/product_brand?post=105737"},{"taxonomy":"product_cat","embeddable":true,"href":"https:\/\/cdiffprom.ch\/de\/wp-json\/wp\/v2\/product_cat?post=105737"},{"taxonomy":"product_tag","embeddable":true,"href":"https:\/\/cdiffprom.ch\/de\/wp-json\/wp\/v2\/product_tag?post=105737"}],"curies":[{"name":"wp","href":"https:\/\/api.w.org\/{rel}","templated":true}]}}