{"id":105738,"date":"2022-01-24T12:01:18","date_gmt":"2022-01-24T11:01:18","guid":{"rendered":"https:\/\/cdiffprom.ch\/produit\/menuekartenhalter-restaurants\/"},"modified":"2022-01-24T12:01:18","modified_gmt":"2022-01-24T11:01:18","slug":"menuekartenhalter-restaurants","status":"publish","type":"product","link":"https:\/\/cdiffprom.ch\/de\/produit\/menuekartenhalter-restaurants\/","title":{"rendered":"MEN\u00dcKARTENHALTER RESTAURANTS"},"content":{"rendered":"<h3><span style=\"color: #800000;\"><strong>Men\u00fckartenhalter Restaurants<\/strong><\/span><\/h3>\n<p>Mit diesen Restaurant-Speisekartenhaltern haben Sie die M\u00f6glichkeit, Ihre verschiedenen Speisekarten oder Informationen f\u00fcr Ihre G\u00e4ste zu pr\u00e4sentieren.<\/p>\n<p>Diese vertikale Anzeige ist in 2 Modellen erh\u00e4ltlich, n\u00e4mlich :<\/p>\n<ul>\n<li>f\u00fcr 3 A4-Bl\u00e4tter, vertikale Ausrichtung. Auch geeignet f\u00fcr Poster bis max. H 40 x B 75 cm. Sichtfenster H 32 x B 68 cm   <\/li>\n<li>f\u00fcr 4 A4-Bl\u00e4tter, vertikale Ausrichtung. Auch f\u00fcr Poster geeignet. H 71 x B 53 cm. Sichtfenster H 63 x B 46 cm   <\/li>\n<\/ul>\n<h4><span style=\"color: #800000;\"><strong>Merkmale<\/strong><\/span><\/h4>\n<ul>\n<li>Metallboden f\u00fcr die Verwendung von Magneten (nicht mitgeliefert) oder Klebstoffen<\/li>\n<li>Aufklappbare T\u00fcr aus nahezu unzerbrechlichem Polycarbonat, Magnetgurt<\/li>\n<li>Schn\u00e4pperverschluss, aber ohne Schl\u00fcsselschloss<\/li>\n<li>Geeignet f\u00fcr den Innen- und gesch\u00fctzten Au\u00dfenbereich.<\/li>\n<\/ul>\n<p><span style=\"color: #800000;\"><strong>Lieferbedingungen<\/strong><\/span><\/p>\n<p>Zu Ihrer Information: Nach Eingang Ihres Auftrags sind unsere Produkte innerhalb von etwa zehn Tagen lieferbar.<\/p>\n<p>Z\u00f6gern Sie nicht <a href=\"https:\/\/cdiffprom.ch\/elements\/contactez-nous\/\"><span style=\"color: #800000;\"><strong>uns zu kontaktieren.<\/strong><\/span><\/a> Wenn Sie einen dringenderen Bedarf haben, k\u00f6nnen wir Ihnen immer eine schnellere L\u00f6sung anbieten.<\/p>\n<p>Wir sind auch gerne bereit, Ihnen Informationen \u00fcber Mengenrabatte zu geben.<\/p>\n<p>Einige Artikel k\u00f6nnen eine l\u00e4ngere Lieferzeit in Anspruch nehmen, da sie nicht auf Lager unseres Lieferanten sind. In diesem Fall werden Sie nach Eingang Ihrer Bestellung benachrichtigt. <\/p>\n<p>Wir liefern versandkostenfrei ab einem Bestellwert von CHF. 500.-. Unterhalb dieses Betrags wird eine Pauschale von CHF. 15,90 zu entrichten. <\/p>\n<p>Bei allen Online-Bestellungen f\u00fchren wir immer einen Telefonanruf durch, um sicherzustellen, dass Sie das richtige Produkt f\u00fcr Ihre Bed\u00fcrfnisse ausgew\u00e4hlt haben. So k\u00f6nnen Sie sicher sein, dass Sie die richtige Wahl treffen. <\/p>\n","protected":false},"excerpt":{"rendered":"<p>Speisekartenhalter<\/p>\n<p>2 Modelle von Speisekartenhaltern f\u00fcr Restaurants, f\u00fcr 3 oder 4 A4-Bl\u00e4tter, f\u00fcr eine perfekte Sichtbarkeit Ihrer Speisekarten.<\/p>\n<p>F\u00fcr den Innen- und gesch\u00fctzten Au\u00dfenbereich.<\/p>\n","protected":false},"featured_media":104518,"template":"","meta":{"slim_seo":{"title":"MEN\u00dcKARTENHALTER RESTAURANTS - Suisse - C.Diff-Prom","description":"Speisekartenhalter 2 Modelle von Speisekartenhaltern f\u00fcr Restaurants, f\u00fcr 3 oder 4 A4-Bl\u00e4tter, f\u00fcr eine perfekte Sichtbarkeit Ihrer Speisekarten. F\u00fcr den Innen-"}},"product_brand":[],"product_cat":[6342,6343,15],"product_tag":[],"class_list":{"0":"post-105738","1":"product","2":"type-product","3":"status-publish","4":"has-post-thumbnail","6":"product_cat-anzeige","7":"product_cat-staffeleien-gehwegstopper","8":"product_cat-nouveaute","10":"first","11":"instock","12":"taxable","13":"shipping-taxable","14":"purchasable","15":"product-type-variable"},"_links":{"self":[{"href":"https:\/\/cdiffprom.ch\/de\/wp-json\/wp\/v2\/product\/105738","targetHints":{"allow":["GET"]}}],"collection":[{"href":"https:\/\/cdiffprom.ch\/de\/wp-json\/wp\/v2\/product"}],"about":[{"href":"https:\/\/cdiffprom.ch\/de\/wp-json\/wp\/v2\/types\/product"}],"wp:featuredmedia":[{"embeddable":true,"href":"https:\/\/cdiffprom.ch\/de\/wp-json\/wp\/v2\/media\/104518"}],"wp:attachment":[{"href":"https:\/\/cdiffprom.ch\/de\/wp-json\/wp\/v2\/media?parent=105738"}],"wp:term":[{"taxonomy":"product_brand","embeddable":true,"href":"https:\/\/cdiffprom.ch\/de\/wp-json\/wp\/v2\/product_brand?post=105738"},{"taxonomy":"product_cat","embeddable":true,"href":"https:\/\/cdiffprom.ch\/de\/wp-json\/wp\/v2\/product_cat?post=105738"},{"taxonomy":"product_tag","embeddable":true,"href":"https:\/\/cdiffprom.ch\/de\/wp-json\/wp\/v2\/product_tag?post=105738"}],"curies":[{"name":"wp","href":"https:\/\/api.w.org\/{rel}","templated":true}]}}