{"id":105739,"date":"2021-06-24T20:43:05","date_gmt":"2021-06-24T18:43:05","guid":{"rendered":"https:\/\/cdiffprom.ch\/produit\/sicherer-clic-clac-rahmen\/"},"modified":"2021-06-24T20:43:05","modified_gmt":"2021-06-24T18:43:05","slug":"sicherer-clic-clac-rahmen","status":"publish","type":"product","link":"https:\/\/cdiffprom.ch\/de\/produit\/sicherer-clic-clac-rahmen\/","title":{"rendered":"SICHERER CLIC-CLAC-RAHMEN"},"content":{"rendered":"<h3><span style=\"color: #993300;\"><strong>Sicherer Clic-Clac-Rahmen<\/strong><\/span><\/h3>\n<p>Dieser sichere Click-to-Clac-Rahmen erm\u00f6glicht es Ihnen, alle Ihre Informationen sicher anzuzeigen.<\/p>\n<p>In der Tat, mit einem <strong><span style=\"color: #993300;\"><a style=\"color: #993300;\" href=\"https:\/\/cdiffprom.ch\/produit\/cle-levier-clic-clac\/\">Schl\u00fcssel\/Hebel<\/a><\/span><\/strong> mit dem Sie den Rahmen \u00f6ffnen k\u00f6nnen, sind Ihre Poster vor Besch\u00e4digungen gesch\u00fctzt.<\/p>\n<p>Sie k\u00f6nnen ihn sowohl im Innen- als auch im gesch\u00fctzten Au\u00dfenbereich (nicht wasserdicht) anbringen.<\/p>\n<p>Mit diesem sicheren Klapprahmen werden alle Ihre Notizen, Anweisungen oder Poster sicher und gut sichtbar aufbewahrt.<\/p>\n<p>&nbsp;<\/p>\n<p><span style=\"color: #993300;\"><strong>Merkmale<\/strong><\/span><\/p>\n<ul>\n<li>Naturbelassenes, eloxiertes Aluminium mit &#8222;sicheren&#8220; Klappprofilen<\/li>\n<li>Ecken rechter Winkel 90\u00b0.<\/li>\n<li>Transparenter, entspiegelter Plexiglasschutz<\/li>\n<li>Extraflache Rahmen mit einer Gesamtdicke von 14 mm<\/li>\n<li>Verwendung im Hoch- oder Querformat<\/li>\n<li>Schrauben und D\u00fcbel im Lieferumfang enthalten<\/li>\n<\/ul>\n<p>Vergessen Sie nicht, auch den passenden Schl\u00fcssel\/Hebel f\u00fcr diesen Rahmen zu bestellen, um die Plakate zu wechseln.<\/p>\n<p>&nbsp;<\/p>\n<h4><strong><span style=\"color: #993300;\">Lieferbedingungen<\/span><\/strong><\/h4>\n<p>Alle unsere Produkte sind in der Regel innerhalb von 10 Tagen nach Eingang Ihrer Bestellung lieferbar. Bitte z\u00f6gern Sie nicht, uns zu kontaktieren. <a href=\"https:\/\/cdiffprom.ch\/elements\/contactez-nous\/\"><strong><span style=\"color: #993300;\">uns zu kontaktieren.<\/span><\/strong><\/a> Wenn Sie einen dringenderen Bedarf haben, k\u00f6nnen wir Ihnen immer eine schnellere L\u00f6sung anbieten. <\/p>\n<p>Wir w\u00e4hlen diese Frist, um unsere Transporte zu optimieren und so die nachhaltige Entwicklung zu respektieren. Dies ist f\u00fcr uns auch ein Mittel, um unsere Kosten zu senken, so dass Sie stets von niedrigen und fairen Preisen profitieren k\u00f6nnen. <\/p>\n<p>Einige Artikel k\u00f6nnen eine l\u00e4ngere Lieferzeit in Anspruch nehmen, da sie nicht auf Lager unseres Lieferanten sind. In diesem Fall werden Sie nach Eingang Ihrer Bestellung benachrichtigt. <\/p>\n<p>Wir liefern versandkostenfrei ab einem Bestellwert von CHF. 500.-. Unterhalb dieses Betrags wird eine Pauschale von CHF. 15,90 zu entrichten. <\/p>\n<p>Bei allen Online-Bestellungen f\u00fchren wir immer einen Telefonanruf durch, um sicherzustellen, dass Sie das richtige Produkt f\u00fcr Ihre Bed\u00fcrfnisse ausgew\u00e4hlt haben. So k\u00f6nnen Sie sicher sein, dass Sie die richtige Wahl treffen. <\/p>\n","protected":false},"excerpt":{"rendered":"<p>Klick-Klack-Rahmen, ideal f\u00fcr den Einsatz in sensiblen Bereichen, da ein Schl\u00fcssel\/Hebel f\u00fcr den Wechsel Ihrer Poster verwendet werden kann.<\/p>\n<p>Vergessen Sie nicht, auch den Schl\u00fcssel\/Hebel f\u00fcr den Wechsel Ihrer Poster zu bestellen. <strong><span style=\"color: #993300;\"><a style=\"color: #993300;\" href=\"https:\/\/cdiffprom.ch\/produit\/cle-levier-clic-clac\/\">Schl\u00fcssel\/Hebel zu bestellen.<\/a><\/span><\/strong> zum \u00d6ffnen Ihres Rahmens.<\/p>\n","protected":false},"featured_media":104240,"template":"","meta":{"slim_seo":{"title":"SICHERER CLIC-CLAC-RAHMEN - Suisse - C.Diff-Prom","description":"Klick-Klack-Rahmen, ideal f\u00fcr den Einsatz in sensiblen Bereichen, da ein Schl\u00fcssel\/Hebel f\u00fcr den Wechsel Ihrer Poster verwendet werden kann. Vergessen Sie nicht"}},"product_brand":[],"product_cat":[6339],"product_tag":[],"class_list":{"0":"post-105739","1":"product","2":"type-product","3":"status-publish","4":"has-post-thumbnail","6":"product_cat-plakatrahmen","8":"first","9":"instock","10":"taxable","11":"shipping-taxable","12":"purchasable","13":"product-type-variable"},"_links":{"self":[{"href":"https:\/\/cdiffprom.ch\/de\/wp-json\/wp\/v2\/product\/105739","targetHints":{"allow":["GET"]}}],"collection":[{"href":"https:\/\/cdiffprom.ch\/de\/wp-json\/wp\/v2\/product"}],"about":[{"href":"https:\/\/cdiffprom.ch\/de\/wp-json\/wp\/v2\/types\/product"}],"wp:featuredmedia":[{"embeddable":true,"href":"https:\/\/cdiffprom.ch\/de\/wp-json\/wp\/v2\/media\/104240"}],"wp:attachment":[{"href":"https:\/\/cdiffprom.ch\/de\/wp-json\/wp\/v2\/media?parent=105739"}],"wp:term":[{"taxonomy":"product_brand","embeddable":true,"href":"https:\/\/cdiffprom.ch\/de\/wp-json\/wp\/v2\/product_brand?post=105739"},{"taxonomy":"product_cat","embeddable":true,"href":"https:\/\/cdiffprom.ch\/de\/wp-json\/wp\/v2\/product_cat?post=105739"},{"taxonomy":"product_tag","embeddable":true,"href":"https:\/\/cdiffprom.ch\/de\/wp-json\/wp\/v2\/product_tag?post=105739"}],"curies":[{"name":"wp","href":"https:\/\/api.w.org\/{rel}","templated":true}]}}