{"id":105746,"date":"2022-01-24T14:58:42","date_gmt":"2022-01-24T13:58:42","guid":{"rendered":"https:\/\/cdiffprom.ch\/produit\/plakatstaender-mit-federfuss\/"},"modified":"2022-01-24T14:58:42","modified_gmt":"2022-01-24T13:58:42","slug":"plakatstaender-mit-federfuss","status":"publish","type":"product","link":"https:\/\/cdiffprom.ch\/de\/produit\/plakatstaender-mit-federfuss\/","title":{"rendered":"PLAKATST\u00c4NDER MIT FEDERFUSS"},"content":{"rendered":"<h3><span style=\"color: #800000;\"><strong>Posterst\u00e4nder mit Federfu\u00df<\/strong><\/span><\/h3>\n<p>Mit diesem Posterst\u00e4nder mit Federfu\u00df k\u00f6nnen Sie Ihre Kunden leicht informieren. Au\u00dferdem ist er dank seiner Rollen beweglich und die Plakate k\u00f6nnen oben am Rahmen ausgetauscht werden. <\/p>\n<h4><span style=\"color: #800000;\"><strong>Merkmale<\/strong><\/span><\/h4>\n<ul>\n<li>Ausgestattet mit 2 Rollen f\u00fcr den Transport<\/li>\n<li>Doppelseitig<\/li>\n<li>F\u00fcr Poster H 152 cm und B 56 cm<\/li>\n<li>Einf\u00fchrung von der Oberseite des Rahmens<\/li>\n<li>Beidseitig entspiegelte Plexi-Schutzschilde<\/li>\n<li>Mit Wasser oder Sand beschwerbare Kunststoffbasis (+30kg)<\/li>\n<li>Nur f\u00fcr Innenr\u00e4ume oder regengesch\u00fctzte Au\u00dfenbereiche.<\/li>\n<\/ul>\n<h4><span style=\"color: #800000;\"><strong>Lieferbedingungen<\/strong><\/span><\/h4>\n<p>Zu Ihrer Information: Nach Eingang Ihres Auftrags sind unsere Produkte innerhalb von etwa zehn Tagen lieferbar.<\/p>\n<p>Z\u00f6gern Sie nicht <a href=\"https:\/\/cdiffprom.ch\/elements\/contactez-nous\/\"><strong>uns zu kontaktieren.<\/strong><\/a> Wenn Sie einen dringenderen Bedarf haben, k\u00f6nnen wir Ihnen immer eine schnellere L\u00f6sung anbieten.<\/p>\n<p>Wir sind auch gerne bereit, Ihnen Informationen \u00fcber Mengenrabatte zu geben.<\/p>\n<p>Einige Artikel k\u00f6nnen eine l\u00e4ngere Lieferzeit in Anspruch nehmen, da sie nicht auf Lager unseres Lieferanten sind. In diesem Fall werden Sie nach Eingang Ihrer Bestellung benachrichtigt. <\/p>\n<p>Wir liefern versandkostenfrei ab einem Bestellwert von CHF. 500.-. Unterhalb dieses Betrags wird eine Pauschale von CHF. 15,90 zu entrichten. <\/p>\n<p>Bei allen Online-Bestellungen f\u00fchren wir immer einen Telefonanruf durch, um sicherzustellen, dass Sie das richtige Produkt f\u00fcr Ihre Bed\u00fcrfnisse ausgew\u00e4hlt haben. So k\u00f6nnen Sie sicher sein, dass Sie die richtige Wahl treffen. <\/p>\n","protected":false},"excerpt":{"rendered":"<p>Doppelseitiger Visitenkartenhalter f\u00fcr die einfache Pr\u00e4sentation Ihrer verschiedenen Werbeanzeigen und Promotionen.<\/p>\n<p>Ausgestattet mit 2 Rollen f\u00fcr eine einfache Bewegung.<\/p>\n","protected":false},"featured_media":104514,"template":"","meta":{"slim_seo":{"title":"PLAKATST\u00c4NDER MIT FEDERFUSS - Suisse - C.Diff-Prom","description":"Doppelseitiger Visitenkartenhalter f\u00fcr die einfache Pr\u00e4sentation Ihrer verschiedenen Werbeanzeigen und Promotionen. Ausgestattet mit 2 Rollen f\u00fcr eine einfache"}},"product_brand":[],"product_cat":[6342,6356,6343,15],"product_tag":[],"class_list":{"0":"post-105746","1":"product","2":"type-product","3":"status-publish","4":"has-post-thumbnail","6":"product_cat-anzeige","7":"product_cat-plakatstander-auf-fuss","8":"product_cat-staffeleien-gehwegstopper","9":"product_cat-nouveaute","11":"first","12":"instock","13":"taxable","14":"shipping-taxable","15":"purchasable","16":"product-type-simple"},"_links":{"self":[{"href":"https:\/\/cdiffprom.ch\/de\/wp-json\/wp\/v2\/product\/105746","targetHints":{"allow":["GET"]}}],"collection":[{"href":"https:\/\/cdiffprom.ch\/de\/wp-json\/wp\/v2\/product"}],"about":[{"href":"https:\/\/cdiffprom.ch\/de\/wp-json\/wp\/v2\/types\/product"}],"wp:featuredmedia":[{"embeddable":true,"href":"https:\/\/cdiffprom.ch\/de\/wp-json\/wp\/v2\/media\/104514"}],"wp:attachment":[{"href":"https:\/\/cdiffprom.ch\/de\/wp-json\/wp\/v2\/media?parent=105746"}],"wp:term":[{"taxonomy":"product_brand","embeddable":true,"href":"https:\/\/cdiffprom.ch\/de\/wp-json\/wp\/v2\/product_brand?post=105746"},{"taxonomy":"product_cat","embeddable":true,"href":"https:\/\/cdiffprom.ch\/de\/wp-json\/wp\/v2\/product_cat?post=105746"},{"taxonomy":"product_tag","embeddable":true,"href":"https:\/\/cdiffprom.ch\/de\/wp-json\/wp\/v2\/product_tag?post=105746"}],"curies":[{"name":"wp","href":"https:\/\/api.w.org\/{rel}","templated":true}]}}