{"id":105747,"date":"2021-06-24T20:44:18","date_gmt":"2021-06-24T18:44:18","guid":{"rendered":"https:\/\/cdiffprom.ch\/produit\/bordsteinstopper-schiefer-holz-feder\/"},"modified":"2021-06-24T20:44:18","modified_gmt":"2021-06-24T18:44:18","slug":"bordsteinstopper-schiefer-holz-feder","status":"publish","type":"product","link":"https:\/\/cdiffprom.ch\/de\/produit\/bordsteinstopper-schiefer-holz-feder\/","title":{"rendered":"BORDSTEINSTOPPER SCHIEFER HOLZ\/FEDER"},"content":{"rendered":"<h3><strong><span style=\"color: #993300;\">Bordsteinstopper Schiefer Holz\/Feder<\/span><\/strong><\/h3>\n<p>Mit diesem schieferfarbenen Bordsteinstopper aus Holz\/Feder k\u00f6nnen Sie Ihre Kunden leicht informieren.<\/p>\n<p>Ein- oder zweiseitig verwendbar, kann dieser Bordsteinstopper in vielen Bereichen eingesetzt werden.<\/p>\n<p>Da diese Tafel eine magnetische Metallr\u00fcckwand hat, k\u00f6nnen Sie sie mit trocken oder nass abwischbaren Kreidemarkern beschriften.<\/p>\n<p>Au\u00dferdem k\u00f6nnen Sie mit den Magneten auch Bl\u00e4tter in allen Formaten aufh\u00e4ngen, was Ihnen eine Vielzahl von Verwendungsm\u00f6glichkeiten f\u00fcr diesen Schiefer Gehwegstopper aus Holz\/Feder erm\u00f6glicht.<\/p>\n<h4><span style=\"color: #993300;\"><strong>Merkmale :<\/strong><\/span><\/h4>\n<ul>\n<li>Basis mit 2 Rollen, zum Kippen.<\/li>\n<li>Holzrahmen, 4 cm dick<\/li>\n<li>Basis aus extrem widerstandsf\u00e4higem Kunststoff<\/li>\n<li>Bei Bedarf mit Wasser (+ 30 kg max.) oder feinem Sand (+ 45 kg max.) zu beschweren.<\/li>\n<li>Beine mit 4 flexiblen, korrosionsbest\u00e4ndigen Federn<\/li>\n<li>Geeignet f\u00fcr den gesch\u00fctzten Au\u00dfenbereich<\/li>\n<\/ul>\n<p>Vergessen Sie nicht, Ihre Filzstifte zu bestellen. <span style=\"color: #993300;\"><strong><a style=\"color: #993300;\" href=\"https:\/\/cdiffprom.ch\/produit\/feutre-craie-blanc-et-couleurs\/?attribute_couleur=Pochette+de+5+feutres+couleurs\">Kreidefilzstifte<\/a><\/strong><\/span> die f\u00fcr dieses Stoppschild geeignet sind.<\/p>\n<p>M\u00f6chten Sie ein anderes Modell? Dann schauen Sie sich doch mal unseren neuen <strong><a href=\"https:\/\/cdiffprom.ch\/produit\/stop-trottoir-s-roulettes-double-face\/\"><span style=\"color: #993300;\">Faltbarer Bordsteinstopper auf R\u00e4dern<\/span><\/a><\/strong> <\/p>\n<p><span style=\"color: #993300;\"><strong>Lieferbedingungen<\/strong><\/span><\/p>\n<p>Alle unsere Produkte sind in der Regel innerhalb von 10 Tagen nach Eingang Ihrer Bestellung lieferbar. Bitte z\u00f6gern Sie nicht, uns zu kontaktieren. <span style=\"color: #993300;\"><a style=\"color: #993300;\" href=\"https:\/\/cdiffprom.ch\/elements\/contactez-nous\/\"><strong>uns zu kontaktieren.<\/strong><\/a><\/span> Wenn Sie einen dringenderen Bedarf haben, k\u00f6nnen wir Ihnen immer eine schnellere L\u00f6sung anbieten. <\/p>\n<p>Wir w\u00e4hlen diese Frist, um unsere Transporte zu optimieren und so die nachhaltige Entwicklung zu respektieren. Dies ist f\u00fcr uns auch ein Mittel, um unsere Kosten zu senken, so dass Sie stets von niedrigen und fairen Preisen profitieren k\u00f6nnen. <\/p>\n<p>Einige Artikel k\u00f6nnen eine l\u00e4ngere Lieferzeit in Anspruch nehmen, da sie nicht auf Lager unseres Lieferanten sind. In diesem Fall werden Sie nach Eingang Ihrer Bestellung benachrichtigt. <\/p>\n<p>Wir liefern versandkostenfrei ab einem Bestellwert von CHF. 500.-. Unterhalb dieses Betrags wird eine Pauschale von CHF. 15,90 zu entrichten. <\/p>\n<p>Bei allen Online-Bestellungen f\u00fchren wir immer einen Telefonanruf durch, um sicherzustellen, dass Sie das richtige Produkt f\u00fcr Ihre Bed\u00fcrfnisse ausgew\u00e4hlt haben. So k\u00f6nnen Sie sicher sein, dass Sie die richtige Wahl treffen. <\/p>\n<p>&nbsp;<\/p>\n","protected":false},"excerpt":{"rendered":"<p>Ein ein- oder doppelseitiges Stoppschild mit 2 Rollen zum Kippen.<\/p>\n<p>Beschriftungsm\u00f6glichkeiten mit<span style=\"color: #993300;\"><strong><a style=\"color: #993300;\" href=\"https:\/\/cdiffprom.ch\/produit\/feutre-craie-blanc-et-couleurs\/\"> Kreidefilzstifte<\/a><\/strong><\/span>Sie k\u00f6nnen mit Filzstiften schreiben, die mit Wasser oder trocken abwischbar sind.<\/p>\n<p>&nbsp;<\/p>\n","protected":false},"featured_media":104252,"template":"","meta":{"slim_seo":{"title":"BORDSTEINSTOPPER SCHIEFER HOLZ\/FEDER - Suisse - C.Diff-Prom","description":"Ein ein- oder doppelseitiges Stoppschild mit 2 Rollen zum Kippen. Beschriftungsm\u00f6glichkeiten mit Kreidefilzstifte Sie k\u00f6nnen mit Filzstiften schreiben, die mit"}},"product_brand":[],"product_cat":[6343,15],"product_tag":[],"class_list":{"0":"post-105747","1":"product","2":"type-product","3":"status-publish","4":"has-post-thumbnail","6":"product_cat-staffeleien-gehwegstopper","7":"product_cat-nouveaute","9":"first","10":"instock","11":"taxable","12":"shipping-taxable","13":"purchasable","14":"product-type-variable"},"_links":{"self":[{"href":"https:\/\/cdiffprom.ch\/de\/wp-json\/wp\/v2\/product\/105747","targetHints":{"allow":["GET"]}}],"collection":[{"href":"https:\/\/cdiffprom.ch\/de\/wp-json\/wp\/v2\/product"}],"about":[{"href":"https:\/\/cdiffprom.ch\/de\/wp-json\/wp\/v2\/types\/product"}],"wp:featuredmedia":[{"embeddable":true,"href":"https:\/\/cdiffprom.ch\/de\/wp-json\/wp\/v2\/media\/104252"}],"wp:attachment":[{"href":"https:\/\/cdiffprom.ch\/de\/wp-json\/wp\/v2\/media?parent=105747"}],"wp:term":[{"taxonomy":"product_brand","embeddable":true,"href":"https:\/\/cdiffprom.ch\/de\/wp-json\/wp\/v2\/product_brand?post=105747"},{"taxonomy":"product_cat","embeddable":true,"href":"https:\/\/cdiffprom.ch\/de\/wp-json\/wp\/v2\/product_cat?post=105747"},{"taxonomy":"product_tag","embeddable":true,"href":"https:\/\/cdiffprom.ch\/de\/wp-json\/wp\/v2\/product_tag?post=105747"}],"curies":[{"name":"wp","href":"https:\/\/api.w.org\/{rel}","templated":true}]}}