{"id":105750,"date":"2022-01-24T14:59:11","date_gmt":"2022-01-24T13:59:11","guid":{"rendered":"https:\/\/cdiffprom.ch\/produit\/schieferstaffelei-mit-neigung\/"},"modified":"2022-01-24T14:59:11","modified_gmt":"2022-01-24T13:59:11","slug":"schieferstaffelei-mit-neigung","status":"publish","type":"product","link":"https:\/\/cdiffprom.ch\/de\/produit\/schieferstaffelei-mit-neigung\/","title":{"rendered":"SCHIEFERSTAFFELEI MIT NEIGUNG"},"content":{"rendered":"<h3><strong>Geneigte Schieferstaffelei<\/strong><\/h3>\n<p>Sie k\u00f6nnen diese geneigte Schiefertafel problemlos in vielen Bereichen einsetzen, um Ihre Kunden zu informieren.<\/p>\n<p>Auf dieser leicht zu transportierenden, geneigten Schiefertafel k\u00f6nnen Sie z.B. Ihre Tagesmen\u00fcs, Sonderangebote usw. individuell mit unseren wei\u00dfen und\/oder farbigen Stiften\/Kreiden auslegen.<\/p>\n<h4><strong>Merkmale<\/strong><\/h4>\n<ul>\n<li>Platzbedarf \u00fcber dem Boden: H 148 x B 52 cm<\/li>\n<li>Nutzfl\u00e4che Schiefer: H 137 x B 44 cm<\/li>\n<li>Rahmen aus Buchenholz<\/li>\n<li>Gewicht 6,5 kg<\/li>\n<li>Nicht-magnetische Oberfl\u00e4che<\/li>\n<\/ul>\n<p><strong>Lieferbedingungen<\/strong><\/p>\n<p>Zu Ihrer Information: Nach Eingang Ihres Auftrags sind unsere Produkte innerhalb von etwa zehn Tagen lieferbar.<\/p>\n<p>Z\u00f6gern Sie nicht <a href=\"https:\/\/cdiffprom.ch\/elements\/contactez-nous\/\"><strong>kontaktieren Sie uns bitte.<\/strong><\/a> Wenn Sie einen dringenderen Bedarf haben, haben wir immer eine schnellere L\u00f6sung f\u00fcr Sie und k\u00f6nnen Sie auch \u00fcber Rabatte bei Mengenbestellungen informieren.<\/p>\n<p>Einige Artikel k\u00f6nnen eine l\u00e4ngere Lieferzeit in Anspruch nehmen, da sie nicht auf Lager unseres Lieferanten sind. In diesem Fall werden Sie nach Eingang Ihrer Bestellung benachrichtigt. <\/p>\n<p>Wir liefern versandkostenfrei ab einem Bestellwert von CHF. 500.-. Unterhalb dieses Betrags wird eine Pauschale von CHF. 15,90 zu entrichten. <\/p>\n<p>Bei allen Online-Bestellungen f\u00fchren wir immer einen Telefonanruf durch, um sicherzustellen, dass Sie das richtige Produkt f\u00fcr Ihre Bed\u00fcrfnisse ausgew\u00e4hlt haben. So k\u00f6nnen Sie sicher sein, dass Sie die richtige Wahl treffen. <\/p>\n<p>&nbsp;<\/p>\n<p>&nbsp;<\/p>\n","protected":false},"excerpt":{"rendered":"<p>Schieferstaffelei mit Bodenneigung, doppelseitig, zum Schreiben mit Wasser oder Kreide.<\/p>\n<p>Denken Sie daran, Ihre<a href=\"https:\/\/cdiffprom.ch\/produit\/feutre-craie-blanc-et-couleurs\/?attribute_couleur=Pochette+de+5+feutres+couleurs\"><strong> Kreide\/Filzstifte<\/strong><\/a>.<\/p>\n","protected":false},"featured_media":104538,"template":"","meta":{"slim_seo":{"title":"SCHIEFERSTAFFELEI MIT NEIGUNG - Suisse - C.Diff-Prom","description":"Schieferstaffelei mit Bodenneigung, doppelseitig, zum Schreiben mit Wasser oder Kreide. Denken Sie daran, Ihre Kreide\/Filzstifte ."}},"product_brand":[],"product_cat":[6342,6343,15],"product_tag":[],"class_list":{"0":"post-105750","1":"product","2":"type-product","3":"status-publish","4":"has-post-thumbnail","6":"product_cat-anzeige","7":"product_cat-staffeleien-gehwegstopper","8":"product_cat-nouveaute","10":"first","11":"instock","12":"taxable","13":"shipping-taxable","14":"purchasable","15":"product-type-simple"},"_links":{"self":[{"href":"https:\/\/cdiffprom.ch\/de\/wp-json\/wp\/v2\/product\/105750","targetHints":{"allow":["GET"]}}],"collection":[{"href":"https:\/\/cdiffprom.ch\/de\/wp-json\/wp\/v2\/product"}],"about":[{"href":"https:\/\/cdiffprom.ch\/de\/wp-json\/wp\/v2\/types\/product"}],"wp:featuredmedia":[{"embeddable":true,"href":"https:\/\/cdiffprom.ch\/de\/wp-json\/wp\/v2\/media\/104538"}],"wp:attachment":[{"href":"https:\/\/cdiffprom.ch\/de\/wp-json\/wp\/v2\/media?parent=105750"}],"wp:term":[{"taxonomy":"product_brand","embeddable":true,"href":"https:\/\/cdiffprom.ch\/de\/wp-json\/wp\/v2\/product_brand?post=105750"},{"taxonomy":"product_cat","embeddable":true,"href":"https:\/\/cdiffprom.ch\/de\/wp-json\/wp\/v2\/product_cat?post=105750"},{"taxonomy":"product_tag","embeddable":true,"href":"https:\/\/cdiffprom.ch\/de\/wp-json\/wp\/v2\/product_tag?post=105750"}],"curies":[{"name":"wp","href":"https:\/\/api.w.org\/{rel}","templated":true}]}}