{"id":105751,"date":"2021-06-25T17:25:25","date_gmt":"2021-06-25T15:25:25","guid":{"rendered":"https:\/\/cdiffprom.ch\/produit\/vitrinenrahmen-mit-schloss\/"},"modified":"2021-06-25T17:25:25","modified_gmt":"2021-06-25T15:25:25","slug":"vitrinenrahmen-mit-schloss","status":"publish","type":"product","link":"https:\/\/cdiffprom.ch\/de\/produit\/vitrinenrahmen-mit-schloss\/","title":{"rendered":"VITRINENRAHMEN MIT SCHLOSS"},"content":{"rendered":"<h3><span style=\"color: #993300;\"><strong>Vitrinenrahmen mit Schloss<\/strong><\/span><\/h3>\n<p>Mit diesem Vitrinenrahmen mit Schloss k\u00f6nnen Sie Ihre verschiedenen Informationen schnell und einfach ausstellen.<\/p>\n<p>Dar\u00fcber hinaus wird das Poster von 4 inneren Clips gehalten, 2 oben und 2 unten.<\/p>\n<p>Mit Hilfe eines Schl\u00fcssels k\u00f6nnen Sie den Rahmen leicht \u00f6ffnen und schlie\u00dfen.<\/p>\n<p>Dieser Plakatst\u00e4nder erm\u00f6glicht es Ihnen, Ihr Plakat ohne Magneten oder Pins zu platzieren. So bleibt Ihr Poster f\u00fcr die sp\u00e4tere Verwendung erhalten. <\/p>\n<p>Die Abmessungen zwischen den Clips sind auf das genaue Format der Poster abgestimmt.<\/p>\n<p><span style=\"color: #993300;\"><strong>Merkmale<\/strong><\/span><\/p>\n<ul>\n<li>Erh\u00e4ltlich in 5 Formaten: von A4 bis A0<\/li>\n<li>M\u00f6glichkeit der Installation im Hoch- oder Querformat<\/li>\n<li>Sicheres \u00d6ffnen und Schlie\u00dfen mit Schloss<\/li>\n<li>2 Schl\u00fcssel enthalten<\/li>\n<li>Aluminium, naturfarben eloxiert, satiniert<\/li>\n<li>Gesamtdicke 30 mm<\/li>\n<li>Wasserdicht f\u00fcr die Verwendung auch im Freien<\/li>\n<li>Unsichtbare 4-Punkt-Wandbefestigung von der Innenseite des Schaufensters aus<\/li>\n<\/ul>\n<p>&nbsp;<\/p>\n<p><span style=\"color: #993300;\"><strong>Lieferbedingungen<\/strong><\/span><\/p>\n<p>Alle unsere Produkte sind in der Regel innerhalb von 10 Tagen nach Eingang Ihrer Bestellung lieferbar. Bitte z\u00f6gern Sie nicht, uns zu kontaktieren. <a href=\"https:\/\/cdiffprom.ch\/elements\/contactez-nous\/\"><strong><span style=\"color: #993300;\">uns zu kontaktieren.<\/span><\/strong><\/a> Wenn Sie einen dringenderen Bedarf haben, k\u00f6nnen wir Ihnen immer eine schnellere L\u00f6sung anbieten. <\/p>\n<p>Wir w\u00e4hlen diese Frist, um unsere Transporte zu optimieren und so die nachhaltige Entwicklung zu respektieren. Dies ist f\u00fcr uns auch ein Mittel, um unsere Kosten zu senken, so dass Sie stets von niedrigen und fairen Preisen profitieren k\u00f6nnen. <\/p>\n<p>Einige Artikel k\u00f6nnen eine l\u00e4ngere Lieferzeit in Anspruch nehmen, da sie nicht auf Lager unseres Lieferanten sind. In diesem Fall werden Sie nach Eingang Ihrer Bestellung benachrichtigt. <\/p>\n<p>Wir liefern versandkostenfrei ab einem Bestellwert von CHF. 500.-. Unterhalb dieses Betrags wird eine Pauschale von CHF. 15,90 zu entrichten. <\/p>\n<p>Bei allen Online-Bestellungen f\u00fchren wir immer einen Telefonanruf durch, um sicherzustellen, dass Sie das richtige Produkt f\u00fcr Ihre Bed\u00fcrfnisse ausgew\u00e4hlt haben. So k\u00f6nnen Sie sicher sein, dass Sie die richtige Wahl treffen. <\/p>\n","protected":false},"excerpt":{"rendered":"<p>Vitrinenrahmen mit Schloss<\/p>\n<p>Einfaches und schnelles Ausstellungssystem, mit Schloss mit 2 Schl\u00fcsseln.<\/p>\n<p>5 Standardformate von A4 bis A0<\/p>\n","protected":false},"featured_media":104244,"template":"","meta":{"slim_seo":{"title":"VITRINENRAHMEN MIT SCHLOSS - Suisse - C.Diff-Prom","description":"Vitrinenrahmen mit Schloss Einfaches und schnelles Ausstellungssystem, mit Schloss mit 2 Schl\u00fcsseln. 5 Standardformate von A4 bis A0"}},"product_brand":[],"product_cat":[6339,15],"product_tag":[],"class_list":{"0":"post-105751","1":"product","2":"type-product","3":"status-publish","4":"has-post-thumbnail","6":"product_cat-plakatrahmen","7":"product_cat-nouveaute","9":"first","10":"instock","11":"taxable","12":"shipping-taxable","13":"purchasable","14":"product-type-variable"},"_links":{"self":[{"href":"https:\/\/cdiffprom.ch\/de\/wp-json\/wp\/v2\/product\/105751","targetHints":{"allow":["GET"]}}],"collection":[{"href":"https:\/\/cdiffprom.ch\/de\/wp-json\/wp\/v2\/product"}],"about":[{"href":"https:\/\/cdiffprom.ch\/de\/wp-json\/wp\/v2\/types\/product"}],"wp:featuredmedia":[{"embeddable":true,"href":"https:\/\/cdiffprom.ch\/de\/wp-json\/wp\/v2\/media\/104244"}],"wp:attachment":[{"href":"https:\/\/cdiffprom.ch\/de\/wp-json\/wp\/v2\/media?parent=105751"}],"wp:term":[{"taxonomy":"product_brand","embeddable":true,"href":"https:\/\/cdiffprom.ch\/de\/wp-json\/wp\/v2\/product_brand?post=105751"},{"taxonomy":"product_cat","embeddable":true,"href":"https:\/\/cdiffprom.ch\/de\/wp-json\/wp\/v2\/product_cat?post=105751"},{"taxonomy":"product_tag","embeddable":true,"href":"https:\/\/cdiffprom.ch\/de\/wp-json\/wp\/v2\/product_tag?post=105751"}],"curies":[{"name":"wp","href":"https:\/\/api.w.org\/{rel}","templated":true}]}}