{"id":105757,"date":"2021-11-16T16:48:17","date_gmt":"2021-11-16T15:48:17","guid":{"rendered":"https:\/\/cdiffprom.ch\/produit\/videoleinwand-light-play\/"},"modified":"2021-11-16T16:48:17","modified_gmt":"2021-11-16T15:48:17","slug":"videoleinwand-light-play","status":"publish","type":"product","link":"https:\/\/cdiffprom.ch\/de\/produit\/videoleinwand-light-play\/","title":{"rendered":"VIDEOLEINWAND LIGHT &amp; PLAY"},"content":{"rendered":"<h3><span style=\"color: #993300;\"><strong>Light &amp; Play Videoleinwand<\/strong><\/span><\/h3>\n<p>Mit dieser Light &amp; Play Videowand k\u00f6nnen Sie Ihr Schaufenster beleben und die Aufmerksamkeit der Passanten auf sich ziehen.<\/p>\n<p>Dieser angeschlossene Bildschirm erm\u00f6glicht es Ihnen, ein oder mehrere Videos zu zeigen, um Ihre besten aktuellen Angebote zu demonstrieren.<\/p>\n<p>Dar\u00fcber hinaus haben Sie die M\u00f6glichkeit, 2 Premium-LED-Videowandrahmen oberhalb und unterhalb des Bildschirms zu installieren.<\/p>\n<p>Die Bildschirme k\u00f6nnen sowohl horizontal als auch vertikal installiert werden,<\/p>\n<p>Die ideale L\u00f6sung, um die Aufmerksamkeit Ihrer potenziellen Kunden zu gewinnen und gleichzeitig ein erschwingliches Budget zu haben.<\/p>\n<h3><span style=\"color: #993300;\"><strong>Technische Besonderheiten:<\/strong><\/span><\/h3>\n<p>Bildschirmgr\u00f6\u00dfe: 21,5&#8220;.<br \/>\nFarbe: Schwarz<br \/>\nHelligkeit: 1.500 CD\/m2<br \/>\nAufl\u00f6sung: 1920 x 1080 Full HD<\/p>\n<h3><span style=\"color: #993300;\"><strong>Lieferbedingungen<\/strong><\/span><\/h3>\n<p>Alle unsere Produkte sind innerhalb von 10 Tagen nach Eingang Ihrer Bestellung lieferbar. Bitte z\u00f6gern Sie nicht, uns zu kontaktieren.<strong> <span style=\"color: #993300;\"><a style=\"color: #993300;\" href=\"https:\/\/cdiffprom.ch\/elements\/contactez-nous\/\">uns zu kontaktieren.<\/a><\/span><\/strong> Wenn Sie einen dringenderen Bedarf haben, k\u00f6nnen wir Ihnen immer eine schnellere L\u00f6sung anbieten. <\/p>\n<p>Einige Artikel k\u00f6nnen eine l\u00e4ngere Lieferzeit in Anspruch nehmen, da sie nicht auf Lager unseres Lieferanten sind. In diesem Fall werden Sie nach Eingang Ihrer Bestellung benachrichtigt. <\/p>\n<p>Wir liefern versandkostenfrei ab einem Bestellwert von CHF. 500.-. Unterhalb dieses Betrags wird eine Pauschale von CHF. 15,90 zu entrichten. <\/p>\n<p>Bei allen Online-Bestellungen f\u00fchren wir immer einen Telefonanruf durch, um sicherzustellen, dass Sie das richtige Produkt f\u00fcr Ihre Bed\u00fcrfnisse ausgew\u00e4hlt haben. So k\u00f6nnen Sie sicher sein, dass Sie die richtige Wahl treffen. <\/p>\n","protected":false},"excerpt":{"rendered":"<p>F\u00fcgen Sie einen leistungsstarken Videobildschirm ein, um die Aufmerksamkeit der Passanten zu gewinnen.<\/p>\n<p>Wenn Sie eine Demonstration w\u00fcnschen, klicken Sie bitte hier.<a href=\"https:\/\/cdiffprom.ch\/elements\/contactez-nous\/\"><span style=\"color: #993300;\"><strong> HIER<\/strong><\/span><\/a><\/p>\n<p>Installation horizontal und vertikal m\u00f6glich<\/p>\n","protected":false},"featured_media":104443,"template":"","meta":{"slim_seo":{"title":"VIDEOLEINWAND LIGHT &amp; PLAY - Suisse - C.Diff-Prom","description":"F\u00fcgen Sie einen leistungsstarken Videobildschirm ein, um die Aufmerksamkeit der Passanten zu gewinnen. Wenn Sie eine Demonstration w\u00fcnschen, klicken Sie bitte h"}},"product_brand":[],"product_cat":[6430],"product_tag":[],"class_list":{"0":"post-105757","1":"product","2":"type-product","3":"status-publish","4":"has-post-thumbnail","6":"product_cat-vitrinemedia-de","8":"first","9":"instock","10":"taxable","11":"shipping-taxable","12":"purchasable","13":"product-type-simple"},"_links":{"self":[{"href":"https:\/\/cdiffprom.ch\/de\/wp-json\/wp\/v2\/product\/105757","targetHints":{"allow":["GET"]}}],"collection":[{"href":"https:\/\/cdiffprom.ch\/de\/wp-json\/wp\/v2\/product"}],"about":[{"href":"https:\/\/cdiffprom.ch\/de\/wp-json\/wp\/v2\/types\/product"}],"wp:featuredmedia":[{"embeddable":true,"href":"https:\/\/cdiffprom.ch\/de\/wp-json\/wp\/v2\/media\/104443"}],"wp:attachment":[{"href":"https:\/\/cdiffprom.ch\/de\/wp-json\/wp\/v2\/media?parent=105757"}],"wp:term":[{"taxonomy":"product_brand","embeddable":true,"href":"https:\/\/cdiffprom.ch\/de\/wp-json\/wp\/v2\/product_brand?post=105757"},{"taxonomy":"product_cat","embeddable":true,"href":"https:\/\/cdiffprom.ch\/de\/wp-json\/wp\/v2\/product_cat?post=105757"},{"taxonomy":"product_tag","embeddable":true,"href":"https:\/\/cdiffprom.ch\/de\/wp-json\/wp\/v2\/product_tag?post=105757"}],"curies":[{"name":"wp","href":"https:\/\/api.w.org\/{rel}","templated":true}]}}