{"id":105758,"date":"2021-12-27T17:51:20","date_gmt":"2021-12-27T16:51:20","guid":{"rendered":"https:\/\/cdiffprom.ch\/produit\/doppelter-rahmen-a3-horizontal\/"},"modified":"2021-12-27T17:51:20","modified_gmt":"2021-12-27T16:51:20","slug":"doppelter-rahmen-a3-horizontal","status":"publish","type":"product","link":"https:\/\/cdiffprom.ch\/de\/produit\/doppelter-rahmen-a3-horizontal\/","title":{"rendered":"DOPPELTER RAHMEN A3 HORIZONTAL"},"content":{"rendered":"<h3><span style=\"color: #993300;\"><strong>Doppelrahmen A3 horizontal<\/strong><\/span><\/h3>\n<p>Mit dem Doppelrahmen A3 horizontal k\u00f6nnen Sie Ihre au\u00dfergew\u00f6hnlichen Angebote noch besser pr\u00e4sentieren!<\/p>\n<p>Platzieren Sie zwei Poster f\u00fcr ein einzigartiges Objekt in diesem exklusiven Medium Vitrine Media, verschiedene Installationsoptionen, zwischen zwei A3-Rahmen oder auch \u00fcber und unter einem Video-Display.<span style=\"color: #993300;\"> <a style=\"color: #993300;\" href=\"https:\/\/cdiffprom.ch\/produit\/ecran-video-light-play\/\"><strong>Light &amp; Play Videoleinwand<\/strong>.<\/a><\/span><\/p>\n<p>Dieser Rahmen ist derzeit nur in der Farbe Schwarz erh\u00e4ltlich und wird Sie auf den ersten Blick von anderen unterscheiden.<\/p>\n<p>Er ist sehr hell, so dass Sie schon von weitem gesehen werden und belastet Ihr Budget nicht mit Strom, da er mit 24 Volt betrieben wird.<\/p>\n<p>Au\u00dferdem kann es in eines Ihrer Schaufenster, die bereits mit Vitrine Media ausgestattet sind, eingef\u00fcgt werden.<\/p>\n<h4><span style=\"color: #993300;\"><strong>Technische Spezifit\u00e4t<\/strong><\/span><\/h4>\n<ul style=\"box-sizing: border-box; font-family: Rubik, sans-serif; list-style: circle; margin-top: 0px; padding: 0px 0px 0px 20px; margin-bottom: 1.3em; color: #161616; font-size: 16px;\">\n<li style=\"box-sizing: border-box; margin-bottom: 0.6em; margin-left: 1.3em;\">Helligkeit: 6400 LUX A3<\/li>\n<li style=\"box-sizing: border-box; margin-bottom: 0.6em; margin-left: 1.3em;\">Innenma\u00dfe des Rahmens 42 x 84 cm<\/li>\n<li style=\"box-sizing: border-box; margin-bottom: 0.6em; margin-left: 1.3em;\">Elektrischer Anschluss: 220 Volt mit 24-Volt-Transformator<\/li>\n<li style=\"box-sizing: border-box; margin-bottom: 0.6em; margin-left: 1.3em;\">Alle unsere Bilderrahmen sind im Hoch- oder Querformat erh\u00e4ltlich.<\/li>\n<li style=\"box-sizing: border-box; margin-bottom: 0.6em; margin-left: 1.3em;\">Maximal 5 Rahmen pro Spalte in A4 und 4 in A3.<\/li>\n<li style=\"box-sizing: border-box; margin-bottom: 0.6em; margin-left: 1.3em;\">Garantierte Helligkeit \u00fcber 80.000 Stunden<\/li>\n<li style=\"box-sizing: border-box; margin-bottom: 0.6em; margin-left: 1.3em;\">2 Jahre Garantie<\/li>\n<\/ul>\n<h4><span style=\"color: #993300;\"><strong>Lieferbedingungen<\/strong><\/span><\/h4>\n<p style=\"box-sizing: border-box; font-family: Rubik, sans-serif; margin-bottom: 1.3em; margin-top: 0px; color: #161616; font-size: 16px;\">Alle unsere Produkte sind innerhalb von 10 Tagen nach Eingang Ihrer Bestellung lieferbar. Bitte z\u00f6gern Sie nicht, uns zu kontaktieren.<span style=\"box-sizing: border-box; color: #993300;\"><span style=\"box-sizing: border-box; font-weight: bolder;\"> <a style=\"box-sizing: border-box; background-color: transparent; touch-action: manipulation; color: #993300; box-shadow: none;\" href=\"https:\/\/cdiffprom.ch\/elements\/contactez-nous\/\">uns zu kontaktieren.<\/a><\/span><\/span> Wenn Sie einen dringenderen Bedarf haben, k\u00f6nnen wir Ihnen immer eine schnellere L\u00f6sung anbieten. <\/p>\n<p style=\"box-sizing: border-box; font-family: Rubik, sans-serif; margin-bottom: 1.3em; margin-top: 0px; color: #161616; font-size: 16px;\">Einige Artikel k\u00f6nnen eine l\u00e4ngere Lieferzeit in Anspruch nehmen, da sie nicht auf Lager unseres Lieferanten sind. In diesem Fall werden Sie nach Eingang Ihrer Bestellung benachrichtigt. <\/p>\n<p style=\"box-sizing: border-box; font-family: Rubik, sans-serif; margin-bottom: 1.3em; margin-top: 0px; color: #161616; font-size: 16px;\">Wir liefern versandkostenfrei ab einem Bestellwert von CHF. 500.-. Unterhalb dieses Betrags wird eine Pauschale von CHF. 15,90 zu entrichten. <\/p>\n<p style=\"box-sizing: border-box; font-family: Rubik, sans-serif; margin-bottom: 1.3em; margin-top: 0px; color: #161616; font-size: 16px;\">Bei allen Online-Bestellungen f\u00fchren wir immer einen Telefonanruf durch, um sicherzustellen, dass Sie das richtige Produkt f\u00fcr Ihre Bed\u00fcrfnisse ausgew\u00e4hlt haben. So k\u00f6nnen Sie sicher sein, dass Sie die richtige Wahl treffen. <\/p>\n","protected":false},"excerpt":{"rendered":"<p>Die ideale Erg\u00e4nzung zu Ihrem bereits ausgestatteten Schaufenster.<\/p>\n","protected":false},"featured_media":104493,"template":"","meta":{"slim_seo":{"title":"DOPPELTER RAHMEN A3 HORIZONTAL - Suisse - C.Diff-Prom","description":"Die ideale Erg\u00e4nzung zu Ihrem bereits ausgestatteten Schaufenster."}},"product_brand":[],"product_cat":[6342,6373,6430],"product_tag":[],"class_list":{"0":"post-105758","1":"product","2":"type-product","3":"status-publish","4":"has-post-thumbnail","6":"product_cat-anzeige","7":"product_cat-leuchtanzeige","8":"product_cat-vitrinemedia-de","10":"first","11":"instock","12":"taxable","13":"shipping-taxable","14":"purchasable","15":"product-type-simple"},"_links":{"self":[{"href":"https:\/\/cdiffprom.ch\/de\/wp-json\/wp\/v2\/product\/105758","targetHints":{"allow":["GET"]}}],"collection":[{"href":"https:\/\/cdiffprom.ch\/de\/wp-json\/wp\/v2\/product"}],"about":[{"href":"https:\/\/cdiffprom.ch\/de\/wp-json\/wp\/v2\/types\/product"}],"wp:featuredmedia":[{"embeddable":true,"href":"https:\/\/cdiffprom.ch\/de\/wp-json\/wp\/v2\/media\/104493"}],"wp:attachment":[{"href":"https:\/\/cdiffprom.ch\/de\/wp-json\/wp\/v2\/media?parent=105758"}],"wp:term":[{"taxonomy":"product_brand","embeddable":true,"href":"https:\/\/cdiffprom.ch\/de\/wp-json\/wp\/v2\/product_brand?post=105758"},{"taxonomy":"product_cat","embeddable":true,"href":"https:\/\/cdiffprom.ch\/de\/wp-json\/wp\/v2\/product_cat?post=105758"},{"taxonomy":"product_tag","embeddable":true,"href":"https:\/\/cdiffprom.ch\/de\/wp-json\/wp\/v2\/product_tag?post=105758"}],"curies":[{"name":"wp","href":"https:\/\/api.w.org\/{rel}","templated":true}]}}