{"id":105839,"date":"2019-07-26T12:49:16","date_gmt":"2019-07-26T10:49:16","guid":{"rendered":"https:\/\/cdiffprom.ch\/produit\/pult-lutrin-alu-kristall\/"},"modified":"2019-07-26T12:49:16","modified_gmt":"2019-07-26T10:49:16","slug":"pult-lutrin-alu-kristall","status":"publish","type":"product","link":"https:\/\/cdiffprom.ch\/de\/produit\/pult-lutrin-alu-kristall\/","title":{"rendered":"Pult\/Lutrin Alu Kristall"},"content":{"rendered":"<h3><span style=\"color: #800000;\"><strong>Pult\/Lutrin Alu Kristall<\/strong><\/span><\/h3>\n<p>Sie k\u00f6nnen dieses Rednerpult\/Lutrin aus Alu-Kristall bei Konferenzen, Sitzungen, Ausstellungen oder Messen verwenden, um Ihre Besucher oder Kunden zu begr\u00fc\u00dfen.<\/p>\n<h4><span style=\"color: #800000;\"><strong>Merkmale<\/strong> <\/span>:<\/h4>\n<ul>\n<li>Durchsichtiges, geneigtes Plexiglasregal 32 x 47 cm, Dicke 4 mm<\/li>\n<li>Vorderer Rand 20 mm f\u00fcr die Aufbewahrung von Dokumenten<\/li>\n<li>Alu-Fu\u00df, naturfarben eloxiert, auf Sockel 30 x 42 cm, 6 kg beschwert<\/li>\n<li>H\u00f6he 110 cm, Breite 47 cm x Tiefe 42 cm<\/li>\n<\/ul>\n<h4><span style=\"color: #800000;\"><strong>Lieferbedingungen :<br \/>\n<\/strong><\/span><\/h4>\n<p>Zu Ihrer Information: Nach Eingang Ihres Auftrags sind unsere Produkte innerhalb von etwa zehn Tagen lieferbar.<\/p>\n<p>Z\u00f6gern Sie nicht <u><a href=\"https:\/\/cdiffprom.ch\/elements\/contactez-nous\/\"><strong><span style=\"color: #800000;\">kontaktieren Sie uns bitte.<\/span><\/strong><\/a><\/u> Wenn Sie einen dringenderen Bedarf haben, haben wir immer eine schnellere L\u00f6sung f\u00fcr Sie und k\u00f6nnen Sie auch \u00fcber Rabatte bei Mengenbestellungen informieren.<\/p>\n<p>Einige Artikel k\u00f6nnen eine l\u00e4ngere Lieferzeit in Anspruch nehmen, da sie nicht auf Lager unseres Lieferanten sind. In diesem Fall werden Sie nach Eingang Ihrer Bestellung benachrichtigt. <\/p>\n<p>Wir liefern versandkostenfrei ab einem Bestellwert von CHF. 500.-. Unterhalb dieses Betrags wird eine Pauschale von CHF. 15,90 zu entrichten. <\/p>\n<p>Bei allen Online-Bestellungen f\u00fchren wir immer einen Telefonanruf durch, um sicherzustellen, dass Sie das richtige Produkt f\u00fcr Ihre Bed\u00fcrfnisse ausgew\u00e4hlt haben. So k\u00f6nnen Sie sicher sein, dass Sie die richtige Wahl treffen. <\/p>\n<p>Bitte beachten Sie, dass die Promo-Codes nicht kumulierbar sind und der Rabatt auf Ihrer Bestellung sichtbar ist.<\/p>\n","protected":false},"excerpt":{"rendered":"<p>Kosteng\u00fcnstige L\u00f6sung f\u00fcr Ihre Redner!<\/p>\n","protected":false},"featured_media":102738,"template":"","meta":{"slim_seo":{"title":"Pult\/Lutrin Alu Kristall - Suisse - C.Diff-Prom","description":"Kosteng\u00fcnstige L\u00f6sung f\u00fcr Ihre Redner!"}},"product_brand":[],"product_cat":[6355,6352],"product_tag":[6393],"class_list":{"0":"post-105839","1":"product","2":"type-product","3":"status-publish","4":"has-post-thumbnail","6":"product_cat-konferenz","7":"product_cat-pult-und-theken","8":"product_tag-pulte-und-theken","10":"first","11":"instock","12":"taxable","13":"shipping-taxable","14":"purchasable","15":"product-type-simple"},"_links":{"self":[{"href":"https:\/\/cdiffprom.ch\/de\/wp-json\/wp\/v2\/product\/105839","targetHints":{"allow":["GET"]}}],"collection":[{"href":"https:\/\/cdiffprom.ch\/de\/wp-json\/wp\/v2\/product"}],"about":[{"href":"https:\/\/cdiffprom.ch\/de\/wp-json\/wp\/v2\/types\/product"}],"wp:featuredmedia":[{"embeddable":true,"href":"https:\/\/cdiffprom.ch\/de\/wp-json\/wp\/v2\/media\/102738"}],"wp:attachment":[{"href":"https:\/\/cdiffprom.ch\/de\/wp-json\/wp\/v2\/media?parent=105839"}],"wp:term":[{"taxonomy":"product_brand","embeddable":true,"href":"https:\/\/cdiffprom.ch\/de\/wp-json\/wp\/v2\/product_brand?post=105839"},{"taxonomy":"product_cat","embeddable":true,"href":"https:\/\/cdiffprom.ch\/de\/wp-json\/wp\/v2\/product_cat?post=105839"},{"taxonomy":"product_tag","embeddable":true,"href":"https:\/\/cdiffprom.ch\/de\/wp-json\/wp\/v2\/product_tag?post=105839"}],"curies":[{"name":"wp","href":"https:\/\/api.w.org\/{rel}","templated":true}]}}