{"id":105840,"date":"2019-07-26T12:50:34","date_gmt":"2019-07-26T10:50:34","guid":{"rendered":"https:\/\/cdiffprom.ch\/produit\/isolatoren-fuer-offizielle-wahlen\/"},"modified":"2019-07-26T12:50:34","modified_gmt":"2019-07-26T10:50:34","slug":"isolatoren-fuer-offizielle-wahlen","status":"publish","type":"product","link":"https:\/\/cdiffprom.ch\/de\/produit\/isolatoren-fuer-offizielle-wahlen\/","title":{"rendered":"Isolatoren f\u00fcr offizielle Wahlen"},"content":{"rendered":"<h3><span style=\"color: #993300;\"><strong>Isolatoren f\u00fcr offizielle Wahlen<\/strong><\/span><\/h3>\n<p>W\u00e4hlen Sie unsere Wahlkabinen f\u00fcr offizielle Wahlen, die leicht zu montieren, zu transportieren und miteinander zu verbinden sind.<\/p>\n<p>So k\u00f6nnen Sie allen Ihren B\u00fcrgern Diskretion bei allen Wahlentscheidungen und Volksabstimmungen bieten.<\/p>\n<p>Auch als PMR-Version erh\u00e4ltlich, f\u00fcr Personen mit eingeschr\u00e4nkter Mobilit\u00e4t, gr\u00f6\u00dfere Abmessungen.<\/p>\n<h4><span style=\"color: #993300;\"><strong>Technische Spezifikationen<\/strong><\/span><\/h4>\n<ul>\n<li>Struktur aus Stahlrohr mit einem Querschnitt von 20 x 20 mm, hochfest braun pulverbeschichtet.<\/li>\n<li>Gewicht Standard-Isolierkabine: 17 kg PMR-Isolierkabine: 22 kg<\/li>\n<li>Abmessungen: Aufgebaut H 200 x B 80 x T 80 cm &#8211; Abgebaut H 105 x B 82 x T 5 cm<\/li>\n<li>Abmessungen der Wahlkabinen P.M.R. Aufgebaut H 200 x B 100 x T 130 cm &#8211; Abgebaut H 105 x B 82 x T 5 cm<\/li>\n<li>Festes, aber abnehmbares Tablett.<\/li>\n<li>Boden, Front und Seiten mit Vorhang aus 100% Baumwolle, wei\u00df undurchsichtig, nicht brennbar M1.<\/li>\n<li>Ebenfalls erh\u00e4ltlich: eine PMR-Isolierkabine mit verstellbarem Tisch f\u00fcr Personen mit eingeschr\u00e4nkter Mobilit\u00e4t.<\/li>\n<li>Die Isolatoren k\u00f6nnen mit den Ameisenbefestigungsclips miteinander verbunden werden.<\/li>\n<li>Aufbewahrungs- und Transporttasche separat erh\u00e4ltlich.<\/li>\n<\/ul>\n<h4><span style=\"color: #993300;\"><strong>Lieferbedingungen<\/strong><\/span><\/h4>\n<p>Alle unsere Produkte sind innerhalb von 10 Tagen nach Eingang Ihrer Bestellung lieferbar. Bitte z\u00f6gern Sie nicht, uns zu kontaktieren. <span style=\"color: #993300;\"><strong><a style=\"color: #993300;\" href=\"https:\/\/cdiffprom.ch\/elements\/contactez-nous\/\">uns zu kontaktieren.<\/a><\/strong><\/span> Wenn Sie einen dringenderen Bedarf haben, k\u00f6nnen wir Ihnen immer eine schnellere L\u00f6sung anbieten. <\/p>\n<p>Einige Artikel k\u00f6nnen eine l\u00e4ngere Lieferzeit in Anspruch nehmen, da sie nicht auf Lager unseres Lieferanten sind. In diesem Fall werden Sie nach Eingang Ihrer Bestellung benachrichtigt. <\/p>\n<p>Wir liefern versandkostenfrei ab einem Bestellwert von CHF. 500.-. Unterhalb dieses Betrags wird eine Pauschale von CHF. 15,90 zu entrichten. <\/p>\n<p>Bei allen Online-Bestellungen f\u00fchren wir immer einen Telefonanruf durch, um sicherzustellen, dass Sie das richtige Produkt f\u00fcr Ihre Bed\u00fcrfnisse ausgew\u00e4hlt haben. So k\u00f6nnen Sie sicher sein, dass Sie die richtige Wahl treffen. <\/p>\n","protected":false},"excerpt":{"rendered":"<p>Einfach zu lagern, zu transportieren und zu installieren!<\/p>\n<p>Auch in einer gr\u00f6\u00dferen Version f\u00fcr Personen mit eingeschr\u00e4nkter Mobilit\u00e4t erh\u00e4ltlich.<\/p>\n","protected":false},"featured_media":104202,"template":"","meta":{"slim_seo":{"title":"Isolatoren f\u00fcr offizielle Wahlen - Suisse - C.Diff-Prom","description":"Einfach zu lagern, zu transportieren und zu installieren! Auch in einer gr\u00f6\u00dferen Version f\u00fcr Personen mit eingeschr\u00e4nkter Mobilit\u00e4t erh\u00e4ltlich."}},"product_brand":[],"product_cat":[6355,6394],"product_tag":[6395],"class_list":{"0":"post-105840","1":"product","2":"type-product","3":"status-publish","4":"has-post-thumbnail","6":"product_cat-konferenz","7":"product_cat-wahlurnen-und-wahlkabinen","8":"product_tag-urnen-und-wahlkabinen","10":"first","11":"instock","12":"taxable","13":"shipping-taxable","14":"purchasable","15":"product-type-variable"},"_links":{"self":[{"href":"https:\/\/cdiffprom.ch\/de\/wp-json\/wp\/v2\/product\/105840","targetHints":{"allow":["GET"]}}],"collection":[{"href":"https:\/\/cdiffprom.ch\/de\/wp-json\/wp\/v2\/product"}],"about":[{"href":"https:\/\/cdiffprom.ch\/de\/wp-json\/wp\/v2\/types\/product"}],"wp:featuredmedia":[{"embeddable":true,"href":"https:\/\/cdiffprom.ch\/de\/wp-json\/wp\/v2\/media\/104202"}],"wp:attachment":[{"href":"https:\/\/cdiffprom.ch\/de\/wp-json\/wp\/v2\/media?parent=105840"}],"wp:term":[{"taxonomy":"product_brand","embeddable":true,"href":"https:\/\/cdiffprom.ch\/de\/wp-json\/wp\/v2\/product_brand?post=105840"},{"taxonomy":"product_cat","embeddable":true,"href":"https:\/\/cdiffprom.ch\/de\/wp-json\/wp\/v2\/product_cat?post=105840"},{"taxonomy":"product_tag","embeddable":true,"href":"https:\/\/cdiffprom.ch\/de\/wp-json\/wp\/v2\/product_tag?post=105840"}],"curies":[{"name":"wp","href":"https:\/\/api.w.org\/{rel}","templated":true}]}}