{"id":105844,"date":"2019-07-26T12:49:17","date_gmt":"2019-07-26T10:49:17","guid":{"rendered":"https:\/\/cdiffprom.ch\/produit\/pulte-rednerpult-tischstaender\/"},"modified":"2019-07-26T12:49:17","modified_gmt":"2019-07-26T10:49:17","slug":"pulte-rednerpult-tischstaender","status":"publish","type":"product","link":"https:\/\/cdiffprom.ch\/de\/produit\/pulte-rednerpult-tischstaender\/","title":{"rendered":"Pulte \/ Rednerpult Tischst\u00e4nder"},"content":{"rendered":"<ul>\n<li>Ideal als Schreibunterlage f\u00fcr den Schreibtisch, als Rednerpult, um ein offenes Buch oder ein G\u00e4stebuch zu pr\u00e4sentieren, oder als Redner auf einem Tisch.<\/li>\n<li>Transparentes Plexiglas mit einer St\u00e4rke von 4 mm von sehr guter Qualit\u00e4t.<\/li>\n<li>Gesamtgr\u00f6\u00dfe :<\/li>\n<li>H.21 x<\/li>\n<li>L.50 x<\/li>\n<li>P.30 cm<\/li>\n<li>Gewicht: 1,5 kg<\/li>\n<\/ul>\n","protected":false},"excerpt":{"rendered":"<p>Erleichtern Sie Ihren Reden den Einstieg!<\/p>\n","protected":false},"featured_media":102740,"template":"","meta":{"slim_seo":{"title":"Pulte \/ Rednerpult Tischst\u00e4nder - Suisse - C.Diff-Prom","description":"Erleichtern Sie Ihren Reden den Einstieg!"}},"product_brand":[],"product_cat":[6355,6352],"product_tag":[6393],"class_list":{"0":"post-105844","1":"product","2":"type-product","3":"status-publish","4":"has-post-thumbnail","6":"product_cat-konferenz","7":"product_cat-pult-und-theken","8":"product_tag-pulte-und-theken","10":"first","11":"instock","12":"taxable","13":"shipping-taxable","14":"purchasable","15":"product-type-simple"},"_links":{"self":[{"href":"https:\/\/cdiffprom.ch\/de\/wp-json\/wp\/v2\/product\/105844","targetHints":{"allow":["GET"]}}],"collection":[{"href":"https:\/\/cdiffprom.ch\/de\/wp-json\/wp\/v2\/product"}],"about":[{"href":"https:\/\/cdiffprom.ch\/de\/wp-json\/wp\/v2\/types\/product"}],"wp:featuredmedia":[{"embeddable":true,"href":"https:\/\/cdiffprom.ch\/de\/wp-json\/wp\/v2\/media\/102740"}],"wp:attachment":[{"href":"https:\/\/cdiffprom.ch\/de\/wp-json\/wp\/v2\/media?parent=105844"}],"wp:term":[{"taxonomy":"product_brand","embeddable":true,"href":"https:\/\/cdiffprom.ch\/de\/wp-json\/wp\/v2\/product_brand?post=105844"},{"taxonomy":"product_cat","embeddable":true,"href":"https:\/\/cdiffprom.ch\/de\/wp-json\/wp\/v2\/product_cat?post=105844"},{"taxonomy":"product_tag","embeddable":true,"href":"https:\/\/cdiffprom.ch\/de\/wp-json\/wp\/v2\/product_tag?post=105844"}],"curies":[{"name":"wp","href":"https:\/\/api.w.org\/{rel}","templated":true}]}}