{"id":105845,"date":"2019-07-26T12:50:35","date_gmt":"2019-07-26T10:50:35","guid":{"rendered":"https:\/\/cdiffprom.ch\/produit\/transparente-faltbare-urne\/"},"modified":"2019-07-26T12:50:35","modified_gmt":"2019-07-26T10:50:35","slug":"transparente-faltbare-urne","status":"publish","type":"product","link":"https:\/\/cdiffprom.ch\/de\/produit\/transparente-faltbare-urne\/","title":{"rendered":"Transparente faltbare Urne"},"content":{"rendered":"<h3><span style=\"color: #800000;\"><strong>Transparente faltbare Urne<br \/>\n<\/strong><\/span><\/h3>\n<p>Mit dieser faltbaren, transparenten Urne k\u00f6nnen Sie alle Stimmzettel f\u00fcr Wettbewerbe oder Abstimmungen einfach und bequem sammeln.<\/p>\n<p>Sie brauchen sich keine Sorgen um den Transport oder die Lagerung zu machen, da dieses Modell vollst\u00e4ndig zerlegbar und faltbar ist. Dadurch kann diese Urne sehr einfach auf kleinstem Raum gelagert werden. Platzsparend!  <\/p>\n<h4><span style=\"color: #800000;\"><strong>Merkmale<\/strong><\/span><\/h4>\n<ul>\n<li>2 Modelle zur Auswahl<\/li>\n<li>Abmessungen: H 20 x B 21 x T 21 cm<\/li>\n<li>Kunststoffmaterial starrer, transparenter Kristall, 3 mm dick<\/li>\n<li>Wird mit einem Zahlenschloss geliefert<\/li>\n<li>Schlitz Einf\u00fchrung 5 x 125 mm<\/li>\n<\/ul>\n<h3><span style=\"color: #800000;\"><strong>Lieferbedingungen<\/strong><\/span><\/h3>\n<p>Zu Ihrer Information: Nach Eingang Ihres Auftrags sind unsere Produkte innerhalb von etwa zehn Tagen lieferbar.<\/p>\n<p>Z\u00f6gern Sie nicht <strong><span style=\"color: #800000;\"><u><a style=\"color: #800000;\" href=\"https:\/\/cdiffprom.ch\/elements\/contactez-nous\/\">uns zu kontaktieren.<\/a><\/u><\/span><\/strong> Wenn Sie einen dringenderen Bedarf haben, k\u00f6nnen wir Ihnen immer eine schnellere L\u00f6sung anbieten.<\/p>\n<p>Wir sind auch gerne bereit, Ihnen Informationen \u00fcber Mengenrabatte zu geben.<\/p>\n<p>Einige Artikel k\u00f6nnen eine l\u00e4ngere Lieferzeit in Anspruch nehmen, da sie nicht auf Lager unseres Lieferanten sind. In diesem Fall werden Sie nach Eingang Ihrer Bestellung benachrichtigt. <\/p>\n<p>Wir liefern versandkostenfrei ab einem Bestellwert von CHF. 500.-. Unterhalb dieses Betrags wird eine Pauschale von CHF. 15,90 zu entrichten. <\/p>\n<p>Bei allen Online-Bestellungen f\u00fchren wir immer einen Telefonanruf durch, um sicherzustellen, dass Sie das richtige Produkt f\u00fcr Ihre Bed\u00fcrfnisse ausgew\u00e4hlt haben. So k\u00f6nnen Sie sicher sein, dass Sie die richtige Wahl treffen. <\/p>\n<p>Bitte beachten Sie, dass die Promo-Codes nicht kumulierbar sind und der Rabatt auf Ihrer Bestellung sichtbar ist.<\/p>\n","protected":false},"excerpt":{"rendered":"<p>F\u00fcr Spiele, Wettbewerbe oder Betriebswahlen. Platzsparend zusammenklappbar <\/p>\n","protected":false},"featured_media":102762,"template":"","meta":{"slim_seo":{"title":"Transparente faltbare Urne - Suisse - C.Diff-Prom","description":"F\u00fcr Spiele, Wettbewerbe oder Betriebswahlen. Platzsparend zusammenklappbar"}},"product_brand":[],"product_cat":[6355,6394],"product_tag":[6395],"class_list":{"0":"post-105845","1":"product","2":"type-product","3":"status-publish","4":"has-post-thumbnail","6":"product_cat-konferenz","7":"product_cat-wahlurnen-und-wahlkabinen","8":"product_tag-urnen-und-wahlkabinen","9":"pa_typologie-20-x-21-x-21-cm-im-set","10":"pa_typologie-20-x-21-x-21-cm-im-set-24-x-21-posterhalter","12":"first","13":"instock","14":"taxable","15":"shipping-taxable","16":"purchasable","17":"product-type-variable"},"_links":{"self":[{"href":"https:\/\/cdiffprom.ch\/de\/wp-json\/wp\/v2\/product\/105845","targetHints":{"allow":["GET"]}}],"collection":[{"href":"https:\/\/cdiffprom.ch\/de\/wp-json\/wp\/v2\/product"}],"about":[{"href":"https:\/\/cdiffprom.ch\/de\/wp-json\/wp\/v2\/types\/product"}],"wp:featuredmedia":[{"embeddable":true,"href":"https:\/\/cdiffprom.ch\/de\/wp-json\/wp\/v2\/media\/102762"}],"wp:attachment":[{"href":"https:\/\/cdiffprom.ch\/de\/wp-json\/wp\/v2\/media?parent=105845"}],"wp:term":[{"taxonomy":"product_brand","embeddable":true,"href":"https:\/\/cdiffprom.ch\/de\/wp-json\/wp\/v2\/product_brand?post=105845"},{"taxonomy":"product_cat","embeddable":true,"href":"https:\/\/cdiffprom.ch\/de\/wp-json\/wp\/v2\/product_cat?post=105845"},{"taxonomy":"product_tag","embeddable":true,"href":"https:\/\/cdiffprom.ch\/de\/wp-json\/wp\/v2\/product_tag?post=105845"}],"curies":[{"name":"wp","href":"https:\/\/api.w.org\/{rel}","templated":true}]}}