{"id":105846,"date":"2019-07-26T12:49:18","date_gmt":"2019-07-26T10:49:18","guid":{"rendered":"https:\/\/cdiffprom.ch\/produit\/konferenzpult-luxus-kristall\/"},"modified":"2019-07-26T12:49:18","modified_gmt":"2019-07-26T10:49:18","slug":"konferenzpult-luxus-kristall","status":"publish","type":"product","link":"https:\/\/cdiffprom.ch\/de\/produit\/konferenzpult-luxus-kristall\/","title":{"rendered":"Konferenzpult Luxus-Kristall"},"content":{"rendered":"<h3><span style=\"color: #800000;\"><strong>Konferenzpult Luxus-Kristall<\/strong><\/span><\/h3>\n<p>Dieses kristalline Konferenzpult ist das ideale Zubeh\u00f6r f\u00fcr Ihre Konferenzen\/Sitzungen.<\/p>\n<p>Er wird auch in jeder Ausstellungs-\/Seminarhalle seinen Platz finden, um Ihre Besucher oder Kunden zu empfangen.<\/p>\n<h4><span style=\"color: #800000;\"><strong>Merkmale<\/strong> <\/span>:<\/h4>\n<ul>\n<li>Oberes Tablett, 10\u00b0 geneigt, H 43 cm x B 60 cm<\/li>\n<li>Untere Leiste mit 5 mm Dicke f\u00fcr die Aufbewahrung von Dokumenten<\/li>\n<li>Doppelfu\u00df auf Sockel\/Basis 44 x 51 cm sehr stabil und sehr robust<\/li>\n<li>Zwischen den beiden F\u00fc\u00dfen befindet sich eine vertikale Platte H 44 x B 37 cm f\u00fcr die Anbringung eines Logos oder einer anderen Botschaft.<\/li>\n<li>Vertikale Frontblende zum Einlegen von Papierdokumenten und Informationen \u00fcber die Konferenz im Format H15 x B 57 cm<\/li>\n<li>Wird zerlegt geliefert mit Schrauben, Schl\u00fcssel und Montageanleitung<\/li>\n<li>Installierter Platzbedarf: H\u00f6he 116 cm x Breite 60 cm x Tiefe 44 cm<\/li>\n<li>Gewicht 36 kg<\/li>\n<\/ul>\n<h4><span style=\"color: #800000;\"><strong>Lieferbedingungen :<br \/>\n<\/strong><\/span><\/h4>\n<p>Zu Ihrer Information: Nach Eingang Ihres Auftrags sind unsere Produkte innerhalb von etwa zehn Tagen lieferbar.<\/p>\n<p>Z\u00f6gern Sie nicht <span style=\"color: #800000;\"><strong><u><a style=\"color: #800000;\" href=\"https:\/\/cdiffprom.ch\/elements\/contactez-nous\/\">kontaktieren Sie uns bitte.<\/a><\/u><\/strong><\/span> Wenn Sie einen dringenderen Bedarf haben, haben wir immer eine schnellere L\u00f6sung f\u00fcr Sie und k\u00f6nnen Sie auch \u00fcber Rabatte bei Mengenbestellungen informieren.<\/p>\n<p>Einige Artikel k\u00f6nnen eine l\u00e4ngere Lieferzeit in Anspruch nehmen, da sie nicht auf Lager unseres Lieferanten sind. In diesem Fall werden Sie nach Eingang Ihrer Bestellung benachrichtigt. <\/p>\n<p>Wir liefern versandkostenfrei ab einem Bestellwert von CHF. 500.-. Unterhalb dieses Betrags wird eine Pauschale von CHF. 15,90 zu entrichten. <\/p>\n<p>Bei allen Online-Bestellungen f\u00fchren wir immer einen Telefonanruf durch, um sicherzustellen, dass Sie das richtige Produkt f\u00fcr Ihre Bed\u00fcrfnisse ausgew\u00e4hlt haben. So k\u00f6nnen Sie sicher sein, dass Sie die richtige Wahl treffen. <\/p>\n<p>Bitte beachten Sie, dass die Promo-Codes nicht kumulierbar sind und der Rabatt auf Ihrer Bestellung sichtbar ist.<\/p>\n","protected":false},"excerpt":{"rendered":"<p>Hochwertiges transparentes Plexiglas aus PMMA, St\u00e4rke 15 mm <\/p>\n","protected":false},"featured_media":102744,"template":"","meta":{"slim_seo":{"title":"Konferenzpult Luxus-Kristall - Suisse - C.Diff-Prom","description":"Hochwertiges transparentes Plexiglas aus PMMA, St\u00e4rke 15 mm"}},"product_brand":[],"product_cat":[6355,6352],"product_tag":[6393],"class_list":{"0":"post-105846","1":"product","2":"type-product","3":"status-publish","4":"has-post-thumbnail","6":"product_cat-konferenz","7":"product_cat-pult-und-theken","8":"product_tag-pulte-und-theken","10":"first","11":"instock","12":"taxable","13":"shipping-taxable","14":"purchasable","15":"product-type-simple"},"_links":{"self":[{"href":"https:\/\/cdiffprom.ch\/de\/wp-json\/wp\/v2\/product\/105846","targetHints":{"allow":["GET"]}}],"collection":[{"href":"https:\/\/cdiffprom.ch\/de\/wp-json\/wp\/v2\/product"}],"about":[{"href":"https:\/\/cdiffprom.ch\/de\/wp-json\/wp\/v2\/types\/product"}],"wp:featuredmedia":[{"embeddable":true,"href":"https:\/\/cdiffprom.ch\/de\/wp-json\/wp\/v2\/media\/102744"}],"wp:attachment":[{"href":"https:\/\/cdiffprom.ch\/de\/wp-json\/wp\/v2\/media?parent=105846"}],"wp:term":[{"taxonomy":"product_brand","embeddable":true,"href":"https:\/\/cdiffprom.ch\/de\/wp-json\/wp\/v2\/product_brand?post=105846"},{"taxonomy":"product_cat","embeddable":true,"href":"https:\/\/cdiffprom.ch\/de\/wp-json\/wp\/v2\/product_cat?post=105846"},{"taxonomy":"product_tag","embeddable":true,"href":"https:\/\/cdiffprom.ch\/de\/wp-json\/wp\/v2\/product_tag?post=105846"}],"curies":[{"name":"wp","href":"https:\/\/api.w.org\/{rel}","templated":true}]}}