{"id":105849,"date":"2019-07-26T12:50:37","date_gmt":"2019-07-26T10:50:37","guid":{"rendered":"https:\/\/cdiffprom.ch\/produit\/wahlurne-mit-ohne-zaehler\/"},"modified":"2019-07-26T12:50:37","modified_gmt":"2019-07-26T10:50:37","slug":"wahlurne-mit-ohne-zaehler","status":"publish","type":"product","link":"https:\/\/cdiffprom.ch\/de\/produit\/wahlurne-mit-ohne-zaehler\/","title":{"rendered":"Wahlurne mit\/ohne Z\u00e4hler"},"content":{"rendered":"<h3><span style=\"color: #800000;\"><strong>Wahlurne mit\/ohne Z\u00e4hler<\/strong><\/span><\/h3>\n<p>Sie k\u00f6nnen diese Wahlurne mit\/ohne Z\u00e4hler bei Wettbewerben, Spielen, Tombolas und Abstimmungen verwenden.<\/p>\n<h4><span style=\"color: #800000;\"><strong>Merkmale  <\/strong><\/span><\/h4>\n<ul>\n<li>Herstellung von transparentem Plexiglas mit einer Dicke von 3 und 4 mm<\/li>\n<li>Aluminiumrahmen<\/li>\n<li>Seitliche Griffe f\u00fcr den Transport<\/li>\n<li>Schlitze Einf\u00fchrung 120 x 10 mm<\/li>\n<li>Modell ohne Z\u00e4hler: 1 Schloss, H 30 x B 40 x T 40 cm<\/li>\n<li>Modell mit Z\u00e4hler: 2 Vorh\u00e4ngeschl\u00f6sser mit 2 Schl\u00fcsseln (unterschiedliche Nummern) Sicherheitsklappe, Nullstellung im Inneren H 36 x B 41 x T 41 cm<\/li>\n<li>Kapazit\u00e4t ca. 1300 Seiten<\/li>\n<\/ul>\n<p><strong><span style=\"color: #800000;\">Lieferbedingungen<\/span><\/strong><\/p>\n<p>Zu Ihrer Information: Nach Eingang Ihres Auftrags sind unsere Produkte innerhalb von etwa zehn Tagen lieferbar.<\/p>\n<p>Z\u00f6gern Sie nicht <strong><span style=\"color: #800000;\"><u><a style=\"color: #800000;\" href=\"https:\/\/cdiffprom.ch\/elements\/contactez-nous\/\">uns zu kontaktieren.<\/a><\/u><\/span><\/strong> Wenn Sie einen dringenderen Bedarf haben, k\u00f6nnen wir Ihnen immer eine schnellere L\u00f6sung anbieten.<\/p>\n<p>Wir sind auch gerne bereit, Ihnen Informationen \u00fcber Mengenrabatte zu geben.<\/p>\n<p>Einige Artikel k\u00f6nnen eine l\u00e4ngere Lieferzeit in Anspruch nehmen, da sie nicht auf Lager unseres Lieferanten sind. In diesem Fall werden Sie nach Eingang Ihrer Bestellung benachrichtigt. <\/p>\n<p>Wir liefern versandkostenfrei ab einem Bestellwert von CHF. 500.-. Unterhalb dieses Betrags wird eine Pauschale von CHF. 15,90 zu entrichten. <\/p>\n<p>Bei allen Online-Bestellungen f\u00fchren wir immer einen Telefonanruf durch, um sicherzustellen, dass Sie das richtige Produkt f\u00fcr Ihre Bed\u00fcrfnisse ausgew\u00e4hlt haben. So k\u00f6nnen Sie sicher sein, dass Sie die richtige Wahl treffen. <\/p>\n<p>Bitte beachten Sie, dass die Promo-Codes nicht kumulierbar sind und der Rabatt auf Ihrer Bestellung sichtbar ist.<\/p>\n","protected":false},"excerpt":{"rendered":"<p>Diese Urne eignet sich f\u00fcr Wettbewerbe, Spiele, Lotterien und Abstimmungen. Mit oder ohne Z\u00e4hler. <\/p>\n","protected":false},"featured_media":102772,"template":"","meta":{"slim_seo":{"title":"Wahlurne mit\/ohne Z\u00e4hler - Suisse - C.Diff-Prom","description":"Diese Urne eignet sich f\u00fcr Wettbewerbe, Spiele, Lotterien und Abstimmungen. Mit oder ohne Z\u00e4hler."}},"product_brand":[],"product_cat":[6355,6394],"product_tag":[6395],"class_list":{"0":"post-105849","1":"product","2":"type-product","3":"status-publish","4":"has-post-thumbnail","6":"product_cat-konferenz","7":"product_cat-wahlurnen-und-wahlkabinen","8":"product_tag-urnen-und-wahlkabinen","10":"first","11":"instock","12":"taxable","13":"shipping-taxable","14":"purchasable","15":"product-type-variable"},"_links":{"self":[{"href":"https:\/\/cdiffprom.ch\/de\/wp-json\/wp\/v2\/product\/105849","targetHints":{"allow":["GET"]}}],"collection":[{"href":"https:\/\/cdiffprom.ch\/de\/wp-json\/wp\/v2\/product"}],"about":[{"href":"https:\/\/cdiffprom.ch\/de\/wp-json\/wp\/v2\/types\/product"}],"wp:featuredmedia":[{"embeddable":true,"href":"https:\/\/cdiffprom.ch\/de\/wp-json\/wp\/v2\/media\/102772"}],"wp:attachment":[{"href":"https:\/\/cdiffprom.ch\/de\/wp-json\/wp\/v2\/media?parent=105849"}],"wp:term":[{"taxonomy":"product_brand","embeddable":true,"href":"https:\/\/cdiffprom.ch\/de\/wp-json\/wp\/v2\/product_brand?post=105849"},{"taxonomy":"product_cat","embeddable":true,"href":"https:\/\/cdiffprom.ch\/de\/wp-json\/wp\/v2\/product_cat?post=105849"},{"taxonomy":"product_tag","embeddable":true,"href":"https:\/\/cdiffprom.ch\/de\/wp-json\/wp\/v2\/product_tag?post=105849"}],"curies":[{"name":"wp","href":"https:\/\/api.w.org\/{rel}","templated":true}]}}