{"id":105850,"date":"2019-07-26T12:49:19","date_gmt":"2019-07-26T10:49:19","guid":{"rendered":"https:\/\/cdiffprom.ch\/produit\/konferenzpult-aus-plexiglas-und-kristallglas\/"},"modified":"2019-07-26T12:49:19","modified_gmt":"2019-07-26T10:49:19","slug":"konferenzpult-aus-plexiglas-und-kristallglas","status":"publish","type":"product","link":"https:\/\/cdiffprom.ch\/de\/produit\/konferenzpult-aus-plexiglas-und-kristallglas\/","title":{"rendered":"Konferenzpult aus Plexiglas und Kristallglas"},"content":{"rendered":"<h3><span style=\"color: #800000;\"><strong>Konferenzpult aus Plexiglas und Kristallglas<\/strong><\/span><\/h3>\n<p>Dieses Plexiglas-Kristall-Konferenzpult eignet sich hervorragend f\u00fcr<\/p>\n<ul>\n<li>eine Konferenz<\/li>\n<li>ein Seminar<\/li>\n<li>eine m\u00fcndliche Pr\u00e4sentation<\/li>\n<\/ul>\n<p>Es kann auch als Ausstellungsfl\u00e4che f\u00fcr ein offenes Buch oder eine andere Art von Dokument dienen.<\/p>\n<h4><span style=\"color: #800000;\"><strong>Merkmale :<\/strong><\/span><\/h4>\n<ul>\n<li>Ablageboden 30\u00b0 nach vorne geneigt (H 32 x B 50 cm) mit 3 cm hohem Rand<\/li>\n<li>H\u00f6he 104 cm<\/li>\n<li>Fu\u00df aus 10 mm dickem Plexiglas und Ablage aus 5 mm dickem Plexiglas<\/li>\n<li>Gewicht 8 kg<\/li>\n<\/ul>\n<h4><strong><span style=\"color: #800000;\">Lieferbedingungen :<br \/>\n<\/span><\/strong><\/h4>\n<p>Zu Ihrer Information: Nach Eingang Ihres Auftrags sind unsere Produkte innerhalb von etwa zehn Tagen lieferbar.<\/p>\n<p>Z\u00f6gern Sie nicht <u><a href=\"https:\/\/cdiffprom.ch\/elements\/contactez-nous\/\"><strong><span style=\"color: #800000;\">kontaktieren Sie uns bitte.<\/span><\/strong><\/a><\/u> Wenn Sie einen dringenderen Bedarf haben, haben wir immer eine schnellere L\u00f6sung f\u00fcr Sie und k\u00f6nnen Sie auch \u00fcber Rabatte bei Mengenbestellungen informieren.<\/p>\n<p>Einige Artikel k\u00f6nnen eine l\u00e4ngere Lieferzeit in Anspruch nehmen, da sie nicht auf Lager unseres Lieferanten sind. In diesem Fall werden Sie nach Eingang Ihrer Bestellung benachrichtigt. <\/p>\n<p>Wir liefern versandkostenfrei ab einem Bestellwert von CHF. 500.-. Unterhalb dieses Betrags wird eine Pauschale von CHF. 15,90 zu entrichten. <\/p>\n<p>Bei allen Online-Bestellungen f\u00fchren wir immer einen Telefonanruf durch, um sicherzustellen, dass Sie das richtige Produkt f\u00fcr Ihre Bed\u00fcrfnisse ausgew\u00e4hlt haben. So k\u00f6nnen Sie sicher sein, dass Sie die richtige Wahl treffen. <\/p>\n<p>Bitte beachten Sie, dass die Promo-Codes nicht kumulierbar sind und der Rabatt auf Ihrer Bestellung sichtbar ist.<\/p>\n","protected":false},"excerpt":{"rendered":"<p>Eleganz, Transparenz und Robustheit von Plexiglas<\/p>\n","protected":false},"featured_media":102752,"template":"","meta":{"slim_seo":{"title":"Konferenzpult aus Plexiglas und Kristallglas - Suisse - C.Diff-Prom","description":"Eleganz, Transparenz und Robustheit von Plexiglas"}},"product_brand":[],"product_cat":[6355,6352],"product_tag":[6393],"class_list":{"0":"post-105850","1":"product","2":"type-product","3":"status-publish","4":"has-post-thumbnail","6":"product_cat-konferenz","7":"product_cat-pult-und-theken","8":"product_tag-pulte-und-theken","10":"first","11":"instock","12":"taxable","13":"shipping-taxable","14":"purchasable","15":"product-type-simple"},"_links":{"self":[{"href":"https:\/\/cdiffprom.ch\/de\/wp-json\/wp\/v2\/product\/105850","targetHints":{"allow":["GET"]}}],"collection":[{"href":"https:\/\/cdiffprom.ch\/de\/wp-json\/wp\/v2\/product"}],"about":[{"href":"https:\/\/cdiffprom.ch\/de\/wp-json\/wp\/v2\/types\/product"}],"wp:featuredmedia":[{"embeddable":true,"href":"https:\/\/cdiffprom.ch\/de\/wp-json\/wp\/v2\/media\/102752"}],"wp:attachment":[{"href":"https:\/\/cdiffprom.ch\/de\/wp-json\/wp\/v2\/media?parent=105850"}],"wp:term":[{"taxonomy":"product_brand","embeddable":true,"href":"https:\/\/cdiffprom.ch\/de\/wp-json\/wp\/v2\/product_brand?post=105850"},{"taxonomy":"product_cat","embeddable":true,"href":"https:\/\/cdiffprom.ch\/de\/wp-json\/wp\/v2\/product_cat?post=105850"},{"taxonomy":"product_tag","embeddable":true,"href":"https:\/\/cdiffprom.ch\/de\/wp-json\/wp\/v2\/product_tag?post=105850"}],"curies":[{"name":"wp","href":"https:\/\/api.w.org\/{rel}","templated":true}]}}