{"id":105854,"date":"2019-07-26T12:50:38","date_gmt":"2019-07-26T10:50:38","guid":{"rendered":"https:\/\/cdiffprom.ch\/produit\/transparente-urne-fuer-spiele-wettbewerbe\/"},"modified":"2019-07-26T12:50:38","modified_gmt":"2019-07-26T10:50:38","slug":"transparente-urne-fuer-spiele-wettbewerbe","status":"publish","type":"product","link":"https:\/\/cdiffprom.ch\/de\/produit\/transparente-urne-fuer-spiele-wettbewerbe\/","title":{"rendered":"Transparente Urne f\u00fcr Spiele\/Wettbewerbe"},"content":{"rendered":"<h3><span style=\"color: #800000;\"><strong>Transparente Urne f\u00fcr Spiele\/Wettbewerbe<\/strong><\/span><\/h3>\n<p>Mit dieser transparenten Urne f\u00fcr Spiele\/Wettbewerbe k\u00f6nnen Sie Ihre verschiedenen Antwortcoupons mit Leichtigkeit sammeln, z.B. bei Wahlen oder Tombolas.<\/p>\n<h4><span style=\"color: #800000;\"><strong>Merkmale<\/strong><\/span><\/h4>\n<ul>\n<li>Sehr gute Qualit\u00e4t<\/li>\n<li>Metallschloss mit 2 Schl\u00fcsseln<\/li>\n<li>Hergestellt aus 4 mm dickem, transparentem Plexiglas<\/li>\n<li>Einwurfschlitz<\/li>\n<li>Scharnierdeckel<\/li>\n<li>5 Gr\u00f6\u00dfen zur Auswahl, darunter 3 Modelle mit Schiebe\u00f6ffnung nach hinten<\/li>\n<\/ul>\n<h4><span style=\"color: #800000;\"><strong>Lieferbedingungen<\/strong><\/span><\/h4>\n<p>Zu Ihrer Information: Nach Eingang Ihres Auftrags sind unsere Produkte innerhalb von etwa zehn Tagen lieferbar.<\/p>\n<p>Z\u00f6gern Sie nicht <u><a href=\"https:\/\/cdiffprom.ch\/elements\/contactez-nous\/\"><strong><span style=\"color: #800000;\">uns zu kontaktieren.<\/span><\/strong><\/a><\/u> Wenn Sie einen dringenderen Bedarf haben, k\u00f6nnen wir Ihnen immer eine schnellere L\u00f6sung anbieten.<\/p>\n<p>Wir sind auch gerne bereit, Ihnen Informationen \u00fcber Mengenrabatte zu geben.<\/p>\n<p>Einige Artikel k\u00f6nnen eine l\u00e4ngere Lieferzeit in Anspruch nehmen, da sie nicht auf Lager unseres Lieferanten sind. In diesem Fall werden Sie nach Eingang Ihrer Bestellung benachrichtigt. <\/p>\n<p>Wir liefern versandkostenfrei ab einem Bestellwert von CHF. 500.-. Unterhalb dieses Betrags wird eine Pauschale von CHF. 15,90 zu entrichten. <\/p>\n<p>Bei allen Online-Bestellungen f\u00fchren wir immer einen Telefonanruf durch, um sicherzustellen, dass Sie das richtige Produkt f\u00fcr Ihre Bed\u00fcrfnisse ausgew\u00e4hlt haben. So k\u00f6nnen Sie sicher sein, dass Sie die richtige Wahl treffen. <\/p>\n<p>Bitte beachten Sie, dass die Promo-Codes nicht kumulierbar sind und der Rabatt auf Ihrer Bestellung sichtbar ist.<\/p>\n","protected":false},"excerpt":{"rendered":"<p>Ideal f\u00fcr alle Arten von Spielen und Wettbewerben sowie f\u00fcr Abstimmungen.<\/p>\n","protected":false},"featured_media":102778,"template":"","meta":{"slim_seo":{"title":"Transparente Urne f\u00fcr Spiele\/Wettbewerbe - Suisse - C.Diff-Prom","description":"Ideal f\u00fcr alle Arten von Spielen und Wettbewerben sowie f\u00fcr Abstimmungen."}},"product_brand":[],"product_cat":[6355,6394],"product_tag":[6395],"class_list":{"0":"post-105854","1":"product","2":"type-product","3":"status-publish","4":"has-post-thumbnail","6":"product_cat-konferenz","7":"product_cat-wahlurnen-und-wahlkabinen","8":"product_tag-urnen-und-wahlkabinen","10":"first","11":"instock","12":"taxable","13":"shipping-taxable","14":"purchasable","15":"product-type-variable"},"_links":{"self":[{"href":"https:\/\/cdiffprom.ch\/de\/wp-json\/wp\/v2\/product\/105854","targetHints":{"allow":["GET"]}}],"collection":[{"href":"https:\/\/cdiffprom.ch\/de\/wp-json\/wp\/v2\/product"}],"about":[{"href":"https:\/\/cdiffprom.ch\/de\/wp-json\/wp\/v2\/types\/product"}],"wp:featuredmedia":[{"embeddable":true,"href":"https:\/\/cdiffprom.ch\/de\/wp-json\/wp\/v2\/media\/102778"}],"wp:attachment":[{"href":"https:\/\/cdiffprom.ch\/de\/wp-json\/wp\/v2\/media?parent=105854"}],"wp:term":[{"taxonomy":"product_brand","embeddable":true,"href":"https:\/\/cdiffprom.ch\/de\/wp-json\/wp\/v2\/product_brand?post=105854"},{"taxonomy":"product_cat","embeddable":true,"href":"https:\/\/cdiffprom.ch\/de\/wp-json\/wp\/v2\/product_cat?post=105854"},{"taxonomy":"product_tag","embeddable":true,"href":"https:\/\/cdiffprom.ch\/de\/wp-json\/wp\/v2\/product_tag?post=105854"}],"curies":[{"name":"wp","href":"https:\/\/api.w.org\/{rel}","templated":true}]}}