{"id":105860,"date":"2019-07-26T12:59:18","date_gmt":"2019-07-26T10:59:18","guid":{"rendered":"https:\/\/cdiffprom.ch\/produit\/kleiderbuegel-anti-diebstahl-ring\/"},"modified":"2019-07-26T12:59:18","modified_gmt":"2019-07-26T10:59:18","slug":"kleiderbuegel-anti-diebstahl-ring","status":"publish","type":"product","link":"https:\/\/cdiffprom.ch\/de\/produit\/kleiderbuegel-anti-diebstahl-ring\/","title":{"rendered":"Kleiderb\u00fcgel + Anti-Diebstahl-Ring"},"content":{"rendered":"<ul>\n<li>Zum Aufh\u00e4ngen der Kleidung von Besuchern an der Rezeption oder bei einer Veranstaltung.<\/li>\n<li>Ring mit einem Nutzdurchmesser von 3,5 cm, der an der Kleiderstange befestigt wird.<\/li>\n<li>Der Ring ist im Rohr des Kleiderschranks gefangen und l\u00e4sst sich nach dem Einrasten nicht \u00f6ffnen.<\/li>\n<li>Der G\u00fcrtel h\u00e4ngt am Ring, kann aber nicht ohne den Ring verwendet werden.<\/li>\n<li>Harter schwarzer Kunststoff.<\/li>\n<li>Kleiderb\u00fcgel, Breite 45 cm x H\u00f6he 23 cm \u00fcber alles<\/li>\n<\/ul>\n","protected":false},"excerpt":{"rendered":"<p>Zum Aufh\u00e4ngen der Kleidung von Besuchern an der Rezeption oder bei einer Veranstaltung. Ring mit einem Nutzdurchmesser von 3,5 cm, der an der Kleiderstange befestigt wird. Der Ring ist im Rohr des Kleiderschranks gefangen und l\u00e4sst sich nach dem Einrasten nicht \u00f6ffnen. Der G\u00fcrtel h\u00e4ngt am Ring, kann aber nicht ohne den Ring verwendet werden&#8230;.<\/p>\n","protected":false},"featured_media":102792,"template":"","meta":{"slim_seo":{"title":"Kleiderb\u00fcgel + Anti-Diebstahl-Ring - Suisse - C.Diff-Prom","description":"Zum Aufh\u00e4ngen der Kleidung von Besuchern an der Rezeption oder bei einer Veranstaltung. Ring mit einem Nutzdurchmesser von 3,5 cm, der an der Kleiderstange befe"}},"product_brand":[],"product_cat":[6467,6355],"product_tag":[6468],"class_list":{"0":"post-105860","1":"product","2":"type-product","3":"status-publish","4":"has-post-thumbnail","6":"product_cat-empfangszubehor","7":"product_cat-konferenz","8":"product_tag-empfangszubehor","10":"first","11":"instock","12":"taxable","13":"shipping-taxable","14":"purchasable","15":"product-type-simple"},"_links":{"self":[{"href":"https:\/\/cdiffprom.ch\/de\/wp-json\/wp\/v2\/product\/105860","targetHints":{"allow":["GET"]}}],"collection":[{"href":"https:\/\/cdiffprom.ch\/de\/wp-json\/wp\/v2\/product"}],"about":[{"href":"https:\/\/cdiffprom.ch\/de\/wp-json\/wp\/v2\/types\/product"}],"wp:featuredmedia":[{"embeddable":true,"href":"https:\/\/cdiffprom.ch\/de\/wp-json\/wp\/v2\/media\/102792"}],"wp:attachment":[{"href":"https:\/\/cdiffprom.ch\/de\/wp-json\/wp\/v2\/media?parent=105860"}],"wp:term":[{"taxonomy":"product_brand","embeddable":true,"href":"https:\/\/cdiffprom.ch\/de\/wp-json\/wp\/v2\/product_brand?post=105860"},{"taxonomy":"product_cat","embeddable":true,"href":"https:\/\/cdiffprom.ch\/de\/wp-json\/wp\/v2\/product_cat?post=105860"},{"taxonomy":"product_tag","embeddable":true,"href":"https:\/\/cdiffprom.ch\/de\/wp-json\/wp\/v2\/product_tag?post=105860"}],"curies":[{"name":"wp","href":"https:\/\/api.w.org\/{rel}","templated":true}]}}