{"id":105862,"date":"2019-07-26T14:54:05","date_gmt":"2019-07-26T12:54:05","guid":{"rendered":"https:\/\/cdiffprom.ch\/produit\/trittbrett-hocker-2-stufen\/"},"modified":"2019-07-26T14:54:05","modified_gmt":"2019-07-26T12:54:05","slug":"trittbrett-hocker-2-stufen","status":"publish","type":"product","link":"https:\/\/cdiffprom.ch\/de\/produit\/trittbrett-hocker-2-stufen\/","title":{"rendered":"Trittbrett\/Hocker 2 Stufen"},"content":{"rendered":"<h3><span style=\"color: #800000;\"><strong>Trittbrett\/Hocker 2 Stufen<\/strong><\/span><\/h3>\n<p>Dieser vielseitig verwendbare 2-stufige Tritt und Hocker wird Ihnen viele Dienste erweisen, indem er Sie um 1 oder 2 Stufen erh\u00f6ht, je nach Bedarf.<\/p>\n<p>Au\u00dferdem ist es leicht zu bewegen, da es \u00fcber drei integrierte, ausfahrbare Rollen verf\u00fcgt, die sich beim Betreten des Trittbretts einfahren.<\/p>\n<h4><strong><span style=\"color: #800000;\">Merkmale :<\/span><\/strong><\/h4>\n<ul>\n<li>4 Farben: schwarz, grau, rot oder blau<\/li>\n<li>Sehr robust und stabil<\/li>\n<li>Hergestellt aus hochfestem Polypropylen<\/li>\n<li>Zul\u00e4ssige Belastung 150 kg<\/li>\n<li>Rutschfeste obere Platte, 283 mm Durchmesser<\/li>\n<li>Gesamth\u00f6he 41 cm<\/li>\n<li>Gewicht: 2 kg 150<\/li>\n<\/ul>\n<h4><span style=\"color: #800000;\"><strong>Lieferbedingungen :<br \/>\n<\/strong><\/span><\/h4>\n<p>Zu Ihrer Information: Nach Eingang Ihres Auftrags sind unsere Produkte innerhalb von etwa zehn Tagen lieferbar.<\/p>\n<p>Z\u00f6gern Sie nicht <span style=\"color: #800000;\"><strong><u><a style=\"color: #800000;\" href=\"https:\/\/cdiffprom.ch\/elements\/contactez-nous\/\">uns zu kontaktieren.<\/a><\/u><\/strong><\/span> Wenn Sie einen dringenderen Bedarf haben, k\u00f6nnen wir Ihnen immer eine schnellere L\u00f6sung anbieten.<\/p>\n<p>Wir sind auch gerne bereit, Ihnen Informationen \u00fcber Mengenrabatte zu geben.<\/p>\n<p>Einige Artikel k\u00f6nnen eine l\u00e4ngere Lieferzeit in Anspruch nehmen, da sie nicht auf Lager unseres Lieferanten sind. In diesem Fall werden Sie nach Eingang Ihrer Bestellung benachrichtigt. <\/p>\n<p>Wir liefern versandkostenfrei ab einem Bestellwert von CHF. 500.-. Unterhalb dieses Betrags wird eine Pauschale von CHF. 15,90 zu entrichten. <\/p>\n<p>Bei allen Online-Bestellungen f\u00fchren wir immer einen Telefonanruf durch, um sicherzustellen, dass Sie das richtige Produkt f\u00fcr Ihre Bed\u00fcrfnisse ausgew\u00e4hlt haben. So k\u00f6nnen Sie sicher sein, dass Sie die richtige Wahl treffen. <\/p>\n<p>Bitte beachten Sie, dass die Promo-Codes nicht kumulierbar sind und der Rabatt auf Ihrer Bestellung sichtbar ist.<\/p>\n<p>&nbsp;<\/p>\n","protected":false},"excerpt":{"rendered":"<p>Sie werden jeden Tag, \u00fcberall und bei jeder Gelegenheit verwendet!<\/p>\n","protected":false},"featured_media":102808,"template":"","meta":{"slim_seo":{"title":"Trittbrett\/Hocker 2 Stufen - Suisse - C.Diff-Prom","description":"Sie werden jeden Tag, \u00fcberall und bei jeder Gelegenheit verwendet!"}},"product_brand":[],"product_cat":[6467,6355,6472,6390],"product_tag":[6468,6473],"class_list":{"0":"post-105862","1":"product","2":"type-product","3":"status-publish","4":"has-post-thumbnail","6":"product_cat-empfangszubehor","7":"product_cat-konferenz","8":"product_cat-mobiliar","9":"product_cat-ranking","10":"product_tag-empfangszubehor","11":"product_tag-mobiliare-erganzungen","12":"pa_couleurs-blau","13":"pa_couleurs-grau","14":"pa_couleurs-rot","15":"pa_couleurs-schwarz","17":"first","18":"instock","19":"taxable","20":"shipping-taxable","21":"purchasable","22":"product-type-variable"},"_links":{"self":[{"href":"https:\/\/cdiffprom.ch\/de\/wp-json\/wp\/v2\/product\/105862","targetHints":{"allow":["GET"]}}],"collection":[{"href":"https:\/\/cdiffprom.ch\/de\/wp-json\/wp\/v2\/product"}],"about":[{"href":"https:\/\/cdiffprom.ch\/de\/wp-json\/wp\/v2\/types\/product"}],"wp:featuredmedia":[{"embeddable":true,"href":"https:\/\/cdiffprom.ch\/de\/wp-json\/wp\/v2\/media\/102808"}],"wp:attachment":[{"href":"https:\/\/cdiffprom.ch\/de\/wp-json\/wp\/v2\/media?parent=105862"}],"wp:term":[{"taxonomy":"product_brand","embeddable":true,"href":"https:\/\/cdiffprom.ch\/de\/wp-json\/wp\/v2\/product_brand?post=105862"},{"taxonomy":"product_cat","embeddable":true,"href":"https:\/\/cdiffprom.ch\/de\/wp-json\/wp\/v2\/product_cat?post=105862"},{"taxonomy":"product_tag","embeddable":true,"href":"https:\/\/cdiffprom.ch\/de\/wp-json\/wp\/v2\/product_tag?post=105862"}],"curies":[{"name":"wp","href":"https:\/\/api.w.org\/{rel}","templated":true}]}}