{"id":105868,"date":"2019-07-26T14:55:56","date_gmt":"2019-07-26T12:55:56","guid":{"rendered":"https:\/\/cdiffprom.ch\/produit\/wandregal-fuer-postkarten\/"},"modified":"2019-07-26T14:55:56","modified_gmt":"2019-07-26T12:55:56","slug":"wandregal-fuer-postkarten","status":"publish","type":"product","link":"https:\/\/cdiffprom.ch\/de\/produit\/wandregal-fuer-postkarten\/","title":{"rendered":"Wandregal f\u00fcr Postkarten"},"content":{"rendered":"<h3><span style=\"color: #800000;\"><strong>Wandregal f\u00fcr Postkarten<\/strong><\/span><\/h3>\n<p>Sie k\u00f6nnen dieses Wanddisplay f\u00fcr Postkarten an vielen Orten verwenden, wie z.B. :<\/p>\n<ul>\n<li>Mediatheken<\/li>\n<li>Hotels<\/li>\n<li>Presse<\/li>\n<li>Museen<\/li>\n<li>Touristische Orte<\/li>\n<\/ul>\n<h4><span style=\"color: #800000;\"><strong>Merkmale<\/strong><\/span><\/h4>\n<ul>\n<li>18 Kartenf\u00e4cher in der Breite und 7 Kartenf\u00e4cher in der H\u00f6he<\/li>\n<li>Grau lackierter Draht<\/li>\n<li>Grauer Schildergiebel B 38 x H 4 cm<\/li>\n<li>Kapazit\u00e4t pro Feld 2,5 cm<\/li>\n<li>H 102 x B 45 x 5 cm dick <\/li>\n<\/ul>\n<p><span style=\"color: #800000;\"><strong>Lieferbedingungen<\/strong><\/span><\/p>\n<p>Zu Ihrer Information: Nach Eingang Ihres Auftrags sind unsere Produkte innerhalb von etwa zehn Tagen lieferbar.<\/p>\n<p>Z\u00f6gern Sie nicht <u><a href=\"https:\/\/cdiffprom.ch\/elements\/contactez-nous\/\"><strong><span style=\"color: #800000;\">uns zu kontaktieren.<\/span><\/strong><\/a><\/u> Wenn Sie einen dringenderen Bedarf haben, k\u00f6nnen wir Ihnen immer eine schnellere L\u00f6sung anbieten.<\/p>\n<p>Wir sind auch gerne bereit, Ihnen Informationen \u00fcber Mengenrabatte zu geben.<\/p>\n<p>Einige Artikel k\u00f6nnen eine l\u00e4ngere Lieferzeit in Anspruch nehmen, da sie nicht auf Lager unseres Lieferanten sind. In diesem Fall werden Sie nach Eingang Ihrer Bestellung benachrichtigt. <\/p>\n<p>Wir liefern versandkostenfrei ab einem Bestellwert von CHF. 500.-. Unterhalb dieses Betrags wird eine Pauschale von CHF. 15,90 zu entrichten. <\/p>\n<p>Bei allen Online-Bestellungen f\u00fchren wir immer einen Telefonanruf durch, um sicherzustellen, dass Sie das richtige Produkt f\u00fcr Ihre Bed\u00fcrfnisse ausgew\u00e4hlt haben. So k\u00f6nnen Sie sicher sein, dass Sie die richtige Wahl treffen. <\/p>\n<p>Bitte beachten Sie, dass die Promo-Codes nicht kumulierbar sind und der Rabatt auf Ihrer Bestellung sichtbar ist.<\/p>\n","protected":false},"excerpt":{"rendered":"<p>Geeignet f\u00fcr eine Vielzahl von Verkaufsstellen: Touristenb\u00fcros, Museen, Mediatheken.<\/p>\n","protected":false},"featured_media":105050,"template":"","meta":{"slim_seo":{"title":"Wandregal f\u00fcr Postkarten - Suisse - C.Diff-Prom","description":"Geeignet f\u00fcr eine Vielzahl von Verkaufsstellen: Touristenb\u00fcros, Museen, Mediatheken."}},"product_brand":[],"product_cat":[6349,6401],"product_tag":[6474],"class_list":{"0":"post-105868","1":"product","2":"type-product","3":"status-publish","4":"has-post-thumbnail","6":"product_cat-postkarten-und-strassenkarten","7":"product_cat-zeitungsstander","8":"product_tag-postkarten-und-strasenkarten","10":"first","11":"instock","12":"taxable","13":"shipping-taxable","14":"purchasable","15":"product-type-simple"},"_links":{"self":[{"href":"https:\/\/cdiffprom.ch\/de\/wp-json\/wp\/v2\/product\/105868","targetHints":{"allow":["GET"]}}],"collection":[{"href":"https:\/\/cdiffprom.ch\/de\/wp-json\/wp\/v2\/product"}],"about":[{"href":"https:\/\/cdiffprom.ch\/de\/wp-json\/wp\/v2\/types\/product"}],"wp:featuredmedia":[{"embeddable":true,"href":"https:\/\/cdiffprom.ch\/de\/wp-json\/wp\/v2\/media\/105050"}],"wp:attachment":[{"href":"https:\/\/cdiffprom.ch\/de\/wp-json\/wp\/v2\/media?parent=105868"}],"wp:term":[{"taxonomy":"product_brand","embeddable":true,"href":"https:\/\/cdiffprom.ch\/de\/wp-json\/wp\/v2\/product_brand?post=105868"},{"taxonomy":"product_cat","embeddable":true,"href":"https:\/\/cdiffprom.ch\/de\/wp-json\/wp\/v2\/product_cat?post=105868"},{"taxonomy":"product_tag","embeddable":true,"href":"https:\/\/cdiffprom.ch\/de\/wp-json\/wp\/v2\/product_tag?post=105868"}],"curies":[{"name":"wp","href":"https:\/\/api.w.org\/{rel}","templated":true}]}}