{"id":105869,"date":"2019-07-26T14:57:20","date_gmt":"2019-07-26T12:57:20","guid":{"rendered":"https:\/\/cdiffprom.ch\/produit\/flache-aehre-5-felder-zeitschriften\/"},"modified":"2019-07-26T14:57:20","modified_gmt":"2019-07-26T12:57:20","slug":"flache-aehre-5-felder-zeitschriften","status":"publish","type":"product","link":"https:\/\/cdiffprom.ch\/de\/produit\/flache-aehre-5-felder-zeitschriften\/","title":{"rendered":"Flache \u00c4hre 5 Felder Zeitschriften"},"content":{"rendered":"<ul>\n<li>Verwendung an verschiedenen Verkaufsstellen: Presse, Hotels, \u00f6ffentliche Einrichtungen, Mediatheken 5 F\u00e4cher f\u00fcr horizontale Regale<\/li>\n<li>Ineinandergreifende und modulierbare K\u00e4sten<\/li>\n<li>Verchromter Draht<\/li>\n<\/ul>\n","protected":false},"excerpt":{"rendered":"<p>F\u00fcr ein Maximum an Pr\u00e4sentation auf einem Minimum an Fl\u00e4che f\u00fcr Ihre Zeitungen<\/p>\n","protected":false},"featured_media":102878,"template":"","meta":{"slim_seo":{"title":"Flache \u00c4hre 5 Felder Zeitschriften - Suisse - C.Diff-Prom","description":"F\u00fcr ein Maximum an Pr\u00e4sentation auf einem Minimum an Fl\u00e4che f\u00fcr Ihre Zeitungen"}},"product_brand":[],"product_cat":[6402,6401],"product_tag":[6469],"class_list":{"0":"post-105869","1":"product","2":"type-product","3":"status-publish","4":"has-post-thumbnail","6":"product_cat-regale-fur-presse-und-zeitungen","7":"product_cat-zeitungsstander","8":"product_tag-erganzungen-zu-den-presseregalen","10":"first","11":"instock","12":"taxable","13":"shipping-taxable","14":"purchasable","15":"product-type-simple"},"_links":{"self":[{"href":"https:\/\/cdiffprom.ch\/de\/wp-json\/wp\/v2\/product\/105869","targetHints":{"allow":["GET"]}}],"collection":[{"href":"https:\/\/cdiffprom.ch\/de\/wp-json\/wp\/v2\/product"}],"about":[{"href":"https:\/\/cdiffprom.ch\/de\/wp-json\/wp\/v2\/types\/product"}],"wp:featuredmedia":[{"embeddable":true,"href":"https:\/\/cdiffprom.ch\/de\/wp-json\/wp\/v2\/media\/102878"}],"wp:attachment":[{"href":"https:\/\/cdiffprom.ch\/de\/wp-json\/wp\/v2\/media?parent=105869"}],"wp:term":[{"taxonomy":"product_brand","embeddable":true,"href":"https:\/\/cdiffprom.ch\/de\/wp-json\/wp\/v2\/product_brand?post=105869"},{"taxonomy":"product_cat","embeddable":true,"href":"https:\/\/cdiffprom.ch\/de\/wp-json\/wp\/v2\/product_cat?post=105869"},{"taxonomy":"product_tag","embeddable":true,"href":"https:\/\/cdiffprom.ch\/de\/wp-json\/wp\/v2\/product_tag?post=105869"}],"curies":[{"name":"wp","href":"https:\/\/api.w.org\/{rel}","templated":true}]}}