{"id":105870,"date":"2019-07-26T14:55:56","date_gmt":"2019-07-26T12:55:56","guid":{"rendered":"https:\/\/cdiffprom.ch\/produit\/display-fuer-touristische-broschueren\/"},"modified":"2019-07-26T14:55:56","modified_gmt":"2019-07-26T12:55:56","slug":"display-fuer-touristische-broschueren","status":"publish","type":"product","link":"https:\/\/cdiffprom.ch\/de\/produit\/display-fuer-touristische-broschueren\/","title":{"rendered":"Display f\u00fcr touristische Brosch\u00fcren"},"content":{"rendered":"<h3><strong><span style=\"color: #800000;\">Display f\u00fcr touristische Brosch\u00fcren<\/span><\/strong><\/h3>\n<p>Dieser Prospektst\u00e4nder f\u00fcr touristische Brosch\u00fcren ist ein Muss f\u00fcr jedes Touristenb\u00fcro!<\/p>\n<p>Daher ist er perfekt geeignet f\u00fcr<\/p>\n<ul>\n<li>Reiseb\u00fcros<\/li>\n<li>Fremdenverkehrsb\u00fcros<\/li>\n<\/ul>\n<p>um alle Kataloge, Prospekte und Faltbl\u00e4tter f\u00fcr die Besucher auslegen zu k\u00f6nnen.<\/p>\n<h4><strong><span style=\"color: #800000;\">Merkmale<br \/>\n<\/span><\/strong><\/h4>\n<ul>\n<li>gro\u00dfe Kapazit\u00e4t, 7 Ebenen in Stufen, f\u00fcr alle Formate und insbesondere f\u00fcr 1\/3 A4.<\/li>\n<li>Nutzbreite eine Ebene: 85 cm &#8211; Kapazit\u00e4t in der Dicke: 3.5 cm &#8211; permanente Sichtbarkeit 8.5 cm<\/li>\n<li>wird mit 50 beweglichen Teilern\/Zwischenbl\u00e4ttern geliefert, die die Unterteilung und perfekte Organisation der Pr\u00e4sentation auf den R\u00e4ngen gew\u00e4hrleisten.<\/li>\n<li>erm\u00f6glicht die Organisation anderer Formate, wie Postkarten, A4, A5 und andere.<\/li>\n<li>100 % Metallm\u00f6bel, pulverbeschichtet in &#8222;Schwarz-Hammerschlag&#8220; auf sehr stabilen, beschwerten F\u00fc\u00dfen 50x35x3,5 cm<\/li>\n<li>in 2 Teilen geliefert: Wanne mit Fu\u00df, der mit den mitgelieferten Bolzen zusammengesetzt wird<\/li>\n<li>Gesamtfl\u00e4che installiert: H 111 x B 86 x T 51 cm<\/li>\n<li>sein Gesamtgewicht betr\u00e4gt 25 kg<\/li>\n<\/ul>\n<h4><strong><span style=\"color: #800000;\">N\u00e4mlich :<\/span><\/strong><\/h4>\n<p>Wenn Sie diesen Tourismusprospektst\u00e4nder nur mit 1\/3 A4-Formaten verwenden m\u00f6chten, haben Sie 8 Formate auf einer Ebene, was insgesamt 56 Formate auf den 7 Ebenen ergibt.<\/p>\n<p>Dieser St\u00e4nder ist ideal f\u00fcr die Aufbewahrung und Pr\u00e4sentation von m\u00f6glichst vielen Prospekten.<\/p>\n<p>Z\u00f6gern Sie nicht <span style=\"color: #800000;\"><a style=\"color: #800000;\" href=\"https:\/\/cdiffprom.ch\/elements\/contactez-nous\/\">kontaktieren Sie uns bitte.<\/a><\/span> wenn Sie weitere Informationen ben\u00f6tigen.<\/p>\n<p>&nbsp;<\/p>\n","protected":false},"excerpt":{"rendered":"<p>Display f\u00fcr die Organisation Ihrer pers\u00f6nlichen Formate, A4 und A5<\/p>\n","protected":false},"featured_media":102830,"template":"","meta":{"slim_seo":{"title":"Display f\u00fcr touristische Brosch\u00fcren - Suisse - C.Diff-Prom","description":"Display f\u00fcr die Organisation Ihrer pers\u00f6nlichen Formate, A4 und A5"}},"product_brand":[],"product_cat":[6349,6401],"product_tag":[6474],"class_list":{"0":"post-105870","1":"product","2":"type-product","3":"status-publish","4":"has-post-thumbnail","6":"product_cat-postkarten-und-strassenkarten","7":"product_cat-zeitungsstander","8":"product_tag-postkarten-und-strasenkarten","10":"first","11":"instock","12":"taxable","13":"shipping-taxable","14":"purchasable","15":"product-type-simple"},"_links":{"self":[{"href":"https:\/\/cdiffprom.ch\/de\/wp-json\/wp\/v2\/product\/105870","targetHints":{"allow":["GET"]}}],"collection":[{"href":"https:\/\/cdiffprom.ch\/de\/wp-json\/wp\/v2\/product"}],"about":[{"href":"https:\/\/cdiffprom.ch\/de\/wp-json\/wp\/v2\/types\/product"}],"wp:featuredmedia":[{"embeddable":true,"href":"https:\/\/cdiffprom.ch\/de\/wp-json\/wp\/v2\/media\/102830"}],"wp:attachment":[{"href":"https:\/\/cdiffprom.ch\/de\/wp-json\/wp\/v2\/media?parent=105870"}],"wp:term":[{"taxonomy":"product_brand","embeddable":true,"href":"https:\/\/cdiffprom.ch\/de\/wp-json\/wp\/v2\/product_brand?post=105870"},{"taxonomy":"product_cat","embeddable":true,"href":"https:\/\/cdiffprom.ch\/de\/wp-json\/wp\/v2\/product_cat?post=105870"},{"taxonomy":"product_tag","embeddable":true,"href":"https:\/\/cdiffprom.ch\/de\/wp-json\/wp\/v2\/product_tag?post=105870"}],"curies":[{"name":"wp","href":"https:\/\/api.w.org\/{rel}","templated":true}]}}