{"id":105871,"date":"2019-07-26T15:00:43","date_gmt":"2019-07-26T13:00:43","guid":{"rendered":"https:\/\/cdiffprom.ch\/produit\/wandzeitungsstaender-mit-5-faechern\/"},"modified":"2019-07-26T15:00:43","modified_gmt":"2019-07-26T13:00:43","slug":"wandzeitungsstaender-mit-5-faechern","status":"publish","type":"product","link":"https:\/\/cdiffprom.ch\/de\/produit\/wandzeitungsstaender-mit-5-faechern\/","title":{"rendered":"Wandzeitungsst\u00e4nder mit 5 F\u00e4chern"},"content":{"rendered":"<h3><span style=\"color: #800000;\"><strong>Wandzeitungsst\u00e4nder mit 5 F\u00e4chern<\/strong><\/span><\/h3>\n<p>Dieser Wandzeitungshalter mit 5 F\u00e4chern ist ideal, um Ihre verschiedenen Ausgaben in Ihren Verkaufsstellen zu verteilen.<\/p>\n<ul>\n<li>5 F\u00e4cher in Treppenform, Nutzbreite 42,5 cm, durchschnittliche Kapazit\u00e4t 4 cm<\/li>\n<li>Permanent sichtbarer Rand 13 cm<\/li>\n<li>Geeignet f\u00fcr alle Arten von Dokumenten mit einer Mindesth\u00f6he von 23 cm<\/li>\n<li>Gesamte Gr\u00f6\u00dfe: H\u00f6he 78 cm x Breite 44 cm bei einer Tiefe von 8 cm<\/li>\n<li>4 unsichtbare Befestigungsl\u00f6cher auf der R\u00fcckseite f\u00fcr die Installation<\/li>\n<li>100% Metall mit Epoxydharzlackierung in &#8222;Alu-Grau&#8220;.<\/li>\n<li>Gewicht 1 kg 600<\/li>\n<\/ul>\n<h4><strong><span style=\"color: #800000;\">Lieferbedingungen<\/span>:<br \/>\n<\/strong><\/h4>\n<p>Alle unsere Produkte sind innerhalb von 10 Tagen nach Eingang Ihrer Bestellung lieferbar. Bitte z\u00f6gern Sie nicht, uns zu kontaktieren. <u><a href=\"https:\/\/cdiffprom.ch\/elements\/contactez-nous\/\"><span style=\"color: #800000;\">uns zu kontaktieren.<\/span><\/a><\/u> Wenn Sie einen dringenderen Bedarf haben, k\u00f6nnen wir Ihnen immer eine schnellere L\u00f6sung anbieten. <\/p>\n<p>Einige Artikel k\u00f6nnen eine l\u00e4ngere Lieferzeit in Anspruch nehmen, da sie nicht auf Lager unseres Lieferanten sind. In diesem Fall werden Sie nach Eingang Ihrer Bestellung benachrichtigt. <\/p>\n<p>Wir liefern versandkostenfrei ab einem Bestellwert von CHF. 500.-. Unterhalb dieses Betrags wird eine Pauschale von CHF. 15,90 zu entrichten. <\/p>\n<p>Bei allen Online-Bestellungen f\u00fchren wir immer einen Telefonanruf durch, um sicherzustellen, dass Sie das richtige Produkt f\u00fcr Ihre Bed\u00fcrfnisse ausgew\u00e4hlt haben. So k\u00f6nnen Sie sicher sein, dass Sie die richtige Wahl treffen. <\/p>\n<p>Bitte beachten Sie, dass die Promo-Codes nicht kumulierbar sind und der Rabatt auf Ihrer Bestellung sichtbar ist.<\/p>\n","protected":false},"excerpt":{"rendered":"<p>F\u00fcr alle Zeitungen, Zeitschriften, Dokumente, verschiedene Produkte mit einer maximalen Breite von 42,5 cm oder A3.<\/p>\n","protected":false},"featured_media":102892,"template":"","meta":{"slim_seo":{"title":"Wandzeitungsst\u00e4nder mit 5 F\u00e4chern - Suisse - C.Diff-Prom","description":"F\u00fcr alle Zeitungen, Zeitschriften, Dokumente, verschiedene Produkte mit einer maximalen Breite von 42,5 cm oder A3."}},"product_brand":[],"product_cat":[6475,6388,6358,6401],"product_tag":[6477,6476],"class_list":{"0":"post-105871","1":"product","2":"type-product","3":"status-publish","4":"has-post-thumbnail","6":"product_cat-leitern-fur-presse-und-zeitungen","7":"product_cat-presentoirs","8":"product_cat-wanddisplays","9":"product_cat-zeitungsstander","10":"product_tag-leitern-fur-presse-und-zeitungen","11":"product_tag-wanddisplays","13":"first","14":"instock","15":"taxable","16":"shipping-taxable","17":"purchasable","18":"product-type-simple"},"_links":{"self":[{"href":"https:\/\/cdiffprom.ch\/de\/wp-json\/wp\/v2\/product\/105871","targetHints":{"allow":["GET"]}}],"collection":[{"href":"https:\/\/cdiffprom.ch\/de\/wp-json\/wp\/v2\/product"}],"about":[{"href":"https:\/\/cdiffprom.ch\/de\/wp-json\/wp\/v2\/types\/product"}],"wp:featuredmedia":[{"embeddable":true,"href":"https:\/\/cdiffprom.ch\/de\/wp-json\/wp\/v2\/media\/102892"}],"wp:attachment":[{"href":"https:\/\/cdiffprom.ch\/de\/wp-json\/wp\/v2\/media?parent=105871"}],"wp:term":[{"taxonomy":"product_brand","embeddable":true,"href":"https:\/\/cdiffprom.ch\/de\/wp-json\/wp\/v2\/product_brand?post=105871"},{"taxonomy":"product_cat","embeddable":true,"href":"https:\/\/cdiffprom.ch\/de\/wp-json\/wp\/v2\/product_cat?post=105871"},{"taxonomy":"product_tag","embeddable":true,"href":"https:\/\/cdiffprom.ch\/de\/wp-json\/wp\/v2\/product_tag?post=105871"}],"curies":[{"name":"wp","href":"https:\/\/api.w.org\/{rel}","templated":true}]}}