{"id":105873,"date":"2019-07-26T15:02:43","date_gmt":"2019-07-26T13:02:43","guid":{"rendered":"https:\/\/cdiffprom.ch\/produit\/broschuerenstaender-fuer-vitrinen\/"},"modified":"2019-07-26T15:02:43","modified_gmt":"2019-07-26T13:02:43","slug":"broschuerenstaender-fuer-vitrinen","status":"publish","type":"product","link":"https:\/\/cdiffprom.ch\/de\/produit\/broschuerenstaender-fuer-vitrinen\/","title":{"rendered":"Brosch\u00fcrenst\u00e4nder f\u00fcr Vitrinen"},"content":{"rendered":"<h3><strong><span style=\"color: #800000;\">Brosch\u00fcrenst\u00e4nder f\u00fcr Vitrinen<\/span><\/strong><\/h3>\n<p>Dieser Brosch\u00fcrenst\u00e4nder f\u00fcr Schaufenster ist ein Visitenkartenst\u00e4nder, mit dem Sie Ihrem Schaufenster eine Vielzahl von M\u00f6glichkeiten zur Pr\u00e4sentation geben k\u00f6nnen. Mit diesem Regal k\u00f6nnen Sie verschiedene Publikationen gut sichtbar pr\u00e4sentieren. <\/p>\n<p>Es eignet sich sowohl f\u00fcr Reiseb\u00fcros als auch f\u00fcr Touristeninformationen und Verkaufsstellen, die Kataloge oder Zeitungen auslegen, um die Titelseiten der Ausgaben zu pr\u00e4sentieren.<\/p>\n<h4><span style=\"color: #800000;\"><strong>Merkmale :<\/strong><\/span><\/h4>\n<ul>\n<li>M\u00f6glichkeiten f\u00fcr 3, 4 oder 5 Regale<\/li>\n<li>Regalb\u00f6den aus transparentem Plexiglas H 31 x B 69 cm x 2 cm Vorderkante, \u00fcber die gesamte H\u00f6he des Gestells verstellbar<\/li>\n<li>50 x 25 mm Querschnitt auf 30 x 42 cm Sockel, 6 kg beschwert<\/li>\n<li>Fu\u00df aus naturfarbenem, eloxiertem Aluminium H 177 cm<\/li>\n<li>Tiefe \u00fcber alles: 50 cm<\/li>\n<\/ul>\n<h4><span style=\"color: #800000;\"><strong>Lieferbedingungen :<br \/>\n<\/strong><\/span><\/h4>\n<p>Alle unsere Produkte sind innerhalb von 10 Tagen nach Eingang Ihrer Bestellung lieferbar. Bitte z\u00f6gern Sie nicht, uns zu kontaktieren. <u><a href=\"https:\/\/cdiffprom.ch\/elements\/contactez-nous\/\"><span style=\"color: #800000;\">uns zu kontaktieren.<\/span><\/a><\/u> Wenn Sie einen dringenderen Bedarf haben, k\u00f6nnen wir Ihnen immer eine schnellere L\u00f6sung anbieten. <\/p>\n<p>Einige Artikel k\u00f6nnen eine l\u00e4ngere Lieferzeit in Anspruch nehmen, da sie nicht auf Lager unseres Lieferanten sind. In diesem Fall werden Sie nach Eingang Ihrer Bestellung benachrichtigt. <\/p>\n<p>Wir liefern versandkostenfrei ab einem Bestellwert von CHF. 500.-. Unterhalb dieses Betrags wird eine Pauschale von CHF. 15,90 zu entrichten. <\/p>\n<p>Bei allen Online-Bestellungen f\u00fchren wir immer einen Telefonanruf durch, um sicherzustellen, dass Sie das richtige Produkt f\u00fcr Ihre Bed\u00fcrfnisse ausgew\u00e4hlt haben. So k\u00f6nnen Sie sicher sein, dass Sie die richtige Wahl treffen. <\/p>\n<p>Bitte beachten Sie, dass die Promo-Codes nicht kumulierbar sind und der Rabatt auf Ihrer Bestellung sichtbar ist.<\/p>\n","protected":false},"excerpt":{"rendered":"<p>Um in Ihrem Schaufenster die &#8222;Titelseiten&#8220; Ihrer Neuerscheinungen und Magazine zu pr\u00e4sentieren<\/p>\n","protected":false},"featured_media":102904,"template":"","meta":{"slim_seo":{"title":"Brosch\u00fcrenst\u00e4nder f\u00fcr Vitrinen - Suisse - C.Diff-Prom","description":"Um in Ihrem Schaufenster die \"Titelseiten\" Ihrer Neuerscheinungen und Magazine zu pr\u00e4sentieren"}},"product_brand":[],"product_cat":[6478,6401],"product_tag":[6479],"class_list":{"0":"post-105873","1":"product","2":"type-product","3":"status-publish","4":"has-post-thumbnail","6":"product_cat-broschuren-und-zeitungsstander","7":"product_cat-zeitungsstander","8":"product_tag-broschuren-und-zeitungsstander","10":"first","11":"instock","12":"taxable","13":"shipping-taxable","14":"purchasable","15":"product-type-variable"},"_links":{"self":[{"href":"https:\/\/cdiffprom.ch\/de\/wp-json\/wp\/v2\/product\/105873","targetHints":{"allow":["GET"]}}],"collection":[{"href":"https:\/\/cdiffprom.ch\/de\/wp-json\/wp\/v2\/product"}],"about":[{"href":"https:\/\/cdiffprom.ch\/de\/wp-json\/wp\/v2\/types\/product"}],"wp:featuredmedia":[{"embeddable":true,"href":"https:\/\/cdiffprom.ch\/de\/wp-json\/wp\/v2\/media\/102904"}],"wp:attachment":[{"href":"https:\/\/cdiffprom.ch\/de\/wp-json\/wp\/v2\/media?parent=105873"}],"wp:term":[{"taxonomy":"product_brand","embeddable":true,"href":"https:\/\/cdiffprom.ch\/de\/wp-json\/wp\/v2\/product_brand?post=105873"},{"taxonomy":"product_cat","embeddable":true,"href":"https:\/\/cdiffprom.ch\/de\/wp-json\/wp\/v2\/product_cat?post=105873"},{"taxonomy":"product_tag","embeddable":true,"href":"https:\/\/cdiffprom.ch\/de\/wp-json\/wp\/v2\/product_tag?post=105873"}],"curies":[{"name":"wp","href":"https:\/\/api.w.org\/{rel}","templated":true}]}}