{"id":105874,"date":"2019-07-26T14:57:17","date_gmt":"2019-07-26T12:57:17","guid":{"rendered":"https:\/\/cdiffprom.ch\/produit\/schraeges-regal-grosses-modell\/"},"modified":"2019-07-26T14:57:17","modified_gmt":"2019-07-26T12:57:17","slug":"schraeges-regal-grosses-modell","status":"publish","type":"product","link":"https:\/\/cdiffprom.ch\/de\/produit\/schraeges-regal-grosses-modell\/","title":{"rendered":"Schr\u00e4ges Regal, gro\u00dfes Modell"},"content":{"rendered":"<ul>\n<li>Verwendung an verschiedenen Verkaufsstellen: Presse, Hotels, \u00f6ffentliche Einrichtungen, Mediatheken<\/li>\n<li>In der Breite von 60 bis 100 cm verstellbar<\/li>\n<li>Passt auf alle Arten von Pfosten mit einer Schlitzbreite von mindestens 3 mm.<\/li>\n<li>Verchromter Draht<\/li>\n<\/ul>\n","protected":false},"excerpt":{"rendered":"<p>F\u00fcr ein Maximum an Pr\u00e4sentation auf einem Minimum an Fl\u00e4che f\u00fcr Ihre Zeitungen<\/p>\n","protected":false},"featured_media":102866,"template":"","meta":{"slim_seo":{"title":"Schr\u00e4ges Regal, gro\u00dfes Modell - Suisse - C.Diff-Prom","description":"F\u00fcr ein Maximum an Pr\u00e4sentation auf einem Minimum an Fl\u00e4che f\u00fcr Ihre Zeitungen"}},"product_brand":[],"product_cat":[6402,6401],"product_tag":[6469],"class_list":{"0":"post-105874","1":"product","2":"type-product","3":"status-publish","4":"has-post-thumbnail","6":"product_cat-regale-fur-presse-und-zeitungen","7":"product_cat-zeitungsstander","8":"product_tag-erganzungen-zu-den-presseregalen","10":"first","11":"instock","12":"taxable","13":"shipping-taxable","14":"purchasable","15":"product-type-simple"},"_links":{"self":[{"href":"https:\/\/cdiffprom.ch\/de\/wp-json\/wp\/v2\/product\/105874","targetHints":{"allow":["GET"]}}],"collection":[{"href":"https:\/\/cdiffprom.ch\/de\/wp-json\/wp\/v2\/product"}],"about":[{"href":"https:\/\/cdiffprom.ch\/de\/wp-json\/wp\/v2\/types\/product"}],"wp:featuredmedia":[{"embeddable":true,"href":"https:\/\/cdiffprom.ch\/de\/wp-json\/wp\/v2\/media\/102866"}],"wp:attachment":[{"href":"https:\/\/cdiffprom.ch\/de\/wp-json\/wp\/v2\/media?parent=105874"}],"wp:term":[{"taxonomy":"product_brand","embeddable":true,"href":"https:\/\/cdiffprom.ch\/de\/wp-json\/wp\/v2\/product_brand?post=105874"},{"taxonomy":"product_cat","embeddable":true,"href":"https:\/\/cdiffprom.ch\/de\/wp-json\/wp\/v2\/product_cat?post=105874"},{"taxonomy":"product_tag","embeddable":true,"href":"https:\/\/cdiffprom.ch\/de\/wp-json\/wp\/v2\/product_tag?post=105874"}],"curies":[{"name":"wp","href":"https:\/\/api.w.org\/{rel}","templated":true}]}}